{"id":21533,"date":"2026-02-27T00:12:21","date_gmt":"2026-02-27T00:12:21","guid":{"rendered":"https:\/\/nordicmart.andreevmaster.com\/product\/parasol-200-cm-parasol\/"},"modified":"2026-02-27T08:56:28","modified_gmt":"2026-02-27T08:56:28","slug":"parasol-200-cm-parasol","status":"publish","type":"product","link":"https:\/\/nordicmart.andreevmaster.com\/da\/vare\/parasol-200-cm-parasol\/","title":{"rendered":"Parasol, 200 cm, parasol"},"content":{"rendered":"<p>Nyd det smukke vejr i skyggen! Udend\u00f8rss\u00e6sonen er begyndt, og det er tid til at tage ud i haven, p\u00e5 terrassen eller til stranden! Men v\u00e6r forsigtig! Glem ikke at beskytte dig mod solen! N\u00e5r du endelig erobrer din udend\u00f8rs plads tilbage efter de lange, kolde vinterdage og inviterer dine venner til grillfest, er det det perfekte tidspunkt at bruge din nye SONGMIC-parasol! Sommerens must-have Denne parasol kan foldes til venstre og h\u00f8jre. S\u00e5 kan du justere den efter tidspunktet p\u00e5 dagen og lysets indfaldsvinkel. Parasollens diameter er 1,8 meter og h\u00f8jden 2,3 meter. Parasollen har s\u00e5ledes plads til 1-2 personer. Parasollens stang er ogs\u00e5 fremstillet af rustfrit st\u00e5l. Polyesterbeskyttelsesdugen giver ogs\u00e5 en fremragende UV-beskyttelse op til UPF 50+. Produktoplysninger: Farve: Beige Materiale: Pulverlakeret st\u00e5lparasolstang, 160 g\/m\u00b2 polyesterstof med PA-bel\u00e6gning, glasfiberparasolribber Bue l\u00e6ngde: V\u00e6gt: 2 kg Leveringsomfang: 1 x parasol 1 x transporttaske 1 x sikkerhedsl\u00e5s SONGICS Bem\u00e6rkninger: Parasolens fod medf\u00f8lger ikke. \u00c5bn ikke parasollen med magt, men forsigtigt og langsomt.Luk parasollen om natten, ved kraftig vind eller regnvejr for at undg\u00e5 skader. Beskyt parasollen med et beskyttelsescover (medf\u00f8lger ikke), s\u00e5 den holder l\u00e6ngere. Luk parasollen langsomt for at undg\u00e5 at klemme fingrene.<\/p>\n","protected":false},"excerpt":{"rendered":"<p>Nyd det smukke vejr i skyggen! Udend\u00f8rss\u00e6sonen er begyndt, og det er tid til at tage ud i haven, p\u00e5 terrassen eller til stranden! Men v\u00e6r forsigtig! Glem ikke at beskytte dig mod solen! N\u00e5r du endelig erobrer din udend\u00f8rs plads tilbage efter de lange, kolde vinterdage og inviterer dine venner til grillfest, er det [&hellip;]<\/p>\n","protected":false},"featured_media":0,"comment_status":"open","ping_status":"closed","template":"","meta":[],"product_brand":[],"product_cat":[31],"product_tag":[],"class_list":{"0":"post-21533","1":"product","2":"type-product","3":"status-publish","5":"product_cat-uncategorized-da","7":"first","8":"instock","9":"shipping-taxable","10":"product-type-simple"},"_links":{"self":[{"href":"https:\/\/nordicmart.andreevmaster.com\/da\/wp-json\/wp\/v2\/product\/21533","targetHints":{"allow":["GET"]}}],"collection":[{"href":"https:\/\/nordicmart.andreevmaster.com\/da\/wp-json\/wp\/v2\/product"}],"about":[{"href":"https:\/\/nordicmart.andreevmaster.com\/da\/wp-json\/wp\/v2\/types\/product"}],"replies":[{"embeddable":true,"href":"https:\/\/nordicmart.andreevmaster.com\/da\/wp-json\/wp\/v2\/comments?post=21533"}],"wp:attachment":[{"href":"https:\/\/nordicmart.andreevmaster.com\/da\/wp-json\/wp\/v2\/media?parent=21533"}],"wp:term":[{"taxonomy":"product_brand","embeddable":true,"href":"https:\/\/nordicmart.andreevmaster.com\/da\/wp-json\/wp\/v2\/product_brand?post=21533"},{"taxonomy":"product_cat","embeddable":true,"href":"https:\/\/nordicmart.andreevmaster.com\/da\/wp-json\/wp\/v2\/product_cat?post=21533"},{"taxonomy":"product_tag","embeddable":true,"href":"https:\/\/nordicmart.andreevmaster.com\/da\/wp-json\/wp\/v2\/product_tag?post=21533"}],"curies":[{"name":"wp","href":"https:\/\/api.w.org\/{rel}","templated":true}]}}