{"id":21531,"date":"2026-02-27T00:12:20","date_gmt":"2026-02-27T00:12:20","guid":{"rendered":"https:\/\/nordicmart.andreevmaster.com\/product\/parasol-160-cm-solbeskyttelse-upf-50\/"},"modified":"2026-02-27T08:56:28","modified_gmt":"2026-02-27T08:56:28","slug":"parasol-160-cm-solbeskyttelse-upf-50","status":"publish","type":"product","link":"https:\/\/nordicmart.andreevmaster.com\/da\/vare\/parasol-160-cm-solbeskyttelse-upf-50\/","title":{"rendered":"Parasol 160 cm, solbeskyttelse, UPF 50+."},"content":{"rendered":"<p>Nyd det smukke vejr i skyggen! Udend\u00f8rss\u00e6sonen er begyndt, og det er tid til at tage ud i haven, p\u00e5 terrassen eller til stranden! Men v\u00e6r forsigtig! Glem ikke at bruge tilstr\u00e6kkelig solcreme! N\u00e5r du endelig kan nyde din udend\u00f8rs plads igen efter de lange, kolde vinterdage og invitere dine venner til grillfest, er det det perfekte tidspunkt at bruge din nye SONGMIC-parasol! Sommerens must-have Denne parasol kan foldes til venstre og h\u00f8jre. S\u00e5 kan du justere den efter tidspunktet p\u00e5 dagen og lysets indfaldsvinkel. Parasollens diameter er 1,6 meter og h\u00f8jden 2,1 meter. Parasollen har s\u00e5ledes plads til 1-2 personer. Parasollens stang er ogs\u00e5 fremstillet af rustfrit st\u00e5l. Parasollens stof, der er fremstillet af polyester, giver ogs\u00e5 en fremragende UV-beskyttelse op til UPF 50+. Produktoplysninger: &#8211; Farve: Beige &#8211; Materiale: Gul: Pulverlakeret st\u00e5l, 160 g\/m\u00b2 polyester, glasfiber &#8211; H\u00f8jde: 2,1 m &#8211; Bue l\u00e6ngde: 1,8 m &#8211; \u00d8 parasol: 1,6 m &#8211; \u00d8 parasolstang: 22\/25 mm, v\u00e6gtykkelse: 0,5 mm &#8211; V\u00e6gt: 1,6 kg Leveringsomfang: &#8211; 1 x parasol &#8211; 1 x b\u00e6retaske SONGICS Bem\u00e6rkninger: &#8211; Parasolens fod medf\u00f8lger ikke. Luk parasollen om natten og ved kraftig vind.- Denne parasol anbefales ikke til brug i regnvejr.<\/p>\n","protected":false},"excerpt":{"rendered":"<p>Nyd det smukke vejr i skyggen! Udend\u00f8rss\u00e6sonen er begyndt, og det er tid til at tage ud i haven, p\u00e5 terrassen eller til stranden! Men v\u00e6r forsigtig! Glem ikke at bruge tilstr\u00e6kkelig solcreme! N\u00e5r du endelig kan nyde din udend\u00f8rs plads igen efter de lange, kolde vinterdage og invitere dine venner til grillfest, er det [&hellip;]<\/p>\n","protected":false},"featured_media":0,"comment_status":"open","ping_status":"closed","template":"","meta":[],"product_brand":[],"product_cat":[31],"product_tag":[],"class_list":{"0":"post-21531","1":"product","2":"type-product","3":"status-publish","5":"product_cat-uncategorized-da","7":"first","8":"instock","9":"shipping-taxable","10":"product-type-simple"},"_links":{"self":[{"href":"https:\/\/nordicmart.andreevmaster.com\/da\/wp-json\/wp\/v2\/product\/21531","targetHints":{"allow":["GET"]}}],"collection":[{"href":"https:\/\/nordicmart.andreevmaster.com\/da\/wp-json\/wp\/v2\/product"}],"about":[{"href":"https:\/\/nordicmart.andreevmaster.com\/da\/wp-json\/wp\/v2\/types\/product"}],"replies":[{"embeddable":true,"href":"https:\/\/nordicmart.andreevmaster.com\/da\/wp-json\/wp\/v2\/comments?post=21531"}],"wp:attachment":[{"href":"https:\/\/nordicmart.andreevmaster.com\/da\/wp-json\/wp\/v2\/media?parent=21531"}],"wp:term":[{"taxonomy":"product_brand","embeddable":true,"href":"https:\/\/nordicmart.andreevmaster.com\/da\/wp-json\/wp\/v2\/product_brand?post=21531"},{"taxonomy":"product_cat","embeddable":true,"href":"https:\/\/nordicmart.andreevmaster.com\/da\/wp-json\/wp\/v2\/product_cat?post=21531"},{"taxonomy":"product_tag","embeddable":true,"href":"https:\/\/nordicmart.andreevmaster.com\/da\/wp-json\/wp\/v2\/product_tag?post=21531"}],"curies":[{"name":"wp","href":"https:\/\/api.w.org\/{rel}","templated":true}]}}