{"id":21526,"date":"2026-02-27T00:12:19","date_gmt":"2026-02-27T00:12:19","guid":{"rendered":"https:\/\/nordicmart.andreevmaster.com\/product\/parasol-300-cm-upf-50-parasol-strandparasol\/"},"modified":"2026-02-27T08:56:27","modified_gmt":"2026-02-27T08:56:27","slug":"parasol-300-cm-upf-50-parasol-strandparasol","status":"publish","type":"product","link":"https:\/\/nordicmart.andreevmaster.com\/da\/vare\/parasol-300-cm-upf-50-parasol-strandparasol\/","title":{"rendered":"Parasol 300 cm, UPF 50+, parasol, strandparasol"},"content":{"rendered":"<p>Nyd det smukke vejr i skyggen! Udend\u00f8rss\u00e6sonen er begyndt, og det er tid til at tage ud i haven, p\u00e5 terrassen eller p\u00e5 stranden! Men v\u00e6r forsigtig! Glem ikke at bruge tilstr\u00e6kkelig solbeskyttelse! N\u00e5r du endelig kan nyde din udend\u00f8rs plads igen efter de lange, kolde vinterdage og invitere dine venner til grillfest, er det det perfekte tidspunkt at bruge din nye SONGMIC-parasol! Sommerens must-have Denne parasol kan foldes til venstre og h\u00f8jre. S\u00e5 kan du justere den efter tidspunktet p\u00e5 dagen og lysets indfaldsvinkel. Parasollens diameter er 3 meter og h\u00f8jden 2,4 meter. Parasollen har plads til 4-6 personer. Parasollens stang er ogs\u00e5 fremstillet af rustfrit st\u00e5l. Robust og holdbart beskyttelsesstof UV-beskyttelsesstoffet (UPF 50+) er fremstillet af 100 % polyester, det er vandafvisende og farvefast. Det har ogs\u00e5 flere ventilations\u00e5bninger. Dette g\u00f8r, at parasollen bedre kan modst\u00e5 vind. Beskyttelsesdugen kan ogs\u00e5 tages af og vaskes i h\u00e5nden. Produktoplysninger: &#8211; Farve: gr\u00e5 &#8211; Materiale: pulverlakeret st\u00e5l, 180 g\/m\u00b2 polyester &#8211; H\u00f8jde: 2,4 m &#8211; \u00d8 parasol: 3 m &#8211; \u00d8 parasolstang: 36\/38 mm, v\u00e6gtykkelse: 1 mm &#8211; V\u00e6gt: 6,2 kg Leveringsomfang: &#8211; 1 x parasol SONGICS Bem\u00e6rkninger: &#8211; Parasolens fod medf\u00f8lger ikke.- Luk parasollen om natten og ved kraftig vind.- Denne parasol anbefales ikke til brug i regnvejr.<\/p>\n","protected":false},"excerpt":{"rendered":"<p>Nyd det smukke vejr i skyggen! Udend\u00f8rss\u00e6sonen er begyndt, og det er tid til at tage ud i haven, p\u00e5 terrassen eller p\u00e5 stranden! Men v\u00e6r forsigtig! Glem ikke at bruge tilstr\u00e6kkelig solbeskyttelse! N\u00e5r du endelig kan nyde din udend\u00f8rs plads igen efter de lange, kolde vinterdage og invitere dine venner til grillfest, er det [&hellip;]<\/p>\n","protected":false},"featured_media":0,"comment_status":"open","ping_status":"closed","template":"","meta":[],"product_brand":[],"product_cat":[31],"product_tag":[],"class_list":{"0":"post-21526","1":"product","2":"type-product","3":"status-publish","5":"product_cat-uncategorized-da","7":"first","8":"instock","9":"shipping-taxable","10":"product-type-simple"},"_links":{"self":[{"href":"https:\/\/nordicmart.andreevmaster.com\/da\/wp-json\/wp\/v2\/product\/21526","targetHints":{"allow":["GET"]}}],"collection":[{"href":"https:\/\/nordicmart.andreevmaster.com\/da\/wp-json\/wp\/v2\/product"}],"about":[{"href":"https:\/\/nordicmart.andreevmaster.com\/da\/wp-json\/wp\/v2\/types\/product"}],"replies":[{"embeddable":true,"href":"https:\/\/nordicmart.andreevmaster.com\/da\/wp-json\/wp\/v2\/comments?post=21526"}],"wp:attachment":[{"href":"https:\/\/nordicmart.andreevmaster.com\/da\/wp-json\/wp\/v2\/media?parent=21526"}],"wp:term":[{"taxonomy":"product_brand","embeddable":true,"href":"https:\/\/nordicmart.andreevmaster.com\/da\/wp-json\/wp\/v2\/product_brand?post=21526"},{"taxonomy":"product_cat","embeddable":true,"href":"https:\/\/nordicmart.andreevmaster.com\/da\/wp-json\/wp\/v2\/product_cat?post=21526"},{"taxonomy":"product_tag","embeddable":true,"href":"https:\/\/nordicmart.andreevmaster.com\/da\/wp-json\/wp\/v2\/product_tag?post=21526"}],"curies":[{"name":"wp","href":"https:\/\/api.w.org\/{rel}","templated":true}]}}