{"id":21506,"date":"2026-02-27T00:12:15","date_gmt":"2026-02-27T00:12:15","guid":{"rendered":"https:\/\/nordicmart.andreevmaster.com\/product\/haveparasol-o-200-cm-solbeskyttelse-2\/"},"modified":"2026-02-27T08:56:24","modified_gmt":"2026-02-27T08:56:24","slug":"haveparasol-o-200-cm-solbeskyttelse-2","status":"publish","type":"product","link":"https:\/\/nordicmart.andreevmaster.com\/da\/vare\/haveparasol-o-200-cm-solbeskyttelse-2\/","title":{"rendered":"Haveparasol \u00d8 200 cm Solbeskyttelse"},"content":{"rendered":"<p>Nyd det smukke vejr i skyggen! Udend\u00f8rss\u00e6sonen er begyndt, og det er tid til at g\u00e5 ud i haven, p\u00e5 terrassen eller p\u00e5 stranden! Men v\u00e6r forsigtig! Glem ikke tilstr\u00e6kkelig solbeskyttelse! N\u00e5r du endelig genvinder dit uderum efter lange, kolde vinterdage og inviterer dine venner over til en grillaften, er det det perfekte tidspunkt at bruge din nye parasol fra SONGMICS! Et must-have til sommeren Denne parasol kan foldes til venstre og h\u00f8jre. Det giver dig mulighed for at tilpasse den til tidspunktet p\u00e5 dagen og lysets indfaldsvinkel. Parasollen har en diameter p\u00e5 1,8 meter og en h\u00f8jde p\u00e5 2,3 meter. Der er derfor plads til 1 til 2 personer under parasollen. Parasolstangen er ogs\u00e5 lavet af rustfrit st\u00e5l. Det beskyttende polyesterstof giver ogs\u00e5 fremragende UV-beskyttelse op til UPF 50+. Produktdetaljer:- Farve: Orange- Materiale: Pulverlakeret st\u00e5l, 160 g\/m\u00b2 polyester, glasfiber- H\u00f8jde: 2,3 m- L\u00e6ngde p\u00e5 bue: 2 m- \u00d8 parasol: 1,8 m- \u00d8 parasolstang: 22\/25 mm, v\u00e6gt: 0,5 mm- V\u00e6gt: 2 kgLeveringsomfang:- 1 x parasol- 1 x b\u00e6retaskeSONGMICS Bem\u00e6rkninger:- Et parasolstativ er ikke inkluderet i leveringen. Luk parasollen om natten og i st\u00e6rk vind- Det anbefales ikke at bruge denne parasol i regnvejr.<\/p>\n","protected":false},"excerpt":{"rendered":"<p>Nyd det smukke vejr i skyggen! Udend\u00f8rss\u00e6sonen er begyndt, og det er tid til at g\u00e5 ud i haven, p\u00e5 terrassen eller p\u00e5 stranden! Men v\u00e6r forsigtig! Glem ikke tilstr\u00e6kkelig solbeskyttelse! N\u00e5r du endelig genvinder dit uderum efter lange, kolde vinterdage og inviterer dine venner over til en grillaften, er det det perfekte tidspunkt at [&hellip;]<\/p>\n","protected":false},"featured_media":0,"comment_status":"open","ping_status":"closed","template":"","meta":[],"product_brand":[],"product_cat":[31],"product_tag":[],"class_list":{"0":"post-21506","1":"product","2":"type-product","3":"status-publish","5":"product_cat-uncategorized-da","7":"first","8":"instock","9":"shipping-taxable","10":"product-type-simple"},"_links":{"self":[{"href":"https:\/\/nordicmart.andreevmaster.com\/da\/wp-json\/wp\/v2\/product\/21506","targetHints":{"allow":["GET"]}}],"collection":[{"href":"https:\/\/nordicmart.andreevmaster.com\/da\/wp-json\/wp\/v2\/product"}],"about":[{"href":"https:\/\/nordicmart.andreevmaster.com\/da\/wp-json\/wp\/v2\/types\/product"}],"replies":[{"embeddable":true,"href":"https:\/\/nordicmart.andreevmaster.com\/da\/wp-json\/wp\/v2\/comments?post=21506"}],"wp:attachment":[{"href":"https:\/\/nordicmart.andreevmaster.com\/da\/wp-json\/wp\/v2\/media?parent=21506"}],"wp:term":[{"taxonomy":"product_brand","embeddable":true,"href":"https:\/\/nordicmart.andreevmaster.com\/da\/wp-json\/wp\/v2\/product_brand?post=21506"},{"taxonomy":"product_cat","embeddable":true,"href":"https:\/\/nordicmart.andreevmaster.com\/da\/wp-json\/wp\/v2\/product_cat?post=21506"},{"taxonomy":"product_tag","embeddable":true,"href":"https:\/\/nordicmart.andreevmaster.com\/da\/wp-json\/wp\/v2\/product_tag?post=21506"}],"curies":[{"name":"wp","href":"https:\/\/api.w.org\/{rel}","templated":true}]}}