{"id":21500,"date":"2026-02-27T00:12:14","date_gmt":"2026-02-27T00:12:14","guid":{"rendered":"https:\/\/nordicmart.andreevmaster.com\/product\/2-m-parasol-strandparaply-upf-50-solbeskyttelse-baerbar-ottekantet-polyesterbaldakin-glasfiberribber-vippemekanisme-baeretaske-til-strand-have-balkon-pool-taupe-gpu65brv1-2\/"},"modified":"2026-02-27T08:56:23","modified_gmt":"2026-02-27T08:56:23","slug":"2-m-parasol-strandparaply-upf-50-solbeskyttelse-baerbar-ottekantet-polyesterbaldakin-glasfiberribber-vippemekanisme-baeretaske-til-strand-have-balkon-pool-taupe-gpu65brv1-2","status":"publish","type":"product","link":"https:\/\/nordicmart.andreevmaster.com\/da\/vare\/2-m-parasol-strandparaply-upf-50-solbeskyttelse-baerbar-ottekantet-polyesterbaldakin-glasfiberribber-vippemekanisme-baeretaske-til-strand-have-balkon-pool-taupe-gpu65brv1-2\/","title":{"rendered":"2 m parasol, strandparaply, UPF 50+, solbeskyttelse, b\u00e6rbar ottekantet polyesterbaldakin, glasfiberribber, vippemekanisme, b\u00e6retaske, til strand, have, balkon, pool, Taupe GPU65BRV1"},"content":{"rendered":"<p>Det rigtige husly: Skal du tilbringe lange dage p\u00e5 stranden, m\u00e5ske endda med b\u00f8rn? St\u00e6rk UV-beskyttelse er et must! Ligesom denne parasol, der har en PA-belagt baldakin, som giver fremragende UPF 50+-beskyttelse.Lad den f\u00f8lge dig: Vil du slappe af i liggestolen p\u00e5 stranden hele dagen? Det er ikke noget problem! Du kan nemt vippe denne parasol med dens robuste zinklegeringsled, s\u00e5 du altid kan v\u00e6re i skyggen uden hele tiden at skulle bev\u00e6ge dig rundt. Nyd brisen! N\u00e5r der bl\u00e6ser en k\u00f8lig brise, kan du nyde den i stedet for at bekymre dig om, at parasollen svajer eller g\u00e5r i stykker: Luftventilen i toppen lader luft passere, mens glasfiberribberne giver stabil st\u00f8tte til baldakinen. <\/p>\n<p>Uanset hvor du skal hen: En smuk dag p\u00e5 stranden? Camping med vennerne? Eller en picnic med familien? Opbevar denne lette strandparaply i den medf\u00f8lgende praktiske b\u00e6retaske, s\u00e5 du nemt kan transportere den, og den vil deltage i alle dine lykkelige \u00f8jeblikke udend\u00f8rs.<\/p>\n<p>En k\u00f8lig oase p\u00e5 et \u00f8jeblik: Bare skru toppen af stangen fast i bunden, fastg\u00f8r stangen til en base (medf\u00f8lger ikke), \u00e5bn parasollen, fastg\u00f8r den med metalproppen, og s\u00e5 er du allerede i gang med at forfriske din terrasse, altan eller have!<\/p>\n<p>Nyd det gode vejr i skyggen! Udend\u00f8rss\u00e6sonen er begyndt, og det er tid til at g\u00f8re din have, terrasse eller strand usikker! Men v\u00e6r forsigtig! Glem ikke tilstr\u00e6kkelig solbeskyttelse! N\u00e5r du endelig indtager dit uderum efter lange, kolde vinterdage og inviterer dine venner til grillfest, er det det perfekte tidspunkt at bruge din nye parasol fra SONGMICS! Et must-have til sommeren Denne parasol kan foldes til venstre og h\u00f8jre. Det giver dig mulighed for at tilpasse den til tidspunktet p\u00e5 dagen og lysets indfaldsvinkel. Parasollen har en diameter p\u00e5 1,8 meter og en h\u00f8jde p\u00e5 2,3 meter. Der er derfor plads til 1 til 2 personer under parasollen. Parasolstangen er ogs\u00e5 lavet af rustfrit st\u00e5l. Parasolstoffet i polyester giver ogs\u00e5 en fremragende UV-beskyttelse op til UPF 50+. Produktdetaljer:- Farve: Taupe- Materiale: Pulverlakeret st\u00e5l, 160 g\/m\u00b2 polyester, glasfiber- H\u00f8jde: 2,3 m- L\u00e6ngde p\u00e5 bue: 2 m- \u00d8 parasol: 1,8 m- \u00d8 parasolstang: 22\/25 mm, v\u00e6gt: 0,5 mm- V\u00e6gt: 2 kgLeveringsomfang:- 1 x parasol- 1 x b\u00e6retaskeSONGMICS Bem\u00e6rkninger:- Et parasolstativ er ikke inkluderet i leveringen. Luk parasollen om natten og i st\u00e6rk vind &#8211; Det anbefales ikke at bruge denne parasol i regnvejr.<\/p>\n","protected":false},"excerpt":{"rendered":"<p>Det rigtige husly: Skal du tilbringe lange dage p\u00e5 stranden, m\u00e5ske endda med b\u00f8rn? St\u00e6rk UV-beskyttelse er et must! Ligesom denne parasol, der har en PA-belagt baldakin, som giver fremragende UPF 50+-beskyttelse.Lad den f\u00f8lge dig: Vil du slappe af i liggestolen p\u00e5 stranden hele dagen? Det er ikke noget problem! Du kan nemt vippe denne [&hellip;]<\/p>\n","protected":false},"featured_media":0,"comment_status":"open","ping_status":"closed","template":"","meta":[],"product_brand":[],"product_cat":[31],"product_tag":[],"class_list":{"0":"post-21500","1":"product","2":"type-product","3":"status-publish","5":"product_cat-uncategorized-da","7":"first","8":"instock","9":"shipping-taxable","10":"product-type-simple"},"_links":{"self":[{"href":"https:\/\/nordicmart.andreevmaster.com\/da\/wp-json\/wp\/v2\/product\/21500","targetHints":{"allow":["GET"]}}],"collection":[{"href":"https:\/\/nordicmart.andreevmaster.com\/da\/wp-json\/wp\/v2\/product"}],"about":[{"href":"https:\/\/nordicmart.andreevmaster.com\/da\/wp-json\/wp\/v2\/types\/product"}],"replies":[{"embeddable":true,"href":"https:\/\/nordicmart.andreevmaster.com\/da\/wp-json\/wp\/v2\/comments?post=21500"}],"wp:attachment":[{"href":"https:\/\/nordicmart.andreevmaster.com\/da\/wp-json\/wp\/v2\/media?parent=21500"}],"wp:term":[{"taxonomy":"product_brand","embeddable":true,"href":"https:\/\/nordicmart.andreevmaster.com\/da\/wp-json\/wp\/v2\/product_brand?post=21500"},{"taxonomy":"product_cat","embeddable":true,"href":"https:\/\/nordicmart.andreevmaster.com\/da\/wp-json\/wp\/v2\/product_cat?post=21500"},{"taxonomy":"product_tag","embeddable":true,"href":"https:\/\/nordicmart.andreevmaster.com\/da\/wp-json\/wp\/v2\/product_tag?post=21500"}],"curies":[{"name":"wp","href":"https:\/\/api.w.org\/{rel}","templated":true}]}}