{"id":21471,"date":"2026-02-27T00:12:08","date_gmt":"2026-02-27T00:12:08","guid":{"rendered":"https:\/\/nordicmart.andreevmaster.com\/product\/290-cm-haveparasol-upf-50-solafskaermning-30-haeldning-i-2-retninger-handsving-til-abning-og-lukning-til-udendors-haver-pool-balkon-terrasse-fod-medfolger-ikke-taupe-gpu30brv1-2\/"},"modified":"2026-02-27T08:56:18","modified_gmt":"2026-02-27T08:56:18","slug":"290-cm-haveparasol-upf-50-solafskaermning-30-haeldning-i-2-retninger-handsving-til-abning-og-lukning-til-udendors-haver-pool-balkon-terrasse-fod-medfolger-ikke-taupe-gpu30brv1-2","status":"publish","type":"product","link":"https:\/\/nordicmart.andreevmaster.com\/da\/vare\/290-cm-haveparasol-upf-50-solafskaermning-30-haeldning-i-2-retninger-handsving-til-abning-og-lukning-til-udendors-haver-pool-balkon-terrasse-fod-medfolger-ikke-taupe-gpu30brv1-2\/","title":{"rendered":"290 cm haveparasol, UPF 50+, solafsk\u00e6rmning, 30\u00b0 h\u00e6ldning i 2 retninger, h\u00e5ndsving til \u00e5bning og lukning, til udend\u00f8rs haver, pool, balkon, terrasse, fod medf\u00f8lger ikke, Taupe GPU30BRV1"},"content":{"rendered":"<p>[Let at \u00e5bne og lukke] Du skal blot dreje p\u00e5 h\u00e5ndsvinget for at \u00e5bne og lukke denne parasolparaply. Hurtigt og nemt!<\/p>\n<p>[Dobbeltsidet h\u00e6ldning] Parasollens baldakin kan vippe 30\u00b0 i 2 modsatte retninger &#8211; du skal blot trykke p\u00e5 knappen p\u00e5 leddet for at vippe den. Zinklegeringsleddet er st\u00e6rkere og sikrere end almindelige aluminiumslegeringer.[Beskyt dig mod sol og regn] Parasollens 180 g\/m\u00b2 polyesterdug med UPF 50+ solbeskyttelse blokerer for mere end 98 % af UV-str\u00e5lerne. Det er ogs\u00e5 vandafvisende for at beskytte dig mod regn.<\/p>\n<p>[Robuste og holdbare ribber] Ribberne p\u00e5 denne haveparaply er st\u00e6rke og holdbare, da de er lavet af pulverlakeret kvalitetsst\u00e5l, der er rustbestandigt og har en lang levetid.[Velegnet til forskellige steder] Denne dia. 290 cm haveparasol kan give skygge til 4-6 personer i haven, p\u00e5 terrassen, ved poolen, p\u00e5 altanen eller andre steder. Nyd det smukke vejr i skyggen! Udend\u00f8rss\u00e6sonen er begyndt, og det er tid til at g\u00f8re haven, terrassen eller stranden usikker! Men v\u00e6r forsigtig! Glem ikke tilstr\u00e6kkelig solbeskyttelse! N\u00e5r du endelig genvinder dit uderum efter lange, kolde vinterdage og inviterer dine venner over til en grillaften, er det det perfekte tidspunkt at bruge din nye parasol fra SONGMICS! Et must-have til sommeren Denne parasol kan foldes til venstre og h\u00f8jre. Det giver dig mulighed for at tilpasse den til tidspunktet p\u00e5 dagen og lysets vinkel. Parasollen har en diameter p\u00e5 3 meter og en h\u00f8jde p\u00e5 2,4 meter. Der er derfor plads til 4 til 6 personer under parasollen. Parasolstangen er ogs\u00e5 lavet af rustfrit st\u00e5l. Robust og slidst\u00e6rkt beskyttelsesstof Anti-UV-beskyttelsesstoffet (UPF 50+) er lavet af 100 % polyester, er vandafvisende og farve\u00e6gte. Det har ogs\u00e5 en r\u00e6kke ventilations\u00e5bninger. Det g\u00f8r, at haveparasollen bedre kan modst\u00e5 vinden. Beskyttelsesbetr\u00e6kket er ogs\u00e5 aftageligt og kan vaskes i h\u00e5nden. Produktdetaljer:- Farve: Taupe- Materiale: Pulverlakeret st\u00e5l, 180 g\/m\u00b2 polyester- H\u00f8jde: 2,4 m- \u00d8 parasol: 3 m- \u00d8 parasolstang: 36\/38 mm, v\u00e6gt: 1 mm- V\u00e6gt: 6,2 kgLeveringsomfang:- 1 x parasolSONGMICS Bem\u00e6rkninger:- Der medf\u00f8lger ikke en parasolfod.- Luk parasollen om natten og i st\u00e6rk vind.- Det anbefales ikke at bruge denne parasol i regnvejr.<\/p>\n","protected":false},"excerpt":{"rendered":"<p>[Let at \u00e5bne og lukke] Du skal blot dreje p\u00e5 h\u00e5ndsvinget for at \u00e5bne og lukke denne parasolparaply. Hurtigt og nemt! [Dobbeltsidet h\u00e6ldning] Parasollens baldakin kan vippe 30\u00b0 i 2 modsatte retninger &#8211; du skal blot trykke p\u00e5 knappen p\u00e5 leddet for at vippe den. Zinklegeringsleddet er st\u00e6rkere og sikrere end almindelige aluminiumslegeringer.[Beskyt dig mod [&hellip;]<\/p>\n","protected":false},"featured_media":0,"comment_status":"open","ping_status":"closed","template":"","meta":[],"product_brand":[],"product_cat":[31],"product_tag":[],"class_list":{"0":"post-21471","1":"product","2":"type-product","3":"status-publish","5":"product_cat-uncategorized-da","7":"first","8":"instock","9":"shipping-taxable","10":"product-type-simple"},"_links":{"self":[{"href":"https:\/\/nordicmart.andreevmaster.com\/da\/wp-json\/wp\/v2\/product\/21471","targetHints":{"allow":["GET"]}}],"collection":[{"href":"https:\/\/nordicmart.andreevmaster.com\/da\/wp-json\/wp\/v2\/product"}],"about":[{"href":"https:\/\/nordicmart.andreevmaster.com\/da\/wp-json\/wp\/v2\/types\/product"}],"replies":[{"embeddable":true,"href":"https:\/\/nordicmart.andreevmaster.com\/da\/wp-json\/wp\/v2\/comments?post=21471"}],"wp:attachment":[{"href":"https:\/\/nordicmart.andreevmaster.com\/da\/wp-json\/wp\/v2\/media?parent=21471"}],"wp:term":[{"taxonomy":"product_brand","embeddable":true,"href":"https:\/\/nordicmart.andreevmaster.com\/da\/wp-json\/wp\/v2\/product_brand?post=21471"},{"taxonomy":"product_cat","embeddable":true,"href":"https:\/\/nordicmart.andreevmaster.com\/da\/wp-json\/wp\/v2\/product_cat?post=21471"},{"taxonomy":"product_tag","embeddable":true,"href":"https:\/\/nordicmart.andreevmaster.com\/da\/wp-json\/wp\/v2\/product_tag?post=21471"}],"curies":[{"name":"wp","href":"https:\/\/api.w.org\/{rel}","templated":true}]}}