{"id":21412,"date":"2026-02-27T00:11:56","date_gmt":"2026-02-27T00:11:56","guid":{"rendered":"https:\/\/nordicmart.andreevmaster.com\/product\/parasol-med-led-solbelysning-taupe-2\/"},"modified":"2026-02-27T08:56:09","modified_gmt":"2026-02-27T08:56:09","slug":"parasol-med-led-solbelysning-taupe-2","status":"publish","type":"product","link":"https:\/\/nordicmart.andreevmaster.com\/da\/vare\/parasol-med-led-solbelysning-taupe-2\/","title":{"rendered":"Parasol med LED-solbelysning Taupe"},"content":{"rendered":"<p>Giver skygge i l\u00f8bet af dagen: Fra nu af beh\u00f8ver du ikke l\u00e6ngere v\u00e6re bange for st\u00e6rkt sollys! Uanset om du vil tage en lur i haven, spise med vennerne p\u00e5 terrassen eller nyde en kaffepause med familien i det fri, vil denne parasol g\u00f8re dine planer til virkelighed. Den er fremstillet af 180 g\/m\u00b2 polyesterstof, giver fremragende UV-beskyttelse op til UPF 50+ og udstr\u00e5ler romantik om aftenen: S\u00e5 snart solen g\u00e5r ned, begynder festen! T\u00e6nd for LED-lysene, som drives af et solcellepanel, og giv din altan en romantisk atmosf\u00e6re. Middag med din partner? F\u00f8dselsdagsoverraskelse ved midnat? Nyd smukke \u00f8jeblikke med dine k\u00e6re i et bl\u00f8dt lys! Leveringsomfang: Farve: Taupe Materiale: Paraplystang af metal, 180 g\/m\u00b2 polyesterstof\u00d8 Paraply: 2,7 mV\u00e6gt: 6,3 kgLeveringsomfang:1 x parasol1 x solpanel til LED-belysning1 x vejledningSONGMICS Bem\u00e6rkninger:Der medf\u00f8lger ikke et paraplystativ.\u00c5bn ikke parasollen med kraft, men forsigtigt og langsomt.Luk parasollen p\u00e5 bl\u00e6sende dage for at undg\u00e5 skader.<\/p>\n","protected":false},"excerpt":{"rendered":"<p>Giver skygge i l\u00f8bet af dagen: Fra nu af beh\u00f8ver du ikke l\u00e6ngere v\u00e6re bange for st\u00e6rkt sollys! Uanset om du vil tage en lur i haven, spise med vennerne p\u00e5 terrassen eller nyde en kaffepause med familien i det fri, vil denne parasol g\u00f8re dine planer til virkelighed. Den er fremstillet af 180 g\/m\u00b2 [&hellip;]<\/p>\n","protected":false},"featured_media":0,"comment_status":"open","ping_status":"closed","template":"","meta":[],"product_brand":[],"product_cat":[31],"product_tag":[],"class_list":{"0":"post-21412","1":"product","2":"type-product","3":"status-publish","5":"product_cat-uncategorized-da","7":"first","8":"instock","9":"shipping-taxable","10":"product-type-simple"},"_links":{"self":[{"href":"https:\/\/nordicmart.andreevmaster.com\/da\/wp-json\/wp\/v2\/product\/21412","targetHints":{"allow":["GET"]}}],"collection":[{"href":"https:\/\/nordicmart.andreevmaster.com\/da\/wp-json\/wp\/v2\/product"}],"about":[{"href":"https:\/\/nordicmart.andreevmaster.com\/da\/wp-json\/wp\/v2\/types\/product"}],"replies":[{"embeddable":true,"href":"https:\/\/nordicmart.andreevmaster.com\/da\/wp-json\/wp\/v2\/comments?post=21412"}],"wp:attachment":[{"href":"https:\/\/nordicmart.andreevmaster.com\/da\/wp-json\/wp\/v2\/media?parent=21412"}],"wp:term":[{"taxonomy":"product_brand","embeddable":true,"href":"https:\/\/nordicmart.andreevmaster.com\/da\/wp-json\/wp\/v2\/product_brand?post=21412"},{"taxonomy":"product_cat","embeddable":true,"href":"https:\/\/nordicmart.andreevmaster.com\/da\/wp-json\/wp\/v2\/product_cat?post=21412"},{"taxonomy":"product_tag","embeddable":true,"href":"https:\/\/nordicmart.andreevmaster.com\/da\/wp-json\/wp\/v2\/product_tag?post=21412"}],"curies":[{"name":"wp","href":"https:\/\/api.w.org\/{rel}","templated":true}]}}