{"id":21410,"date":"2026-02-27T00:11:55","date_gmt":"2026-02-27T00:11:55","guid":{"rendered":"https:\/\/nordicmart.andreevmaster.com\/product\/27-m-haveparasolparaply-med-solcelledrevet-led-lys-solskaerm-med-upf-50-beskyttelse-vipbar-handsving-til-abning-og-lukning-fod-ikke-inkluderet-gra-gpu040g01-2\/"},"modified":"2026-02-27T08:56:08","modified_gmt":"2026-02-27T08:56:08","slug":"27-m-haveparasolparaply-med-solcelledrevet-led-lys-solskaerm-med-upf-50-beskyttelse-vipbar-handsving-til-abning-og-lukning-fod-ikke-inkluderet-gra-gpu040g01-2","status":"publish","type":"product","link":"https:\/\/nordicmart.andreevmaster.com\/da\/vare\/27-m-haveparasolparaply-med-solcelledrevet-led-lys-solskaerm-med-upf-50-beskyttelse-vipbar-handsving-til-abning-og-lukning-fod-ikke-inkluderet-gra-gpu040g01-2\/","title":{"rendered":"2,7 m haveparasolparaply med solcelledrevet LED-lys, solsk\u00e6rm med UPF 50+ beskyttelse, vipbar, h\u00e5ndsving til \u00e5bning og lukning, fod ikke inkluderet, gr\u00e5 GPU040G01"},"content":{"rendered":"<p>Lysene t\u00e6ndes: Elsker du at spise p\u00e5 altanen og beundre solnedgangen? G\u00e5 ikke glip af de magiske \u00f8jeblikke, n\u00e5r m\u00f8rket falder p\u00e5! De 32 LED-lys, der drives af sollys og er placeret langs paraplyens ribber, skaber en romantisk atmosf\u00e6re i de n\u00e6ste 6-8 timer!<\/p>\n<p>Tag dig tid til at nyde: Fordyb dig i din detektivroman under denne haveparaply! Baldakinen giver solbeskyttelse p\u00e5 UPF 50+, blokerer 98 % af UV-str\u00e5lerne og beskytter din hud i l\u00e6ngere tid under \u00e5ben himmel.Farven forbliver: Lad ikke de let falmende paraplyer form\u00f8rke din have. Denne terrasseparasol, der er fremstillet af robust 180 g\/m\u00b2 polyester, som ikke falmer med tiden, vil altid have en lys og skinnende farve.<\/p>\n<p>Vip den op! Med et kvalitetsled af galvaniseret legering, der modst\u00e5r rust og brud, er det nemt at vippe denne oplyste haveparasol for at blokere solen fra enhver vinkel og give dig st\u00f8rre skygge, der kan tilpasses tidspunktet p\u00e5 dagen.Hvad du f\u00e5r med: En parasol med en diameter p\u00e5 2,7 meter og 32 LED-lys, der drives af et solpanel p\u00e5 parasollen, s\u00e5 du ogs\u00e5 kan nyde din have om aftenen! Giver skygge i l\u00f8bet af dagen: Fra nu af beh\u00f8ver du ikke l\u00e6ngere at bekymre dig om skarpt sollys! Uanset om du vil tage en lur i haven, spise middag med vennerne p\u00e5 terrassen eller nyde en kaffepause med familien i det fri, vil denne parasol g\u00f8re dine planer til virkelighed. Den er fremstillet af 180 g\/m\u00b2 polyesterstof, giver fremragende UV-beskyttelse op til UPF 50+ og udstr\u00e5ler romantik om aftenen: S\u00e5 snart solen g\u00e5r ned, starter festen! T\u00e6nd for LED-lysene, som drives af et solcellepanel, og giv din altan en romantisk atmosf\u00e6re. Middag med din partner? F\u00f8dselsdagsoverraskelse ved midnat? Nyd smukke \u00f8jeblikke med dine k\u00e6re i et bl\u00f8dt lys! Leveringsomfang: Farve: Gr\u00e5 Materiale: Paraplystang af metal, 180 g\/m\u00b2 polyesterstof\u00d8 Paraply: 2,7 mV\u00e6gt: 6,3 kgLeveringsomfang:1 x parasol1 x solpanel til LED-belysning1 x vejledningSONGMICS Bem\u00e6rkninger:Der medf\u00f8lger ikke et paraplystativ.\u00c5bn ikke parasollen med kraft, men forsigtigt og langsomt.Luk parasollen p\u00e5 bl\u00e6sende dage for at undg\u00e5 skader.<\/p>\n","protected":false},"excerpt":{"rendered":"<p>Lysene t\u00e6ndes: Elsker du at spise p\u00e5 altanen og beundre solnedgangen? G\u00e5 ikke glip af de magiske \u00f8jeblikke, n\u00e5r m\u00f8rket falder p\u00e5! De 32 LED-lys, der drives af sollys og er placeret langs paraplyens ribber, skaber en romantisk atmosf\u00e6re i de n\u00e6ste 6-8 timer! Tag dig tid til at nyde: Fordyb dig i din detektivroman [&hellip;]<\/p>\n","protected":false},"featured_media":0,"comment_status":"open","ping_status":"closed","template":"","meta":[],"product_brand":[],"product_cat":[31],"product_tag":[],"class_list":{"0":"post-21410","1":"product","2":"type-product","3":"status-publish","5":"product_cat-uncategorized-da","7":"first","8":"instock","9":"shipping-taxable","10":"product-type-simple"},"_links":{"self":[{"href":"https:\/\/nordicmart.andreevmaster.com\/da\/wp-json\/wp\/v2\/product\/21410","targetHints":{"allow":["GET"]}}],"collection":[{"href":"https:\/\/nordicmart.andreevmaster.com\/da\/wp-json\/wp\/v2\/product"}],"about":[{"href":"https:\/\/nordicmart.andreevmaster.com\/da\/wp-json\/wp\/v2\/types\/product"}],"replies":[{"embeddable":true,"href":"https:\/\/nordicmart.andreevmaster.com\/da\/wp-json\/wp\/v2\/comments?post=21410"}],"wp:attachment":[{"href":"https:\/\/nordicmart.andreevmaster.com\/da\/wp-json\/wp\/v2\/media?parent=21410"}],"wp:term":[{"taxonomy":"product_brand","embeddable":true,"href":"https:\/\/nordicmart.andreevmaster.com\/da\/wp-json\/wp\/v2\/product_brand?post=21410"},{"taxonomy":"product_cat","embeddable":true,"href":"https:\/\/nordicmart.andreevmaster.com\/da\/wp-json\/wp\/v2\/product_cat?post=21410"},{"taxonomy":"product_tag","embeddable":true,"href":"https:\/\/nordicmart.andreevmaster.com\/da\/wp-json\/wp\/v2\/product_tag?post=21410"}],"curies":[{"name":"wp","href":"https:\/\/api.w.org\/{rel}","templated":true}]}}