{"id":21350,"date":"2026-02-27T00:11:44","date_gmt":"2026-02-27T00:11:44","guid":{"rendered":"https:\/\/nordicmart.andreevmaster.com\/product\/pvc-privatlivsskaerm-90-x-500-cm-gra-2\/"},"modified":"2026-02-27T08:55:59","modified_gmt":"2026-02-27T08:55:59","slug":"pvc-privatlivsskaerm-90-x-500-cm-gra-2","status":"publish","type":"product","link":"https:\/\/nordicmart.andreevmaster.com\/da\/vare\/pvc-privatlivsskaerm-90-x-500-cm-gra-2\/","title":{"rendered":"PVC-privatlivssk\u00e6rm 90 x 500 cm gr\u00e5"},"content":{"rendered":"<p>Vil du gerne skabe et afsides omr\u00e5de i din have, hvor du kan slappe af i de varme sommerm\u00e5neder uden at blive forstyrret af nysgerrige blikke? S\u00e5 er dette privatlivshegn fra SONGMICS den perfekte l\u00f8sning! Du kan skabe en oase af ro med denne sk\u00e6rm. Den er lavet af PVC og blokerer effektivt for sollys og beskytter dit privatliv. Desuden er denne sk\u00e6rm et smukt d\u00e6kke til dit aldrende havehegn. Alsidig brug: Denne vejrbestandige afsk\u00e6rmning er ikke kun velegnet til din altan, men ogs\u00e5 til dit poolomr\u00e5de eller din have. Du kan s\u00e6tte den fast p\u00e5 hegn af tr\u00e6 eller tr\u00e5dnet samt p\u00e5 stolper eller andre genstande. Detaljer: Forbedret kvalitet Den forst\u00e6rkende skillev\u00e6g i r\u00f8ret giver dette privatlivshegn mere stabilitet. Tilbeh\u00f8r af h\u00f8j kvalitet Vi giver dig 26 metalkabelbindere og clips, s\u00e5 du hurtigt kan installere dette privatlivshegn. Det anbefales at fastg\u00f8re klemmerne for hver 50 cm med j\u00e6vne intervaller i l\u00e6ngden og h\u00f8jden. Kan afkortes i l\u00e6ngden Du kan afkorte l\u00e6ngden af afsk\u00e6rmningsm\u00e5tten efter behov. N\u00e5r du har klippet tr\u00e5dene, skal du binde dem sammen og lime et par lameller sammen med lim for at forhindre, at afsk\u00e6rmningen g\u00e5r op.<\/p>\n","protected":false},"excerpt":{"rendered":"<p>Vil du gerne skabe et afsides omr\u00e5de i din have, hvor du kan slappe af i de varme sommerm\u00e5neder uden at blive forstyrret af nysgerrige blikke? S\u00e5 er dette privatlivshegn fra SONGMICS den perfekte l\u00f8sning! Du kan skabe en oase af ro med denne sk\u00e6rm. Den er lavet af PVC og blokerer effektivt for sollys [&hellip;]<\/p>\n","protected":false},"featured_media":0,"comment_status":"open","ping_status":"closed","template":"","meta":[],"product_brand":[],"product_cat":[31],"product_tag":[],"class_list":{"0":"post-21350","1":"product","2":"type-product","3":"status-publish","5":"product_cat-uncategorized-da","7":"first","8":"instock","9":"shipping-taxable","10":"product-type-simple"},"_links":{"self":[{"href":"https:\/\/nordicmart.andreevmaster.com\/da\/wp-json\/wp\/v2\/product\/21350","targetHints":{"allow":["GET"]}}],"collection":[{"href":"https:\/\/nordicmart.andreevmaster.com\/da\/wp-json\/wp\/v2\/product"}],"about":[{"href":"https:\/\/nordicmart.andreevmaster.com\/da\/wp-json\/wp\/v2\/types\/product"}],"replies":[{"embeddable":true,"href":"https:\/\/nordicmart.andreevmaster.com\/da\/wp-json\/wp\/v2\/comments?post=21350"}],"wp:attachment":[{"href":"https:\/\/nordicmart.andreevmaster.com\/da\/wp-json\/wp\/v2\/media?parent=21350"}],"wp:term":[{"taxonomy":"product_brand","embeddable":true,"href":"https:\/\/nordicmart.andreevmaster.com\/da\/wp-json\/wp\/v2\/product_brand?post=21350"},{"taxonomy":"product_cat","embeddable":true,"href":"https:\/\/nordicmart.andreevmaster.com\/da\/wp-json\/wp\/v2\/product_cat?post=21350"},{"taxonomy":"product_tag","embeddable":true,"href":"https:\/\/nordicmart.andreevmaster.com\/da\/wp-json\/wp\/v2\/product_tag?post=21350"}],"curies":[{"name":"wp","href":"https:\/\/api.w.org\/{rel}","templated":true}]}}