{"id":21341,"date":"2026-02-27T00:11:42","date_gmt":"2026-02-27T00:11:42","guid":{"rendered":"https:\/\/nordicmart.andreevmaster.com\/product\/bellamy-good-night-bornesengsgelaender-elegant-hvid\/"},"modified":"2026-02-27T08:55:57","modified_gmt":"2026-02-27T08:55:57","slug":"bellamy-good-night-bornesengsgelaender-elegant-hvid","status":"publish","type":"product","link":"https:\/\/nordicmart.andreevmaster.com\/da\/vare\/bellamy-good-night-bornesengsgelaender-elegant-hvid\/","title":{"rendered":"Bellamy Good Night b\u00f8rnesengsgel\u00e6nder, elegant hvid"},"content":{"rendered":"<p>Good Night-sengen er en praktisk kombination af elegance og klassisk stil. Et smart design specielt til kr\u00e6vende for\u00e6ldre, s\u00e5 barnet kan bruge den i lang tid. Sengens lameller er dekoreret med stilfuld reliefm\u00f8nster, og p\u00e5 hovedst\u00f8tten er der et smart dekorativt element, som kan fyldes med en Good Night-inskription eller erstattes med barnets navn. Med passende styling-tilf\u00f8jelser vil barnet se godt ud i b\u00e5de en lille drengs og en piges v\u00e6relse. Farve: elegant hvid  Hvorfor k\u00f8be mig?<br \/>\n&#8211; Den beskytter barnet mod at falde ud, n\u00e5r barnesengen omdannes til en seng.<br \/>\n&#8211; Sengen kan monteres p\u00e5 h\u00f8jre eller venstre side af sengen. M\u00e5l (cm): L:47, H:29, D:2<\/p>\n","protected":false},"excerpt":{"rendered":"<p>Good Night-sengen er en praktisk kombination af elegance og klassisk stil. Et smart design specielt til kr\u00e6vende for\u00e6ldre, s\u00e5 barnet kan bruge den i lang tid. Sengens lameller er dekoreret med stilfuld reliefm\u00f8nster, og p\u00e5 hovedst\u00f8tten er der et smart dekorativt element, som kan fyldes med en Good Night-inskription eller erstattes med barnets navn. Med [&hellip;]<\/p>\n","protected":false},"featured_media":0,"comment_status":"open","ping_status":"closed","template":"","meta":[],"product_brand":[],"product_cat":[31],"product_tag":[],"class_list":{"0":"post-21341","1":"product","2":"type-product","3":"status-publish","5":"product_cat-uncategorized-da","7":"first","8":"instock","9":"shipping-taxable","10":"purchasable","11":"product-type-simple"},"_links":{"self":[{"href":"https:\/\/nordicmart.andreevmaster.com\/da\/wp-json\/wp\/v2\/product\/21341","targetHints":{"allow":["GET"]}}],"collection":[{"href":"https:\/\/nordicmart.andreevmaster.com\/da\/wp-json\/wp\/v2\/product"}],"about":[{"href":"https:\/\/nordicmart.andreevmaster.com\/da\/wp-json\/wp\/v2\/types\/product"}],"replies":[{"embeddable":true,"href":"https:\/\/nordicmart.andreevmaster.com\/da\/wp-json\/wp\/v2\/comments?post=21341"}],"wp:attachment":[{"href":"https:\/\/nordicmart.andreevmaster.com\/da\/wp-json\/wp\/v2\/media?parent=21341"}],"wp:term":[{"taxonomy":"product_brand","embeddable":true,"href":"https:\/\/nordicmart.andreevmaster.com\/da\/wp-json\/wp\/v2\/product_brand?post=21341"},{"taxonomy":"product_cat","embeddable":true,"href":"https:\/\/nordicmart.andreevmaster.com\/da\/wp-json\/wp\/v2\/product_cat?post=21341"},{"taxonomy":"product_tag","embeddable":true,"href":"https:\/\/nordicmart.andreevmaster.com\/da\/wp-json\/wp\/v2\/product_tag?post=21341"}],"curies":[{"name":"wp","href":"https:\/\/api.w.org\/{rel}","templated":true}]}}