{"id":21340,"date":"2026-02-27T00:11:41","date_gmt":"2026-02-27T00:11:41","guid":{"rendered":"https:\/\/nordicmart.andreevmaster.com\/product\/good-night-neutral-gra-seng-70x140-med-skuffe\/"},"modified":"2026-02-27T08:55:57","modified_gmt":"2026-02-27T08:55:57","slug":"good-night-neutral-gra-seng-70x140-med-skuffe","status":"publish","type":"product","link":"https:\/\/nordicmart.andreevmaster.com\/da\/vare\/good-night-neutral-gra-seng-70x140-med-skuffe\/","title":{"rendered":"GOOD NIGHT neutral gr\u00e5 seng 70&#215;140 med skuffe"},"content":{"rendered":"<p>Good Night-sengen er en praktisk kombination af elegance og klassisk stil. Et elegant design specielt til kr\u00e6vende for\u00e6ldre, s\u00e5 barnet kan bruge den i lang tid. Sengens lameller er dekoreret med stilfuld reliefm\u00f8nster, og p\u00e5 hovedg\u00e6rdet er der et elegant dekorativt element, der kan fyldes med en Good Night-inskription. Med passende stylingtilf\u00f8jelser vil sengen se godt ud i b\u00e5de en lille drengs og en piges v\u00e6relse.<\/p>\n<p>farve: neutral gr\u00e5<\/p>\n<p>**Vigtigste fordele:<br \/>\n**- opfylder europ\u00e6iske standarder og sikkerhedskrav<br \/>\n&#8211; 2 aftagelige st\u00e6nger<br \/>\n&#8211; 3 bundh\u00f8jder p\u00e5 f\u00f8lgende niveauer: 27,7 cm; 45,5 cm; 58 cm<br \/>\n&#8211; barnesengen vokser med barnet &#8211; mulighed for at omdanne den til en sofa ved at fjerne en af rammerne<br \/>\n&#8211; en beskyttende gel\u00e6nder, der beskytter barnet mod at falde ud, n\u00e5r barnesengen omdannes til en seng, er inkluderet; gel\u00e6nderet kan monteres p\u00e5 h\u00f8jre eller venstre side af sengen<br \/>\n&#8211; rummelig skuffe p\u00e5 H\u00e4fele-skinner <\/p>\n<p>**Yderligere oplysninger:**<br \/>\n&#8211; Aldersgruppe: Fra f\u00f8dslen til ca. 5 \u00e5r<br \/>\n-sengen kan udstyres med en madras &#8211; m\u00e5l: 140 cm x 70 cm <\/p>\n<p>**M\u00e5l (cm):**<br \/>\nL: 152, B: 77,6, H: 109<\/p>\n<p>**M\u00f8blernes udf\u00f8relse og finish:**<br \/>\nM\u00f8blerne er behandlet med en specielt udvalgt maling fra en italiensk leverand\u00f8r, som har unikke h\u00e6rdende egenskaber, s\u00e5 m\u00f8blerne er modstandsdygtige over for to typer skader:<br \/>\n&#8211; Kemikalier: beskytter mod virkningerne af vand, lotioner, olier og andre reng\u00f8ringsmidler;<br \/>\n&#8211; Mekanisk beskyttelse mod alle former for ridser, der opst\u00e5r ved brug af m\u00f8blerne.<\/p>\n<p>Den tilpassede maling skaber en perfekt glat bel\u00e6gningsstruktur. Specielle materialer skaber en mat effekt p\u00e5 den delikate satin.<br \/>\nMalingen har alle de n\u00f8dvendige certifikater. Desuden testes de malede m\u00f8bler i laboratorier med hensyn til emissioner, inden de s\u00e6lges. Takket v\u00e6re en specielt h\u00e6rdet maling afgiver de ingen skadelige stoffer.<\/p>\n<p>**Brugsanvisning:**<br \/>\nM\u00f8blerne skal t\u00f8rres af med en bl\u00f8d bomuldsklud fugtet med vand eller et produkt beregnet til m\u00f8belpleje.<\/p>\n<p>**Yderligere oplysninger:**<br \/>\nM\u00f8blerne leveres i pakker, der er beregnet til selvmontering. Pakkerne indeholder detaljerede monteringsvejledninger samt tilbeh\u00f8r (skruer osv.).<\/p>\n","protected":false},"excerpt":{"rendered":"<p>Good Night-sengen er en praktisk kombination af elegance og klassisk stil. Et elegant design specielt til kr\u00e6vende for\u00e6ldre, s\u00e5 barnet kan bruge den i lang tid. Sengens lameller er dekoreret med stilfuld reliefm\u00f8nster, og p\u00e5 hovedg\u00e6rdet er der et elegant dekorativt element, der kan fyldes med en Good Night-inskription. Med passende stylingtilf\u00f8jelser vil sengen se [&hellip;]<\/p>\n","protected":false},"featured_media":0,"comment_status":"open","ping_status":"closed","template":"","meta":[],"product_brand":[],"product_cat":[31],"product_tag":[],"class_list":{"0":"post-21340","1":"product","2":"type-product","3":"status-publish","5":"product_cat-uncategorized-da","7":"first","8":"instock","9":"shipping-taxable","10":"purchasable","11":"product-type-simple"},"_links":{"self":[{"href":"https:\/\/nordicmart.andreevmaster.com\/da\/wp-json\/wp\/v2\/product\/21340","targetHints":{"allow":["GET"]}}],"collection":[{"href":"https:\/\/nordicmart.andreevmaster.com\/da\/wp-json\/wp\/v2\/product"}],"about":[{"href":"https:\/\/nordicmart.andreevmaster.com\/da\/wp-json\/wp\/v2\/types\/product"}],"replies":[{"embeddable":true,"href":"https:\/\/nordicmart.andreevmaster.com\/da\/wp-json\/wp\/v2\/comments?post=21340"}],"wp:attachment":[{"href":"https:\/\/nordicmart.andreevmaster.com\/da\/wp-json\/wp\/v2\/media?parent=21340"}],"wp:term":[{"taxonomy":"product_brand","embeddable":true,"href":"https:\/\/nordicmart.andreevmaster.com\/da\/wp-json\/wp\/v2\/product_brand?post=21340"},{"taxonomy":"product_cat","embeddable":true,"href":"https:\/\/nordicmart.andreevmaster.com\/da\/wp-json\/wp\/v2\/product_cat?post=21340"},{"taxonomy":"product_tag","embeddable":true,"href":"https:\/\/nordicmart.andreevmaster.com\/da\/wp-json\/wp\/v2\/product_tag?post=21340"}],"curies":[{"name":"wp","href":"https:\/\/api.w.org\/{rel}","templated":true}]}}