{"id":21201,"date":"2026-02-27T00:11:11","date_gmt":"2026-02-27T00:11:11","guid":{"rendered":"https:\/\/nordicmart.andreevmaster.com\/product\/5-trins-tunge-hylder-saet-med-2-stalhylder-til-opbevaring-boltfri-samling-til-garagen-lagerrum-baereevne-1929-lb-hver-157-x-354-x-709-tommer-sort\/"},"modified":"2026-02-27T08:55:35","modified_gmt":"2026-02-27T08:55:35","slug":"5-trins-tunge-hylder-saet-med-2-stalhylder-til-opbevaring-boltfri-samling-til-garagen-lagerrum-baereevne-1929-lb-hver-157-x-354-x-709-tommer-sort","status":"publish","type":"product","link":"https:\/\/nordicmart.andreevmaster.com\/da\/vare\/5-trins-tunge-hylder-saet-med-2-stalhylder-til-opbevaring-boltfri-samling-til-garagen-lagerrum-baereevne-1929-lb-hver-157-x-354-x-709-tommer-sort\/","title":{"rendered":"5-trins tunge hylder, s\u00e6t med 2 st\u00e5lhylder til opbevaring, boltfri samling, til garagen, lagerrum, b\u00e6reevne 1929 lb hver, 15,7 x 35,4 x 70,9 tommer, sort"},"content":{"rendered":"","protected":false},"excerpt":{"rendered":"","protected":false},"featured_media":0,"comment_status":"open","ping_status":"closed","template":"","meta":[],"product_brand":[],"product_cat":[31],"product_tag":[],"class_list":{"0":"post-21201","1":"product","2":"type-product","3":"status-publish","5":"product_cat-uncategorized-da","7":"first","8":"instock","9":"shipping-taxable","10":"product-type-simple"},"_links":{"self":[{"href":"https:\/\/nordicmart.andreevmaster.com\/da\/wp-json\/wp\/v2\/product\/21201","targetHints":{"allow":["GET"]}}],"collection":[{"href":"https:\/\/nordicmart.andreevmaster.com\/da\/wp-json\/wp\/v2\/product"}],"about":[{"href":"https:\/\/nordicmart.andreevmaster.com\/da\/wp-json\/wp\/v2\/types\/product"}],"replies":[{"embeddable":true,"href":"https:\/\/nordicmart.andreevmaster.com\/da\/wp-json\/wp\/v2\/comments?post=21201"}],"wp:attachment":[{"href":"https:\/\/nordicmart.andreevmaster.com\/da\/wp-json\/wp\/v2\/media?parent=21201"}],"wp:term":[{"taxonomy":"product_brand","embeddable":true,"href":"https:\/\/nordicmart.andreevmaster.com\/da\/wp-json\/wp\/v2\/product_brand?post=21201"},{"taxonomy":"product_cat","embeddable":true,"href":"https:\/\/nordicmart.andreevmaster.com\/da\/wp-json\/wp\/v2\/product_cat?post=21201"},{"taxonomy":"product_tag","embeddable":true,"href":"https:\/\/nordicmart.andreevmaster.com\/da\/wp-json\/wp\/v2\/product_tag?post=21201"}],"curies":[{"name":"wp","href":"https:\/\/api.w.org\/{rel}","templated":true}]}}