{"id":21183,"date":"2026-02-27T00:11:08","date_gmt":"2026-02-27T00:11:08","guid":{"rendered":"https:\/\/nordicmart.andreevmaster.com\/product\/2-stk-5-lags-stalreol-boltless-montering-autotalli-shed-650-kg-baereevne-hver-30x75x150-cm-sort\/"},"modified":"2026-02-27T08:55:32","modified_gmt":"2026-02-27T08:55:32","slug":"2-stk-5-lags-stalreol-boltless-montering-autotalli-shed-650-kg-baereevne-hver-30x75x150-cm-sort","status":"publish","type":"product","link":"https:\/\/nordicmart.andreevmaster.com\/da\/vare\/2-stk-5-lags-stalreol-boltless-montering-autotalli-shed-650-kg-baereevne-hver-30x75x150-cm-sort\/","title":{"rendered":"2 stk. 5-lags st\u00e5lreol Boltless montering autotalli Shed 650 kg b\u00e6reevne Hver 30x75x150 cm sort"},"content":{"rendered":"<p>STABIL OG SIKKER Denne serie af to autotallihyllyn er fremstillet af st\u00e5lrammer, og hver hylde kan b\u00e6re op til 130 kg. De medf\u00f8lgende vippesikringss\u00e6t hj\u00e6lper med at fastg\u00f8re hylderne til v\u00e6ggen, hvilket g\u00f8r dem mere stabile og sikre.[Kan deles] Hver metalhylde kan deles i 2 separate enheder alt efter dine opbevaringsbehov og plads. N\u00e5r de er delt, fungerer de ogs\u00e5 perfekt som arbejdsb\u00e6nk med opbevaringsplads.[Justerbare hylder] Hver hylde kan nemt justeres med 3 cm mellemrum, hvilket svarer til opbevaringsbehovet for genstande i forskellige st\u00f8rrelser.[Stor st\u00f8rrelse, stor kapacitet] Med m\u00e5lene 30 x 75 x 150 cm og en samlet belastningskapacitet p\u00e5 650 kg kan disse hylder bruges i garagen, lageret, k\u00e6lderen eller vaskerummet til opbevaring af alle v\u00e6rkt\u00f8jer og udstyr.ENKEL MONTERING UDEN SKRUER &#8211; Takket v\u00e6re det sammenkoblede design og de klare instruktioner er disse stabile hylder nemme at samle. Egenskaber: &#8211; Farve: sort. &#8211; Materiale: st\u00e5lramme, MDF (medium densitet fiberplade).- M\u00e5l pr. hylde: &#8211; Hylden er designet, s\u00e5 den er nem at montere: Hylde: 30 x 75 x 150 cm (B x L x H).- V\u00e6gt pr. hylde: 30 x 75 x 150 cm (B x L x H): V\u00e6gt: 9,7 kg.- Maks. statisk b\u00e6reevne pr. niveau: 130 kg. &#8211; Maks. statisk samlet b\u00e6reevne pr. hylde: 650 kg. Pakkens indhold: &#8211; 2 hylder. &#8211; 2 x v\u00e6ltesikringspakke &#8211; 2 brugsanvisninger (engelsk sprog ikke garanteret).<\/p>\n","protected":false},"excerpt":{"rendered":"<p>STABIL OG SIKKER Denne serie af to autotallihyllyn er fremstillet af st\u00e5lrammer, og hver hylde kan b\u00e6re op til 130 kg. De medf\u00f8lgende vippesikringss\u00e6t hj\u00e6lper med at fastg\u00f8re hylderne til v\u00e6ggen, hvilket g\u00f8r dem mere stabile og sikre.[Kan deles] Hver metalhylde kan deles i 2 separate enheder alt efter dine opbevaringsbehov og plads. N\u00e5r de [&hellip;]<\/p>\n","protected":false},"featured_media":0,"comment_status":"open","ping_status":"closed","template":"","meta":[],"product_brand":[],"product_cat":[31],"product_tag":[],"class_list":{"0":"post-21183","1":"product","2":"type-product","3":"status-publish","5":"product_cat-uncategorized-da","7":"first","8":"instock","9":"shipping-taxable","10":"product-type-simple"},"_links":{"self":[{"href":"https:\/\/nordicmart.andreevmaster.com\/da\/wp-json\/wp\/v2\/product\/21183","targetHints":{"allow":["GET"]}}],"collection":[{"href":"https:\/\/nordicmart.andreevmaster.com\/da\/wp-json\/wp\/v2\/product"}],"about":[{"href":"https:\/\/nordicmart.andreevmaster.com\/da\/wp-json\/wp\/v2\/types\/product"}],"replies":[{"embeddable":true,"href":"https:\/\/nordicmart.andreevmaster.com\/da\/wp-json\/wp\/v2\/comments?post=21183"}],"wp:attachment":[{"href":"https:\/\/nordicmart.andreevmaster.com\/da\/wp-json\/wp\/v2\/media?parent=21183"}],"wp:term":[{"taxonomy":"product_brand","embeddable":true,"href":"https:\/\/nordicmart.andreevmaster.com\/da\/wp-json\/wp\/v2\/product_brand?post=21183"},{"taxonomy":"product_cat","embeddable":true,"href":"https:\/\/nordicmart.andreevmaster.com\/da\/wp-json\/wp\/v2\/product_cat?post=21183"},{"taxonomy":"product_tag","embeddable":true,"href":"https:\/\/nordicmart.andreevmaster.com\/da\/wp-json\/wp\/v2\/product_tag?post=21183"}],"curies":[{"name":"wp","href":"https:\/\/api.w.org\/{rel}","templated":true}]}}