{"id":21158,"date":"2026-02-27T00:11:03","date_gmt":"2026-02-27T00:11:03","guid":{"rendered":"https:\/\/nordicmart.andreevmaster.com\/product\/sod-bornehylde-orange-gron-2\/"},"modified":"2026-02-27T08:55:27","modified_gmt":"2026-02-27T08:55:27","slug":"sod-bornehylde-orange-gron-2","status":"publish","type":"product","link":"https:\/\/nordicmart.andreevmaster.com\/da\/vare\/sod-bornehylde-orange-gron-2\/","title":{"rendered":"S\u00f8d b\u00f8rnehylde orange-gr\u00f8n"},"content":{"rendered":"<p>Endelig en forening af opbevaring og l\u00e6ring! Har du nogensinde set et opbevaringsstativ til b\u00f8rn, der opfordrer til opbevaring og l\u00e6sning p\u00e5 samme tid? Med dette opbevaringsstativ til b\u00f8ger og leget\u00f8j beh\u00f8ver du ikke hele tiden at sige &#8220;ryd op p\u00e5 dit v\u00e6relse&#8221;. B\u00f8rn nyder at rydde op p\u00e5 deres v\u00e6relser, fordi det er meget nemmere at opbevare deres b\u00f8ger, leget\u00f8j, skoleartikler og andre ting i dette stativ. Lavet af MDF-plader og PP-plastkasser, nemme at reng\u00f8re og meget robuste. Dimensioner: 85,2 x 29,5 x 83 cm (B x D x H) til forskellige pladsbehov. Glatte, afrundede kanter forhindrer b\u00f8rn i at ridse deres t\u00f8j. Anti-tip-enhederne bruges til at fastg\u00f8re hylden til v\u00e6ggen for ekstra sikkerhed. Denne smukke bogreol er perfekt til et b\u00f8rnev\u00e6relse og opfordrer til organisering og l\u00e6sning, s\u00e5 vent ikke l\u00e6ngere, og giv den til dine b\u00f8rn! Udvikl deres f\u00e6rdigheder gennem praktiske \u00f8velser, og v\u00e6k deres interesse for at l\u00e6re!Produktdetaljer:Farve: hvid, flerfarvetMaterialer: MDF-plader, melaminfin\u00e9r, PP-plastProduktst\u00f8rrelse: 85,2 x 29,5 x 83 cm (B x D x H)V\u00e6gt: 10 kgBelastningskapacitet p\u00e5 hvert niveau: 5 kgLeveringsomfang:1 x opbevaringsskab1 x tilbeh\u00f8rspose1 x instruktioner (DE, EN, FR, ES, IT)SONGMICS Bem\u00e6rkninger:F\u00f8r montering anbefales det at sprede ekspanderbart polyethylenskum i emballagen p\u00e5 gulvet for at undg\u00e5 ridser. Undg\u00e5 direkte kontakt mellem produktet og det h\u00e5rde gulv under monteringen.<\/p>\n","protected":false},"excerpt":{"rendered":"<p>Endelig en forening af opbevaring og l\u00e6ring! Har du nogensinde set et opbevaringsstativ til b\u00f8rn, der opfordrer til opbevaring og l\u00e6sning p\u00e5 samme tid? Med dette opbevaringsstativ til b\u00f8ger og leget\u00f8j beh\u00f8ver du ikke hele tiden at sige &#8220;ryd op p\u00e5 dit v\u00e6relse&#8221;. B\u00f8rn nyder at rydde op p\u00e5 deres v\u00e6relser, fordi det er meget [&hellip;]<\/p>\n","protected":false},"featured_media":0,"comment_status":"open","ping_status":"closed","template":"","meta":[],"product_brand":[],"product_cat":[31],"product_tag":[],"class_list":{"0":"post-21158","1":"product","2":"type-product","3":"status-publish","5":"product_cat-uncategorized-da","7":"first","8":"instock","9":"shipping-taxable","10":"product-type-simple"},"_links":{"self":[{"href":"https:\/\/nordicmart.andreevmaster.com\/da\/wp-json\/wp\/v2\/product\/21158","targetHints":{"allow":["GET"]}}],"collection":[{"href":"https:\/\/nordicmart.andreevmaster.com\/da\/wp-json\/wp\/v2\/product"}],"about":[{"href":"https:\/\/nordicmart.andreevmaster.com\/da\/wp-json\/wp\/v2\/types\/product"}],"replies":[{"embeddable":true,"href":"https:\/\/nordicmart.andreevmaster.com\/da\/wp-json\/wp\/v2\/comments?post=21158"}],"wp:attachment":[{"href":"https:\/\/nordicmart.andreevmaster.com\/da\/wp-json\/wp\/v2\/media?parent=21158"}],"wp:term":[{"taxonomy":"product_brand","embeddable":true,"href":"https:\/\/nordicmart.andreevmaster.com\/da\/wp-json\/wp\/v2\/product_brand?post=21158"},{"taxonomy":"product_cat","embeddable":true,"href":"https:\/\/nordicmart.andreevmaster.com\/da\/wp-json\/wp\/v2\/product_cat?post=21158"},{"taxonomy":"product_tag","embeddable":true,"href":"https:\/\/nordicmart.andreevmaster.com\/da\/wp-json\/wp\/v2\/product_tag?post=21158"}],"curies":[{"name":"wp","href":"https:\/\/api.w.org\/{rel}","templated":true}]}}