{"id":21123,"date":"2026-02-27T00:10:56","date_gmt":"2026-02-27T00:10:56","guid":{"rendered":"https:\/\/nordicmart.andreevmaster.com\/product\/muslin-garland-gold-beige-350-cm-2\/"},"modified":"2026-02-27T08:55:21","modified_gmt":"2026-02-27T08:55:21","slug":"muslin-garland-gold-beige-350-cm-2","status":"publish","type":"product","link":"https:\/\/nordicmart.andreevmaster.com\/da\/vare\/muslin-garland-gold-beige-350-cm-2\/","title":{"rendered":"Muslin Garland Gold \u2013 Beige 350 cm"},"content":{"rendered":"<p>En unik dekoration til et b\u00f8rnev\u00e6relse. Den passer smukt til vores krybber og muslin-senget\u00f8jsserie. Fremstillet af h\u00f8jkvalitets bomuldsmuslin og afsluttet med en gylden kant. Den er den perfekte gave til en babyfest, f\u00f8dselsdag eller enhver anden lejlighed. <\/p>\n<p>Detaljer:<br \/>\n-Krans lavet af bomuldsstof af h\u00f8j kvalitet med OEKO-TEX 100-certificering<br \/>\n-Naturlige farver<br \/>\n-Diskret gylden accent<br \/>\n-Skal bruges under opsyn af for\u00e6ldre. Indeholder sm\u00e5 dele. <\/p>\n<p>Vaskeanvisning:<br \/>\n-H\u00e5ndvask<br \/>\n-M\u00e5 ikke bleges<br \/>\n-M\u00e5 ikke t\u00f8rretumbles <\/p>\n<p>Total l\u00e6ngde:<br \/>\n 350 cm<\/p>\n","protected":false},"excerpt":{"rendered":"<p>En unik dekoration til et b\u00f8rnev\u00e6relse. Den passer smukt til vores krybber og muslin-senget\u00f8jsserie. Fremstillet af h\u00f8jkvalitets bomuldsmuslin og afsluttet med en gylden kant. Den er den perfekte gave til en babyfest, f\u00f8dselsdag eller enhver anden lejlighed. Detaljer: -Krans lavet af bomuldsstof af h\u00f8j kvalitet med OEKO-TEX 100-certificering -Naturlige farver -Diskret gylden accent -Skal bruges [&hellip;]<\/p>\n","protected":false},"featured_media":0,"comment_status":"open","ping_status":"closed","template":"","meta":[],"product_brand":[],"product_cat":[31],"product_tag":[],"class_list":{"0":"post-21123","1":"product","2":"type-product","3":"status-publish","5":"product_cat-uncategorized-da","7":"first","8":"instock","9":"shipping-taxable","10":"purchasable","11":"product-type-simple"},"_links":{"self":[{"href":"https:\/\/nordicmart.andreevmaster.com\/da\/wp-json\/wp\/v2\/product\/21123","targetHints":{"allow":["GET"]}}],"collection":[{"href":"https:\/\/nordicmart.andreevmaster.com\/da\/wp-json\/wp\/v2\/product"}],"about":[{"href":"https:\/\/nordicmart.andreevmaster.com\/da\/wp-json\/wp\/v2\/types\/product"}],"replies":[{"embeddable":true,"href":"https:\/\/nordicmart.andreevmaster.com\/da\/wp-json\/wp\/v2\/comments?post=21123"}],"wp:attachment":[{"href":"https:\/\/nordicmart.andreevmaster.com\/da\/wp-json\/wp\/v2\/media?parent=21123"}],"wp:term":[{"taxonomy":"product_brand","embeddable":true,"href":"https:\/\/nordicmart.andreevmaster.com\/da\/wp-json\/wp\/v2\/product_brand?post=21123"},{"taxonomy":"product_cat","embeddable":true,"href":"https:\/\/nordicmart.andreevmaster.com\/da\/wp-json\/wp\/v2\/product_cat?post=21123"},{"taxonomy":"product_tag","embeddable":true,"href":"https:\/\/nordicmart.andreevmaster.com\/da\/wp-json\/wp\/v2\/product_tag?post=21123"}],"curies":[{"name":"wp","href":"https:\/\/api.w.org\/{rel}","templated":true}]}}