{"id":21081,"date":"2026-02-27T00:10:46","date_gmt":"2026-02-27T00:10:46","guid":{"rendered":"https:\/\/nordicmart.andreevmaster.com\/product\/songmics-ggf010g05-altanmobelsaet-pe-polyrattan-loungesaet-bord-og-2-stole-havemobler-nem-montering-udendors-til-terrasse-altan-have-sort-gra-2\/"},"modified":"2026-02-27T08:55:14","modified_gmt":"2026-02-27T08:55:14","slug":"songmics-ggf010g05-altanmobelsaet-pe-polyrattan-loungesaet-bord-og-2-stole-havemobler-nem-montering-udendors-til-terrasse-altan-have-sort-gra-2","status":"publish","type":"product","link":"https:\/\/nordicmart.andreevmaster.com\/da\/vare\/songmics-ggf010g05-altanmobelsaet-pe-polyrattan-loungesaet-bord-og-2-stole-havemobler-nem-montering-udendors-til-terrasse-altan-have-sort-gra-2\/","title":{"rendered":"Songmics GGF010G05 Altanm\u00f8bels\u00e6t, PE polyrattan lounges\u00e6t, bord og 2 stole, havem\u00f8bler, nem montering, udend\u00f8rs, til terrasse, altan, have, sort\/gr\u00e5"},"content":{"rendered":"<p>Feriestemning i dit eget hjem: Vil du gerne hoppe ind i feriestemningen? S\u00e5 er dette m\u00f8bels\u00e6t det perfekte valg for dig. Det giver din have et dekorativt pr\u00e6g takket v\u00e6re de rene linjer og rattan-looket.<\/p>\n<p>Ingen kompliceret samling: Det er nemt at samle dette havem\u00f8bels\u00e6t, selv hvis du slet ikke er en g\u00f8r-det-selv-ekspert! Monteringstilbeh\u00f8ret, de pr\u00e6cist borede huller og de klare instruktioner g\u00f8r arbejdet lettere.<\/p>\n<p>Stabilt hold: Pulverlakerede st\u00e5lben, vejrbestandigt polyrattan &#8211; Hver stol kan klare en v\u00e6gt p\u00e5 op til 150 kg. Bordet har en ekstra forst\u00e6rkningsstang i bunden og kan holde til op til 30 kg.Et behageligt sted: En 5 cm tyk skumpolstring, et ergonomisk formet rygl\u00e6n, der tilpasser sig perfekt til din krop &#8211; s\u00e6t dig blot p\u00e5 en af disse stole for at slappe af og genoplade ny energi.<\/p>\n<p>Brug dem efter behov: P\u00e5 din altan, din terrasse, i din have og hvor som helst, hvor du vil slappe af eller sludre med vennerne. Eller placer altanm\u00f8blerne indend\u00f8rs for at skabe en spiseplads eller et hyggeligt l\u00e6sehj\u00f8rne.<\/p>\n","protected":false},"excerpt":{"rendered":"<p>Feriestemning i dit eget hjem: Vil du gerne hoppe ind i feriestemningen? S\u00e5 er dette m\u00f8bels\u00e6t det perfekte valg for dig. Det giver din have et dekorativt pr\u00e6g takket v\u00e6re de rene linjer og rattan-looket. Ingen kompliceret samling: Det er nemt at samle dette havem\u00f8bels\u00e6t, selv hvis du slet ikke er en g\u00f8r-det-selv-ekspert! Monteringstilbeh\u00f8ret, de [&hellip;]<\/p>\n","protected":false},"featured_media":0,"comment_status":"open","ping_status":"closed","template":"","meta":[],"product_brand":[],"product_cat":[31],"product_tag":[],"class_list":{"0":"post-21081","1":"product","2":"type-product","3":"status-publish","5":"product_cat-uncategorized-da","7":"first","8":"instock","9":"shipping-taxable","10":"purchasable","11":"product-type-simple"},"_links":{"self":[{"href":"https:\/\/nordicmart.andreevmaster.com\/da\/wp-json\/wp\/v2\/product\/21081","targetHints":{"allow":["GET"]}}],"collection":[{"href":"https:\/\/nordicmart.andreevmaster.com\/da\/wp-json\/wp\/v2\/product"}],"about":[{"href":"https:\/\/nordicmart.andreevmaster.com\/da\/wp-json\/wp\/v2\/types\/product"}],"replies":[{"embeddable":true,"href":"https:\/\/nordicmart.andreevmaster.com\/da\/wp-json\/wp\/v2\/comments?post=21081"}],"wp:attachment":[{"href":"https:\/\/nordicmart.andreevmaster.com\/da\/wp-json\/wp\/v2\/media?parent=21081"}],"wp:term":[{"taxonomy":"product_brand","embeddable":true,"href":"https:\/\/nordicmart.andreevmaster.com\/da\/wp-json\/wp\/v2\/product_brand?post=21081"},{"taxonomy":"product_cat","embeddable":true,"href":"https:\/\/nordicmart.andreevmaster.com\/da\/wp-json\/wp\/v2\/product_cat?post=21081"},{"taxonomy":"product_tag","embeddable":true,"href":"https:\/\/nordicmart.andreevmaster.com\/da\/wp-json\/wp\/v2\/product_tag?post=21081"}],"curies":[{"name":"wp","href":"https:\/\/api.w.org\/{rel}","templated":true}]}}