{"id":20941,"date":"2026-02-27T00:10:17","date_gmt":"2026-02-27T00:10:17","guid":{"rendered":"https:\/\/nordicmart.andreevmaster.com\/product\/overdaekning-til-havemobler\/"},"modified":"2026-02-27T08:54:51","modified_gmt":"2026-02-27T08:54:51","slug":"overdaekning-til-havemobler","status":"publish","type":"product","link":"https:\/\/nordicmart.andreevmaster.com\/da\/vare\/overdaekning-til-havemobler\/","title":{"rendered":"Overd\u00e6kning til havem\u00f8bler"},"content":{"rendered":"<p>GEN ELLER SOLSTR\u00c5LER: Frisk luft, varmt solskin, let vind &#8211; det er en ren forn\u00f8jelse at slappe af udenfor i s\u00e5dan et vejr. Men n\u00e5r vejret bliver d\u00e5rligere, redder dette overtr\u00e6k fra SONGMICS dine havem\u00f8bler. Overtr\u00e6kket beskytter dit havebord og dine havestole mod regn, sne, vind, st\u00f8v, pollen, sollys osv.<\/p>\n","protected":false},"excerpt":{"rendered":"<p>GEN ELLER SOLSTR\u00c5LER: Frisk luft, varmt solskin, let vind &#8211; det er en ren forn\u00f8jelse at slappe af udenfor i s\u00e5dan et vejr. Men n\u00e5r vejret bliver d\u00e5rligere, redder dette overtr\u00e6k fra SONGMICS dine havem\u00f8bler. Overtr\u00e6kket beskytter dit havebord og dine havestole mod regn, sne, vind, st\u00f8v, pollen, sollys osv.<\/p>\n","protected":false},"featured_media":0,"comment_status":"open","ping_status":"closed","template":"","meta":[],"product_brand":[],"product_cat":[31],"product_tag":[],"class_list":{"0":"post-20941","1":"product","2":"type-product","3":"status-publish","5":"product_cat-uncategorized-da","7":"first","8":"instock","9":"shipping-taxable","10":"product-type-simple"},"_links":{"self":[{"href":"https:\/\/nordicmart.andreevmaster.com\/da\/wp-json\/wp\/v2\/product\/20941","targetHints":{"allow":["GET"]}}],"collection":[{"href":"https:\/\/nordicmart.andreevmaster.com\/da\/wp-json\/wp\/v2\/product"}],"about":[{"href":"https:\/\/nordicmart.andreevmaster.com\/da\/wp-json\/wp\/v2\/types\/product"}],"replies":[{"embeddable":true,"href":"https:\/\/nordicmart.andreevmaster.com\/da\/wp-json\/wp\/v2\/comments?post=20941"}],"wp:attachment":[{"href":"https:\/\/nordicmart.andreevmaster.com\/da\/wp-json\/wp\/v2\/media?parent=20941"}],"wp:term":[{"taxonomy":"product_brand","embeddable":true,"href":"https:\/\/nordicmart.andreevmaster.com\/da\/wp-json\/wp\/v2\/product_brand?post=20941"},{"taxonomy":"product_cat","embeddable":true,"href":"https:\/\/nordicmart.andreevmaster.com\/da\/wp-json\/wp\/v2\/product_cat?post=20941"},{"taxonomy":"product_tag","embeddable":true,"href":"https:\/\/nordicmart.andreevmaster.com\/da\/wp-json\/wp\/v2\/product_tag?post=20941"}],"curies":[{"name":"wp","href":"https:\/\/api.w.org\/{rel}","templated":true}]}}