{"id":20813,"date":"2026-02-27T00:09:50","date_gmt":"2026-02-27T00:09:50","guid":{"rendered":"https:\/\/nordicmart.andreevmaster.com\/product\/strandstol-2-stk-sammenklappelig-stol-med-hoj-ryglaen-sammenklappelig\/"},"modified":"2026-02-27T08:54:30","modified_gmt":"2026-02-27T08:54:30","slug":"strandstol-2-stk-sammenklappelig-stol-med-hoj-ryglaen-sammenklappelig","status":"publish","type":"product","link":"https:\/\/nordicmart.andreevmaster.com\/da\/vare\/strandstol-2-stk-sammenklappelig-stol-med-hoj-ryglaen-sammenklappelig\/","title":{"rendered":"Strandstol 2 stk., sammenklappelig stol med h\u00f8j rygl\u00e6n, sammenklappelig"},"content":{"rendered":"<p>P\u00e5lidelig strandstol, hvis st\u00e5lr\u00f8rsstel sikrer stabilitet.  Sammenklapningsfunktionen er fremragende og minimerer stolens st\u00f8rrelse til et meget lille format.  S\u00e5 den tager n\u00e6sten ingen plads, n\u00e5r den transporteres f.eks. i en bil.  Den er ogs\u00e5 nem at transportere takket v\u00e6re den medf\u00f8lgende b\u00e6retaske. Siddekomforten er ogs\u00e5 enorm, man sidder lavt, hvilket giver en meget behagelig siddeoplevelse. G\u00f8r Songmics-strandstolen til din faste strandmakker i udend\u00f8rss\u00e6sonen. R\u00e5d: &#8211; Undg\u00e5 generelt kontakt mellem betr\u00e6kket og skarpe eller spidse genstande. &#8211; V\u00e6r forsigtig ved samling: Forkert h\u00e5ndtering af det foldbare stel kan for\u00e5rsage bl\u00e5 m\u00e6rker eller rifter. &#8211; Betr\u00e6kket kan ikke fjernes, men det kan reng\u00f8res med en b\u00f8rste.  Produktoplysninger: Pakken er udstyret med en beskyttelse, der ikke er beskyttet: &#8211; Farve: himmelbl\u00e5 (GCB61S); gr\u00f8n (GCB61G) &#8211; M\u00e5l: 1,5 cm: M\u00e5l: 64 x 56 x 53 cm (L x H x D) &#8211; Nettov\u00e6gt: ca. 2,4 kg &#8211; Bruttov\u00e6gt: ca. 2,9 kg &#8211; M\u00e5l sammenfoldet: 76,5 x 16 x 9,5 cm &#8211; Statistisk b\u00e6reevne med j\u00e6vn v\u00e6gtfordeling: maks. 140 kg Leveringsindhold: &#8211; 1 x strandstol &#8211; 1 x b\u00e6retaske<\/p>\n","protected":false},"excerpt":{"rendered":"<p>P\u00e5lidelig strandstol, hvis st\u00e5lr\u00f8rsstel sikrer stabilitet. Sammenklapningsfunktionen er fremragende og minimerer stolens st\u00f8rrelse til et meget lille format. S\u00e5 den tager n\u00e6sten ingen plads, n\u00e5r den transporteres f.eks. i en bil. Den er ogs\u00e5 nem at transportere takket v\u00e6re den medf\u00f8lgende b\u00e6retaske. Siddekomforten er ogs\u00e5 enorm, man sidder lavt, hvilket giver en meget behagelig siddeoplevelse. [&hellip;]<\/p>\n","protected":false},"featured_media":0,"comment_status":"open","ping_status":"closed","template":"","meta":[],"product_brand":[],"product_cat":[31],"product_tag":[],"class_list":{"0":"post-20813","1":"product","2":"type-product","3":"status-publish","5":"product_cat-uncategorized-da","7":"first","8":"instock","9":"shipping-taxable","10":"product-type-simple"},"_links":{"self":[{"href":"https:\/\/nordicmart.andreevmaster.com\/da\/wp-json\/wp\/v2\/product\/20813","targetHints":{"allow":["GET"]}}],"collection":[{"href":"https:\/\/nordicmart.andreevmaster.com\/da\/wp-json\/wp\/v2\/product"}],"about":[{"href":"https:\/\/nordicmart.andreevmaster.com\/da\/wp-json\/wp\/v2\/types\/product"}],"replies":[{"embeddable":true,"href":"https:\/\/nordicmart.andreevmaster.com\/da\/wp-json\/wp\/v2\/comments?post=20813"}],"wp:attachment":[{"href":"https:\/\/nordicmart.andreevmaster.com\/da\/wp-json\/wp\/v2\/media?parent=20813"}],"wp:term":[{"taxonomy":"product_brand","embeddable":true,"href":"https:\/\/nordicmart.andreevmaster.com\/da\/wp-json\/wp\/v2\/product_brand?post=20813"},{"taxonomy":"product_cat","embeddable":true,"href":"https:\/\/nordicmart.andreevmaster.com\/da\/wp-json\/wp\/v2\/product_cat?post=20813"},{"taxonomy":"product_tag","embeddable":true,"href":"https:\/\/nordicmart.andreevmaster.com\/da\/wp-json\/wp\/v2\/product_tag?post=20813"}],"curies":[{"name":"wp","href":"https:\/\/api.w.org\/{rel}","templated":true}]}}