{"id":20802,"date":"2026-02-27T00:09:48","date_gmt":"2026-02-27T00:09:48","guid":{"rendered":"https:\/\/nordicmart.andreevmaster.com\/product\/solseng-sammenfoldelig-solseng-53-x-193-x-29-cm\/"},"modified":"2026-02-27T08:54:28","modified_gmt":"2026-02-27T08:54:28","slug":"solseng-sammenfoldelig-solseng-53-x-193-x-29-cm","status":"publish","type":"product","link":"https:\/\/nordicmart.andreevmaster.com\/da\/vare\/solseng-sammenfoldelig-solseng-53-x-193-x-29-cm\/","title":{"rendered":"Solseng, sammenfoldelig solseng, 53 x 193 x 29 cm"},"content":{"rendered":"<p>Afslappet atmosf\u00e6re! Denne solseng er det perfekte indretningselement, der skaber en afslappet stemning p\u00e5 terrassen, altanen eller i haven. Selv derhjemme f\u00f8les det, som om du holder ferie p\u00e5 stranden \u2013 uden at lave noget! Hvem vil samle denne solseng? Ingen&#8230; Bare rolig, SONGMICS havde en god id\u00e9! Du skal blot folde den ud, og du har en solseng klar til de perfekte afslapningsmomenter. Produktdetaljer: Farve: M\u00f8rkegr\u00e5 Materiale: Jern, syntetisk fiberstof St\u00f8rrelse: 53 x 193 x 29,5 cm (L x B x H) V\u00e6gt: 6,8 kg Maks. statisk b\u00e6reevne: 150 kg Leveringsomfang: 1 x solseng SONGMICS bem\u00e6rkninger: Solsengens maksimale b\u00e6reevne er 150 kg. Overskrid ikke denne maksimale v\u00e6gt. Fold solsengen helt ud f\u00f8r brug. Placer ikke produktet udend\u00f8rs i l\u00e6ngere tid; uds\u00e6t ikke solsengen for regn eller st\u00e6rkt sollys.<\/p>\n","protected":false},"excerpt":{"rendered":"<p>Afslappet atmosf\u00e6re! Denne solseng er det perfekte indretningselement, der skaber en afslappet stemning p\u00e5 terrassen, altanen eller i haven. Selv derhjemme f\u00f8les det, som om du holder ferie p\u00e5 stranden \u2013 uden at lave noget! Hvem vil samle denne solseng? Ingen&#8230; Bare rolig, SONGMICS havde en god id\u00e9! Du skal blot folde den ud, og [&hellip;]<\/p>\n","protected":false},"featured_media":0,"comment_status":"open","ping_status":"closed","template":"","meta":[],"product_brand":[],"product_cat":[31],"product_tag":[],"class_list":{"0":"post-20802","1":"product","2":"type-product","3":"status-publish","5":"product_cat-uncategorized-da","7":"first","8":"instock","9":"shipping-taxable","10":"product-type-simple"},"_links":{"self":[{"href":"https:\/\/nordicmart.andreevmaster.com\/da\/wp-json\/wp\/v2\/product\/20802","targetHints":{"allow":["GET"]}}],"collection":[{"href":"https:\/\/nordicmart.andreevmaster.com\/da\/wp-json\/wp\/v2\/product"}],"about":[{"href":"https:\/\/nordicmart.andreevmaster.com\/da\/wp-json\/wp\/v2\/types\/product"}],"replies":[{"embeddable":true,"href":"https:\/\/nordicmart.andreevmaster.com\/da\/wp-json\/wp\/v2\/comments?post=20802"}],"wp:attachment":[{"href":"https:\/\/nordicmart.andreevmaster.com\/da\/wp-json\/wp\/v2\/media?parent=20802"}],"wp:term":[{"taxonomy":"product_brand","embeddable":true,"href":"https:\/\/nordicmart.andreevmaster.com\/da\/wp-json\/wp\/v2\/product_brand?post=20802"},{"taxonomy":"product_cat","embeddable":true,"href":"https:\/\/nordicmart.andreevmaster.com\/da\/wp-json\/wp\/v2\/product_cat?post=20802"},{"taxonomy":"product_tag","embeddable":true,"href":"https:\/\/nordicmart.andreevmaster.com\/da\/wp-json\/wp\/v2\/product_tag?post=20802"}],"curies":[{"name":"wp","href":"https:\/\/api.w.org\/{rel}","templated":true}]}}