{"id":20768,"date":"2026-02-27T00:09:42","date_gmt":"2026-02-27T00:09:42","guid":{"rendered":"https:\/\/nordicmart.andreevmaster.com\/product\/sammenklappelig-strandstol-gron-2\/"},"modified":"2026-02-27T08:54:22","modified_gmt":"2026-02-27T08:54:22","slug":"sammenklappelig-strandstol-gron-2","status":"publish","type":"product","link":"https:\/\/nordicmart.andreevmaster.com\/da\/vare\/sammenklappelig-strandstol-gron-2\/","title":{"rendered":"Sammenklappelig strandstol gr\u00f8n"},"content":{"rendered":"<p>P\u00e5lidelig strandstol med r\u00f8rformet st\u00e5lramme, der sikrer stabilitet.  Foldefunktionen er fantastisk og minimerer stolen til en meget kompakt st\u00f8rrelse.  Det betyder, at den n\u00e6sten ikke fylder noget, n\u00e5r den transporteres, f.eks. i bilen.  Den er ogs\u00e5 nem at transportere takket v\u00e6re den medf\u00f8lgende b\u00e6retaske. Siddekomforten er ogs\u00e5 enorm, man sidder lavt, hvilket giver en yderst behagelig siddeoplevelse. G\u00f8r Songmics strandstol til din faste strandkammerat i den udend\u00f8rs bades\u00e6son. R\u00e5d: &#8211; Undg\u00e5 generelt, at betr\u00e6kket kommer i kontakt med skarpe eller spidse genstande. &#8211; V\u00e6r forsigtig, n\u00e5r du samler den: Forkert h\u00e5ndtering af foldestellet kan resultere i bl\u00e5 m\u00e6rker eller snits\u00e5r. &#8211; Betr\u00e6kket er ikke aftageligt, men kan t\u00f8rres af med en b\u00f8rste.  Detaljer om produktet: &#8211; Farve: himmelbl\u00e5 (GCB61S); gr\u00f8n (GCB61G) &#8211; M\u00e5l: 64 x 56 x 53 cm (B x H x D) &#8211; Nettov\u00e6gt: ca. 2,4 kg &#8211; Bruttov\u00e6gt: ca. 2,9 kg &#8211; M\u00e5l, n\u00e5r den er foldet sammen: 76,5 x 16 x 9,5 cm &#8211; Statistisk belastningskapacitet med j\u00e6vn v\u00e6gtfordeling: maks. 140 kg Leveringsomfang: &#8211; 1 x strandstol &#8211; 1 x b\u00e6retaske<\/p>\n","protected":false},"excerpt":{"rendered":"<p>P\u00e5lidelig strandstol med r\u00f8rformet st\u00e5lramme, der sikrer stabilitet. Foldefunktionen er fantastisk og minimerer stolen til en meget kompakt st\u00f8rrelse. Det betyder, at den n\u00e6sten ikke fylder noget, n\u00e5r den transporteres, f.eks. i bilen. Den er ogs\u00e5 nem at transportere takket v\u00e6re den medf\u00f8lgende b\u00e6retaske. Siddekomforten er ogs\u00e5 enorm, man sidder lavt, hvilket giver en yderst [&hellip;]<\/p>\n","protected":false},"featured_media":0,"comment_status":"open","ping_status":"closed","template":"","meta":[],"product_brand":[],"product_cat":[31],"product_tag":[],"class_list":{"0":"post-20768","1":"product","2":"type-product","3":"status-publish","5":"product_cat-uncategorized-da","7":"first","8":"instock","9":"shipping-taxable","10":"product-type-simple"},"_links":{"self":[{"href":"https:\/\/nordicmart.andreevmaster.com\/da\/wp-json\/wp\/v2\/product\/20768","targetHints":{"allow":["GET"]}}],"collection":[{"href":"https:\/\/nordicmart.andreevmaster.com\/da\/wp-json\/wp\/v2\/product"}],"about":[{"href":"https:\/\/nordicmart.andreevmaster.com\/da\/wp-json\/wp\/v2\/types\/product"}],"replies":[{"embeddable":true,"href":"https:\/\/nordicmart.andreevmaster.com\/da\/wp-json\/wp\/v2\/comments?post=20768"}],"wp:attachment":[{"href":"https:\/\/nordicmart.andreevmaster.com\/da\/wp-json\/wp\/v2\/media?parent=20768"}],"wp:term":[{"taxonomy":"product_brand","embeddable":true,"href":"https:\/\/nordicmart.andreevmaster.com\/da\/wp-json\/wp\/v2\/product_brand?post=20768"},{"taxonomy":"product_cat","embeddable":true,"href":"https:\/\/nordicmart.andreevmaster.com\/da\/wp-json\/wp\/v2\/product_cat?post=20768"},{"taxonomy":"product_tag","embeddable":true,"href":"https:\/\/nordicmart.andreevmaster.com\/da\/wp-json\/wp\/v2\/product_tag?post=20768"}],"curies":[{"name":"wp","href":"https:\/\/api.w.org\/{rel}","templated":true}]}}