{"id":20760,"date":"2026-02-27T00:09:40","date_gmt":"2026-02-27T00:09:40","guid":{"rendered":"https:\/\/nordicmart.andreevmaster.com\/product\/sort-liggestol-i-polyrattan-2\/"},"modified":"2026-02-27T08:54:21","modified_gmt":"2026-02-27T08:54:21","slug":"sort-liggestol-i-polyrattan-2","status":"publish","type":"product","link":"https:\/\/nordicmart.andreevmaster.com\/da\/vare\/sort-liggestol-i-polyrattan-2\/","title":{"rendered":"Sort liggestol i polyrattan"},"content":{"rendered":"<p>Jo st\u00f8rre, jo bedre! Fordi du har brug for masser af plads til at slappe af, har SONGMICS designet denne liggestol med en st\u00f8rrelse p\u00e5 59 x 198 x 28 cm. P\u00e5 denne liggestol vil dine f\u00f8dder ikke stikke ud over hynden! Afslappet atmosf\u00e6re! Uanset om det er p\u00e5 terrassen, p\u00e5 altanen eller i haven, er denne solseng det perfekte dekorative element, der skaber en afslappet atmosf\u00e6re. Selv derhjemme vil du f\u00f8le, at du tilbringer din ferie p\u00e5 stranden. Produktdetaljer:- Farve: sort- Materiale: jern, plast, polyesterstof, skum- St\u00f8rrelse: 59 x 198 x 28 cm (L x B x H)- V\u00e6gt: 14 kg- Maks. statisk belastningskapacitet: 150 kgLeveringsomfang:- 1 x solseng- 1 x hyndeSONGMICS Bem\u00e6rkninger:- Den maksimale belastningskapacitet for solsengen er 150 kg. Placer ikke produktet udend\u00f8rs i l\u00e6ngere tid; uds\u00e6t ikke liggestolen for regn eller st\u00e6rkt sollys.<\/p>\n","protected":false},"excerpt":{"rendered":"<p>Jo st\u00f8rre, jo bedre! Fordi du har brug for masser af plads til at slappe af, har SONGMICS designet denne liggestol med en st\u00f8rrelse p\u00e5 59 x 198 x 28 cm. P\u00e5 denne liggestol vil dine f\u00f8dder ikke stikke ud over hynden! Afslappet atmosf\u00e6re! Uanset om det er p\u00e5 terrassen, p\u00e5 altanen eller i haven, [&hellip;]<\/p>\n","protected":false},"featured_media":0,"comment_status":"open","ping_status":"closed","template":"","meta":[],"product_brand":[],"product_cat":[31],"product_tag":[],"class_list":{"0":"post-20760","1":"product","2":"type-product","3":"status-publish","5":"product_cat-uncategorized-da","7":"first","8":"instock","9":"shipping-taxable","10":"product-type-simple"},"_links":{"self":[{"href":"https:\/\/nordicmart.andreevmaster.com\/da\/wp-json\/wp\/v2\/product\/20760","targetHints":{"allow":["GET"]}}],"collection":[{"href":"https:\/\/nordicmart.andreevmaster.com\/da\/wp-json\/wp\/v2\/product"}],"about":[{"href":"https:\/\/nordicmart.andreevmaster.com\/da\/wp-json\/wp\/v2\/types\/product"}],"replies":[{"embeddable":true,"href":"https:\/\/nordicmart.andreevmaster.com\/da\/wp-json\/wp\/v2\/comments?post=20760"}],"wp:attachment":[{"href":"https:\/\/nordicmart.andreevmaster.com\/da\/wp-json\/wp\/v2\/media?parent=20760"}],"wp:term":[{"taxonomy":"product_brand","embeddable":true,"href":"https:\/\/nordicmart.andreevmaster.com\/da\/wp-json\/wp\/v2\/product_brand?post=20760"},{"taxonomy":"product_cat","embeddable":true,"href":"https:\/\/nordicmart.andreevmaster.com\/da\/wp-json\/wp\/v2\/product_cat?post=20760"},{"taxonomy":"product_tag","embeddable":true,"href":"https:\/\/nordicmart.andreevmaster.com\/da\/wp-json\/wp\/v2\/product_tag?post=20760"}],"curies":[{"name":"wp","href":"https:\/\/api.w.org\/{rel}","templated":true}]}}