{"id":20743,"date":"2026-02-27T00:09:37","date_gmt":"2026-02-27T00:09:37","guid":{"rendered":"https:\/\/nordicmart.andreevmaster.com\/product\/havestol-sort-2\/"},"modified":"2026-02-27T08:54:18","modified_gmt":"2026-02-27T08:54:18","slug":"havestol-sort-2","status":"publish","type":"product","link":"https:\/\/nordicmart.andreevmaster.com\/da\/vare\/havestol-sort-2\/","title":{"rendered":"Havestol sort"},"content":{"rendered":"<p>Er du p\u00e5 udkig efter en liggestol til at slappe af i haven p\u00e5 varme sommerdage og nyde den friske luft? Denne gyngestol fra SONGMICS vil komme dig til unds\u00e6tning! Ah, sikke en forn\u00f8jelse! S\u00e6t dig i denne gyngestol, l\u00e6n dig tilbage og vug frem og tilbage p\u00e5 en afslappet m\u00e5de. Den tilbagel\u00e6nede overflade af syntetisk fiberstof i h\u00f8j kvalitet er \u00e5ndbar og behagelig at r\u00f8re ved, mens den f\u00f8rsteklasses jernramme ogs\u00e5 sikrer en lang levetid. Praktiske arml\u00e6n, bl\u00f8d nakkest\u00f8tte og aftagelig opbevaringstaske &#8211; denne havestol giver dig et perfekt sted at slappe af og nyde k\u00f8lige drinks om sommeren eller se den smukke solnedgang. Placer denne gyngestol i din have nu, og g\u00f8r dig det behageligt! Produktdetaljer:- Farve: Sort- Materiale: Jernramme, syntetisk fiberstof- Samlet st\u00f8rrelse: 63 x 147 x 89 cm (L x B x H)- Emballagest\u00f8rrelse: 97 x 38 x 8 cm- V\u00e6gt: 10,3 kg- Maks. statisk belastningskapacitet: 150 kgLeveringsomfang:- 1 x gyngestol- 1 x brugsanvisning (DE, EN, FR, ES, IT)SONGMICS Bem\u00e6rkninger:- Gyngestolens maksimale belastningskapacitet er 150 kg. Overskrid ikke denne maksimale v\u00e6gt.- Beskyt produktet mod regn; uds\u00e6t ikke gyngestolen for st\u00e6rkt sollys i l\u00e6ngere tid.<\/p>\n","protected":false},"excerpt":{"rendered":"<p>Er du p\u00e5 udkig efter en liggestol til at slappe af i haven p\u00e5 varme sommerdage og nyde den friske luft? Denne gyngestol fra SONGMICS vil komme dig til unds\u00e6tning! Ah, sikke en forn\u00f8jelse! S\u00e6t dig i denne gyngestol, l\u00e6n dig tilbage og vug frem og tilbage p\u00e5 en afslappet m\u00e5de. Den tilbagel\u00e6nede overflade af [&hellip;]<\/p>\n","protected":false},"featured_media":0,"comment_status":"open","ping_status":"closed","template":"","meta":[],"product_brand":[],"product_cat":[31],"product_tag":[],"class_list":{"0":"post-20743","1":"product","2":"type-product","3":"status-publish","5":"product_cat-uncategorized-da","7":"first","8":"instock","9":"shipping-taxable","10":"product-type-simple"},"_links":{"self":[{"href":"https:\/\/nordicmart.andreevmaster.com\/da\/wp-json\/wp\/v2\/product\/20743","targetHints":{"allow":["GET"]}}],"collection":[{"href":"https:\/\/nordicmart.andreevmaster.com\/da\/wp-json\/wp\/v2\/product"}],"about":[{"href":"https:\/\/nordicmart.andreevmaster.com\/da\/wp-json\/wp\/v2\/types\/product"}],"replies":[{"embeddable":true,"href":"https:\/\/nordicmart.andreevmaster.com\/da\/wp-json\/wp\/v2\/comments?post=20743"}],"wp:attachment":[{"href":"https:\/\/nordicmart.andreevmaster.com\/da\/wp-json\/wp\/v2\/media?parent=20743"}],"wp:term":[{"taxonomy":"product_brand","embeddable":true,"href":"https:\/\/nordicmart.andreevmaster.com\/da\/wp-json\/wp\/v2\/product_brand?post=20743"},{"taxonomy":"product_cat","embeddable":true,"href":"https:\/\/nordicmart.andreevmaster.com\/da\/wp-json\/wp\/v2\/product_cat?post=20743"},{"taxonomy":"product_tag","embeddable":true,"href":"https:\/\/nordicmart.andreevmaster.com\/da\/wp-json\/wp\/v2\/product_tag?post=20743"}],"curies":[{"name":"wp","href":"https:\/\/api.w.org\/{rel}","templated":true}]}}