{"id":20738,"date":"2026-02-27T00:09:36","date_gmt":"2026-02-27T00:09:36","guid":{"rendered":"https:\/\/nordicmart.andreevmaster.com\/product\/solseng-med-gra-skaerm-2\/"},"modified":"2026-02-27T08:54:18","modified_gmt":"2026-02-27T08:54:18","slug":"solseng-med-gra-skaerm-2","status":"publish","type":"product","link":"https:\/\/nordicmart.andreevmaster.com\/da\/vare\/solseng-med-gra-skaerm-2\/","title":{"rendered":"Solseng med gr\u00e5 sk\u00e6rm"},"content":{"rendered":"<p>Tidl\u00f8st design Sommeren er p\u00e5 vej, og du har brug for en moderne og stilfuld liggestol i haven, ved poolen, p\u00e5 stranden eller p\u00e5 camping. Hvis du placerer den ved poolen, vil denne liggestol helt sikkert imponere dine venner. En uundv\u00e6rlig ledsager, n\u00e5r du slapper af derhjemme eller udend\u00f8rs. Transportabel, robust og holdbar Denne liggestol kan hurtigt foldes ud og kr\u00e6ver ingen samling (m\u00e5l i sammenfoldet tilstand: 76,5 x 73 x 21 cm B\/H\/D). Den vejer kun 9 kg og er udstyret med h\u00e5ndtag, s\u00e5 den kan transporteres. N\u00e5r du tager p\u00e5 ferie, kan du tage den med dig, f.eks. til stranden eller p\u00e5 camping. Du kan ligge behageligt p\u00e5 den og nyde solen. Sammenlignet med andre liggestole p\u00e5 markedet er denne ekstra lang og bred (210 x 35 x 75 cm B\/H\/D, n\u00e5r den er foldet ud). Stellet er lavet af pulverlakerede st\u00e5lr\u00f8r, og liggefladen er lavet af syntetisk fiberstof af h\u00f8j kvalitet, s\u00e5 liggestolen er holdbar. Udstyret med alt, hvad du har brug for Det 4-trins justerbare rygl\u00e6n aflaster din ryg; den frit justerbare solsk\u00e6rm beskytter dit ansigt mod solens str\u00e5ler; hovedpuden med elastisk strop st\u00f8tter din nakke og er meget hyggelig. De skridsikre gulvglidere \u00f8ger stabiliteten. Detaljer om produktet: &#8211; Farve: m\u00f8rkegr\u00e5 GCB22GY \/ bl\u00e5 GCB22BU &#8211; Materiale: pulverlakeret st\u00e5lr\u00f8r, syntetisk fiberstof &#8211; M\u00e5l, n\u00e5r den er sat op: 210 x 35 x 73 cm (B x H x D) &#8211; M\u00e5l, n\u00e5r den er foldet sammen: 76,5 x 73 x 21 cm (B x H x D) &#8211; V\u00e6gt: 9 kg Leveringsomfang: &#8211; 1 x solseng &#8211; 1 x brugsanvisning (DE, EN, FR, IT, ES)<\/p>\n","protected":false},"excerpt":{"rendered":"<p>Tidl\u00f8st design Sommeren er p\u00e5 vej, og du har brug for en moderne og stilfuld liggestol i haven, ved poolen, p\u00e5 stranden eller p\u00e5 camping. Hvis du placerer den ved poolen, vil denne liggestol helt sikkert imponere dine venner. En uundv\u00e6rlig ledsager, n\u00e5r du slapper af derhjemme eller udend\u00f8rs. Transportabel, robust og holdbar Denne liggestol [&hellip;]<\/p>\n","protected":false},"featured_media":0,"comment_status":"open","ping_status":"closed","template":"","meta":[],"product_brand":[],"product_cat":[31],"product_tag":[],"class_list":{"0":"post-20738","1":"product","2":"type-product","3":"status-publish","5":"product_cat-uncategorized-da","7":"first","8":"instock","9":"shipping-taxable","10":"product-type-simple"},"_links":{"self":[{"href":"https:\/\/nordicmart.andreevmaster.com\/da\/wp-json\/wp\/v2\/product\/20738","targetHints":{"allow":["GET"]}}],"collection":[{"href":"https:\/\/nordicmart.andreevmaster.com\/da\/wp-json\/wp\/v2\/product"}],"about":[{"href":"https:\/\/nordicmart.andreevmaster.com\/da\/wp-json\/wp\/v2\/types\/product"}],"replies":[{"embeddable":true,"href":"https:\/\/nordicmart.andreevmaster.com\/da\/wp-json\/wp\/v2\/comments?post=20738"}],"wp:attachment":[{"href":"https:\/\/nordicmart.andreevmaster.com\/da\/wp-json\/wp\/v2\/media?parent=20738"}],"wp:term":[{"taxonomy":"product_brand","embeddable":true,"href":"https:\/\/nordicmart.andreevmaster.com\/da\/wp-json\/wp\/v2\/product_brand?post=20738"},{"taxonomy":"product_cat","embeddable":true,"href":"https:\/\/nordicmart.andreevmaster.com\/da\/wp-json\/wp\/v2\/product_cat?post=20738"},{"taxonomy":"product_tag","embeddable":true,"href":"https:\/\/nordicmart.andreevmaster.com\/da\/wp-json\/wp\/v2\/product_tag?post=20738"}],"curies":[{"name":"wp","href":"https:\/\/api.w.org\/{rel}","templated":true}]}}