{"id":20730,"date":"2026-02-27T00:09:34","date_gmt":"2026-02-27T00:09:34","guid":{"rendered":"https:\/\/nordicmart.andreevmaster.com\/product\/lejrseng-med-pude-sort-2\/"},"modified":"2026-02-27T08:54:16","modified_gmt":"2026-02-27T08:54:16","slug":"lejrseng-med-pude-sort-2","status":"publish","type":"product","link":"https:\/\/nordicmart.andreevmaster.com\/da\/vare\/lejrseng-med-pude-sort-2\/","title":{"rendered":"Lejrseng med pude sort"},"content":{"rendered":"<p>P\u00e5lidelig campingseng med st\u00e5lramme, nem at h\u00e5ndtere og ukompliceret at s\u00e6tte op. Med Songmics&#8217; campingseng kan du m\u00e6rke friheden under stjernerne.  Den gode pris adskiller dette tilbud fra andre campingsenge. Lejrsengen er ideel til camping-, vandre- og fisketure. Den ekstra store liggeflade giver masser af plads. Den ekstra l\u00e6ngde betyder, at du kan ligge behageligt i den. Sovekomforten er meget bedre end p\u00e5 en isolerende m\u00e5tte, og h\u00f8jden giver ekstra beskyttelse mod den kolde jord. Den har en reng\u00f8ringsvenlig overflade og er vand- og smudsafvisende. Sammen med den uds\u00f8gte polstring og det tidl\u00f8se design bidrager den til en smagfuld atmosf\u00e6re og fungerer ogs\u00e5 som et attraktivt blikfang. Bem\u00e6rkninger: &#8211; Hvis feltsengen placeres med hoved- eller fodende mod v\u00e6ggen, bliver den mere stabil. &#8211; Undg\u00e5 generelt, at betr\u00e6kket kommer i kontakt med skarpe eller spidse genstande &#8211; V\u00e6r forsigtig, n\u00e5r du samler det: Forkert h\u00e5ndtering af klaprammen kan resultere i knusning eller snits\u00e5r &#8211; Betr\u00e6kket kan ikke tages af, men det kan t\u00f8rres af med en b\u00f8rste for at reng\u00f8re det. Hvis du vil ligge lidt bl\u00f8dere, kan du bruge et almindeligt haveunderlag eller et uldt\u00e6ppe som underlag.Produktdetaljer:- Farve: sort- M\u00e5l: 200 x 74 x 39 cm- Nettov\u00e6gt: ca. 7,5 kg- Bruttov\u00e6gt: ca. 8 kg- M\u00e5l i sammenfoldet tilstand: 100 x 74 x 12 cm- Statistisk belastningskapacitet med j\u00e6vn v\u00e6gtfordeling: maks. 260 kg Leveringsomfang: &#8211; 1 x campingseng &#8211; 1 x b\u00e6retaske<\/p>\n","protected":false},"excerpt":{"rendered":"<p>P\u00e5lidelig campingseng med st\u00e5lramme, nem at h\u00e5ndtere og ukompliceret at s\u00e6tte op. Med Songmics&#8217; campingseng kan du m\u00e6rke friheden under stjernerne. Den gode pris adskiller dette tilbud fra andre campingsenge. Lejrsengen er ideel til camping-, vandre- og fisketure. Den ekstra store liggeflade giver masser af plads. Den ekstra l\u00e6ngde betyder, at du kan ligge behageligt [&hellip;]<\/p>\n","protected":false},"featured_media":0,"comment_status":"open","ping_status":"closed","template":"","meta":[],"product_brand":[],"product_cat":[31],"product_tag":[],"class_list":{"0":"post-20730","1":"product","2":"type-product","3":"status-publish","5":"product_cat-uncategorized-da","7":"first","8":"instock","9":"shipping-taxable","10":"product-type-simple"},"_links":{"self":[{"href":"https:\/\/nordicmart.andreevmaster.com\/da\/wp-json\/wp\/v2\/product\/20730","targetHints":{"allow":["GET"]}}],"collection":[{"href":"https:\/\/nordicmart.andreevmaster.com\/da\/wp-json\/wp\/v2\/product"}],"about":[{"href":"https:\/\/nordicmart.andreevmaster.com\/da\/wp-json\/wp\/v2\/types\/product"}],"replies":[{"embeddable":true,"href":"https:\/\/nordicmart.andreevmaster.com\/da\/wp-json\/wp\/v2\/comments?post=20730"}],"wp:attachment":[{"href":"https:\/\/nordicmart.andreevmaster.com\/da\/wp-json\/wp\/v2\/media?parent=20730"}],"wp:term":[{"taxonomy":"product_brand","embeddable":true,"href":"https:\/\/nordicmart.andreevmaster.com\/da\/wp-json\/wp\/v2\/product_brand?post=20730"},{"taxonomy":"product_cat","embeddable":true,"href":"https:\/\/nordicmart.andreevmaster.com\/da\/wp-json\/wp\/v2\/product_cat?post=20730"},{"taxonomy":"product_tag","embeddable":true,"href":"https:\/\/nordicmart.andreevmaster.com\/da\/wp-json\/wp\/v2\/product_tag?post=20730"}],"curies":[{"name":"wp","href":"https:\/\/api.w.org\/{rel}","templated":true}]}}