{"id":20727,"date":"2026-02-27T00:09:33","date_gmt":"2026-02-27T00:09:33","guid":{"rendered":"https:\/\/nordicmart.andreevmaster.com\/product\/solstol-liggestol-med-nakkestotte-justerbart-ryglaen-parasol-let-sammenklappelig-53-x-193-x-295-cm-belastningskapacitet-150-kg-til-haven-morkegra-gcb19uv1\/"},"modified":"2026-02-27T08:54:16","modified_gmt":"2026-02-27T08:54:16","slug":"solstol-liggestol-med-nakkestotte-justerbart-ryglaen-parasol-let-sammenklappelig-53-x-193-x-295-cm-belastningskapacitet-150-kg-til-haven-morkegra-gcb19uv1","status":"publish","type":"product","link":"https:\/\/nordicmart.andreevmaster.com\/da\/vare\/solstol-liggestol-med-nakkestotte-justerbart-ryglaen-parasol-let-sammenklappelig-53-x-193-x-295-cm-belastningskapacitet-150-kg-til-haven-morkegra-gcb19uv1\/","title":{"rendered":"Solstol, liggestol, med nakkest\u00f8tte, justerbart rygl\u00e6n, parasol, let, sammenklappelig, 53 x 193 x 29,5 cm, belastningskapacitet 150 kg, til haven, m\u00f8rkegr\u00e5 GCB19UV1"},"content":{"rendered":"","protected":false},"excerpt":{"rendered":"","protected":false},"featured_media":0,"comment_status":"open","ping_status":"closed","template":"","meta":[],"product_brand":[],"product_cat":[31],"product_tag":[],"class_list":{"0":"post-20727","1":"product","2":"type-product","3":"status-publish","5":"product_cat-uncategorized-da","7":"first","8":"instock","9":"shipping-taxable","10":"product-type-simple"},"_links":{"self":[{"href":"https:\/\/nordicmart.andreevmaster.com\/da\/wp-json\/wp\/v2\/product\/20727","targetHints":{"allow":["GET"]}}],"collection":[{"href":"https:\/\/nordicmart.andreevmaster.com\/da\/wp-json\/wp\/v2\/product"}],"about":[{"href":"https:\/\/nordicmart.andreevmaster.com\/da\/wp-json\/wp\/v2\/types\/product"}],"replies":[{"embeddable":true,"href":"https:\/\/nordicmart.andreevmaster.com\/da\/wp-json\/wp\/v2\/comments?post=20727"}],"wp:attachment":[{"href":"https:\/\/nordicmart.andreevmaster.com\/da\/wp-json\/wp\/v2\/media?parent=20727"}],"wp:term":[{"taxonomy":"product_brand","embeddable":true,"href":"https:\/\/nordicmart.andreevmaster.com\/da\/wp-json\/wp\/v2\/product_brand?post=20727"},{"taxonomy":"product_cat","embeddable":true,"href":"https:\/\/nordicmart.andreevmaster.com\/da\/wp-json\/wp\/v2\/product_cat?post=20727"},{"taxonomy":"product_tag","embeddable":true,"href":"https:\/\/nordicmart.andreevmaster.com\/da\/wp-json\/wp\/v2\/product_tag?post=20727"}],"curies":[{"name":"wp","href":"https:\/\/api.w.org\/{rel}","templated":true}]}}