{"id":20722,"date":"2026-02-27T00:09:32","date_gmt":"2026-02-27T00:09:32","guid":{"rendered":"https:\/\/nordicmart.andreevmaster.com\/product\/solseng-liggestol-med-solskaerm-justerbart-ryglaen-sammenklappelig-letvaegt-55-x-193-x-31-cm-belastningskapacitet-150-kg-til-have-terrasse-rogfarvet-gra-gcb19gyv1-2\/"},"modified":"2026-02-27T08:54:15","modified_gmt":"2026-02-27T08:54:15","slug":"solseng-liggestol-med-solskaerm-justerbart-ryglaen-sammenklappelig-letvaegt-55-x-193-x-31-cm-belastningskapacitet-150-kg-til-have-terrasse-rogfarvet-gra-gcb19gyv1-2","status":"publish","type":"product","link":"https:\/\/nordicmart.andreevmaster.com\/da\/vare\/solseng-liggestol-med-solskaerm-justerbart-ryglaen-sammenklappelig-letvaegt-55-x-193-x-31-cm-belastningskapacitet-150-kg-til-have-terrasse-rogfarvet-gra-gcb19gyv1-2\/","title":{"rendered":"Solseng, liggestol med solsk\u00e6rm, justerbart rygl\u00e6n, sammenklappelig, letv\u00e6gt, 55 x 193 x 31 cm, belastningskapacitet 150 kg, til have, terrasse, r\u00f8gfarvet gr\u00e5 GCB19GYV1"},"content":{"rendered":"<p>LOUNGE MED ELEGANCE: En fremragende solseng designet til alle; brug den som en perfekt solstol, afslapnings- eller l\u00e6sested derhjemme, i haven, p\u00e5 terrassen eller ved swimmingpoolen; eller bare tag den med p\u00e5 din n\u00e6ste strandtur eller camping; moderne og innovativt design g\u00f8r den til et blikfang.PRAKTISK, LET, ROBUST: Den optager kun lidt plads til opbevaring; rustfri og modstandsdygtig aluminiumsramme forl\u00e6nger dens levetid; vejer kun 6,6 kg og kan nemt b\u00e6res med det indbyggede h\u00e5ndtag. Overfladen p\u00e5 denne hvilestol er lavet af f\u00f8rsteklasses syntetisk stof, som er \u00e5ndbart, modstandsdygtigt over for UV og fugt og ogs\u00e5 supernemt at reng\u00f8re.<\/p>\n<p>OVERORDNET FLEKSIBILITET: 5 hvilepositioner for det justerbare rygl\u00e6n og den aftagelige pude, som du foretr\u00e6kker; juster solsk\u00e6rmen til den vinkel, du har brug for, s\u00e5 du kan nyde solen n\u00e5r som helst uden at blive solskoldet.SKRIDSIKRE F\u00d8DDER: Takket v\u00e6re de skridsikre f\u00f8dder vil denne udend\u00f8rs loungestol st\u00e5 helt stille p\u00e5 ethvert gulv eller underlag; sikkerhedsbeslag i 4 hj\u00f8rner kan l\u00e5ses, n\u00e5r stolen er sat op; fremragende kundeservice garanterer 100% tilfredshed. Uanset om det er p\u00e5 terrassen, p\u00e5 altanen eller i haven, er denne solseng det perfekte dekorative element, der skaber en afslappet atmosf\u00e6re. Selv derhjemme vil du f\u00f8le, at du er p\u00e5 ferie p\u00e5 stranden og ikke laver noget! Hvem vil samle denne liggestol? Ingen&#8230; Bare rolig, SONGMICS havde en god id\u00e9! Alt, hvad du skal g\u00f8re, er at folde den ud, og s\u00e5 har du en liggestol til r\u00e5dighed til \u00f8jeblikke med total afslapning.Produktdetaljer:Farve: R\u00f8ggr\u00e5Materiale: Aluminium, syntetisk fiberstof St\u00f8rrelse: 55 x 193 x 31 cm (L x B x H) V\u00e6gt: 4,9 kg Maksimal statisk belastningskapacitet: 150 kg Leveringsomfang: 1 x solseng SONGICS instruktioner:Solvognens maksimale belastningskapacitet er 150 kg Overskrid venligst ikke denne maksimale v\u00e6gtUdfold venligst solvognen helt f\u00f8r brugAnbring venligst ikke produktet udend\u00f8rs i l\u00e6ngere tid; uds\u00e6t ikke solvognen for regn eller st\u00e6rkt sollys<\/p>\n","protected":false},"excerpt":{"rendered":"<p>LOUNGE MED ELEGANCE: En fremragende solseng designet til alle; brug den som en perfekt solstol, afslapnings- eller l\u00e6sested derhjemme, i haven, p\u00e5 terrassen eller ved swimmingpoolen; eller bare tag den med p\u00e5 din n\u00e6ste strandtur eller camping; moderne og innovativt design g\u00f8r den til et blikfang.PRAKTISK, LET, ROBUST: Den optager kun lidt plads til opbevaring; [&hellip;]<\/p>\n","protected":false},"featured_media":0,"comment_status":"open","ping_status":"closed","template":"","meta":[],"product_brand":[],"product_cat":[31],"product_tag":[],"class_list":{"0":"post-20722","1":"product","2":"type-product","3":"status-publish","5":"product_cat-uncategorized-da","7":"first","8":"instock","9":"shipping-taxable","10":"product-type-simple"},"_links":{"self":[{"href":"https:\/\/nordicmart.andreevmaster.com\/da\/wp-json\/wp\/v2\/product\/20722","targetHints":{"allow":["GET"]}}],"collection":[{"href":"https:\/\/nordicmart.andreevmaster.com\/da\/wp-json\/wp\/v2\/product"}],"about":[{"href":"https:\/\/nordicmart.andreevmaster.com\/da\/wp-json\/wp\/v2\/types\/product"}],"replies":[{"embeddable":true,"href":"https:\/\/nordicmart.andreevmaster.com\/da\/wp-json\/wp\/v2\/comments?post=20722"}],"wp:attachment":[{"href":"https:\/\/nordicmart.andreevmaster.com\/da\/wp-json\/wp\/v2\/media?parent=20722"}],"wp:term":[{"taxonomy":"product_brand","embeddable":true,"href":"https:\/\/nordicmart.andreevmaster.com\/da\/wp-json\/wp\/v2\/product_brand?post=20722"},{"taxonomy":"product_cat","embeddable":true,"href":"https:\/\/nordicmart.andreevmaster.com\/da\/wp-json\/wp\/v2\/product_cat?post=20722"},{"taxonomy":"product_tag","embeddable":true,"href":"https:\/\/nordicmart.andreevmaster.com\/da\/wp-json\/wp\/v2\/product_tag?post=20722"}],"curies":[{"name":"wp","href":"https:\/\/api.w.org\/{rel}","templated":true}]}}