{"id":20687,"date":"2026-02-27T08:54:09","date_gmt":"2026-02-27T08:54:09","guid":{"rendered":"https:\/\/nordicmart.andreevmaster.com\/product\/songmics-havestole-2-delt-saet-gra\/"},"modified":"2026-02-27T08:54:09","modified_gmt":"2026-02-27T08:54:09","slug":"songmics-havestole-2-delt-saet-gra","status":"publish","type":"product","link":"https:\/\/nordicmart.andreevmaster.com\/da\/vare\/songmics-havestole-2-delt-saet-gra\/","title":{"rendered":"SONGMICS Havestole 2-delt S\u00e6t Gr\u00e5"},"content":{"rendered":"<p>Leder du efter stole, der passer til dit altanbord? Vil du gerne solbade i din have? Disse havestole fra SONGMICS er her for at hj\u00e6lpe! Ah! Hvilken forn\u00f8jelse! S\u00e6t dig ned i en af disse havestole, l\u00e6n dig tilbage og slap af i den friske luft. S\u00e6deoverfladen er lavet af syntetisk fiberstof af h\u00f8j kvalitet, der er \u00e5ndbart og behageligt at r\u00f8re ved, og det robuste jernstel sikrer lang levetid. Praktiske arml\u00e6n og justerbart rygl\u00e6n \u2013 disse havestole giver dig det perfekte sted at slappe af, nyde kolde drinks om sommeren eller se en smuk solnedgang. Stil disse klapstole i din have nu og g\u00f8r dig det behageligt! Produktdetaljer: Farve: Gr\u00e5 Materiale: Jernstel, syntetisk fiberstof St\u00f8rrelse pr. stol: 56 x 70 x 106 cm (L x B x H) Pakkest\u00f8rrelse: 87 x 57 x 25 cm V\u00e6gt pr. stol: 5,1 kg Maks. statisk b\u00e6reevne pr. stol: 150 kg Leveringsomfang: 2 x havestol SONGMICS bem\u00e6rkninger: Den maksimale b\u00e6reevne pr. havestol er 150 kg. Overskrid venligst ikke denne maksimale v\u00e6gt. Fold venligst havestolen helt ud f\u00f8r brug. Beskyt produktet mod regn; uds\u00e6t ikke havestolen for st\u00e6rkt sollys i l\u00e6ngere perioder.<\/p>\n","protected":false},"excerpt":{"rendered":"<p>SONGMICS Havestole, S\u00e6t med 2, Klapstole, Udend\u00f8rsstole med Robust Jernstel, 8-positioners Justerbart Rygl\u00e6n, B\u00e6reevne op til 150 kg, Gr\u00e5 GCB03GYV1<\/p>\n","protected":false},"featured_media":0,"comment_status":"open","ping_status":"closed","template":"","meta":[],"product_brand":[],"product_cat":[15],"product_tag":[],"class_list":{"0":"post-20687","1":"product","2":"type-product","3":"status-publish","5":"product_cat-uncategorized","7":"first","8":"instock","9":"shipping-taxable","10":"product-type-simple"},"_links":{"self":[{"href":"https:\/\/nordicmart.andreevmaster.com\/da\/wp-json\/wp\/v2\/product\/20687","targetHints":{"allow":["GET"]}}],"collection":[{"href":"https:\/\/nordicmart.andreevmaster.com\/da\/wp-json\/wp\/v2\/product"}],"about":[{"href":"https:\/\/nordicmart.andreevmaster.com\/da\/wp-json\/wp\/v2\/types\/product"}],"replies":[{"embeddable":true,"href":"https:\/\/nordicmart.andreevmaster.com\/da\/wp-json\/wp\/v2\/comments?post=20687"}],"wp:attachment":[{"href":"https:\/\/nordicmart.andreevmaster.com\/da\/wp-json\/wp\/v2\/media?parent=20687"}],"wp:term":[{"taxonomy":"product_brand","embeddable":true,"href":"https:\/\/nordicmart.andreevmaster.com\/da\/wp-json\/wp\/v2\/product_brand?post=20687"},{"taxonomy":"product_cat","embeddable":true,"href":"https:\/\/nordicmart.andreevmaster.com\/da\/wp-json\/wp\/v2\/product_cat?post=20687"},{"taxonomy":"product_tag","embeddable":true,"href":"https:\/\/nordicmart.andreevmaster.com\/da\/wp-json\/wp\/v2\/product_tag?post=20687"}],"curies":[{"name":"wp","href":"https:\/\/api.w.org\/{rel}","templated":true}]}}