{"id":20685,"date":"2026-02-27T00:09:24","date_gmt":"2026-02-27T00:09:24","guid":{"rendered":"https:\/\/nordicmart.andreevmaster.com\/product\/havestole-saet-med-2-gra-2\/"},"modified":"2026-02-27T08:54:09","modified_gmt":"2026-02-27T08:54:09","slug":"havestole-saet-med-2-gra-2","status":"publish","type":"product","link":"https:\/\/nordicmart.andreevmaster.com\/da\/vare\/havestole-saet-med-2-gra-2\/","title":{"rendered":"Havestole s\u00e6t med 2 gr\u00e5"},"content":{"rendered":"<p>Er du p\u00e5 udkig efter stole, der passer til dit altanbord? Vil du gerne solbade i din have? Disse havestole fra SONGMICS vil komme dig til unds\u00e6tning! S\u00e6t dig p\u00e5 en af disse havestole, l\u00e6n dig tilbage og slap af i den friske luft. Den tilbagel\u00e6nede overflade af syntetisk fiberstof i h\u00f8j kvalitet er \u00e5ndbar og behagelig at r\u00f8re ved, mens det f\u00f8rsteklasses jernstel sikrer en lang levetid. Praktiske arml\u00e6n og justerbart rygl\u00e6n &#8211; Disse havestole giver dig et perfekt sted at slappe af og nyde k\u00f8lige drinks om sommeren eller se en smuk solnedgang, s\u00e5 placer disse klapstole i din have nu, og g\u00f8r dig det behageligt!Produktdetaljer: Farve: Gr\u00e5 Materiale: Jernramme, syntetisk fiberstof St\u00f8rrelse pr. stol: 56 x 70 x 106 cm (L x B x H)Emballagest\u00f8rrelse: 87 x 57 x 25 cmV\u00e6gt pr. stol: 5,1 kgMax. statisk belastningskapacitet pr. stol: 150 kgLeveringsomfang:2 x havestolSONGMICS Bem\u00e6rkninger:Den maksimale belastningskapacitet pr. havestol er 150 kg. Fold venligst havestolen helt ud f\u00f8r brug, beskyt produktet mod regn, og uds\u00e6t ikke havestolen for st\u00e6rkt sollys i l\u00e6ngere tid.<\/p>\n","protected":false},"excerpt":{"rendered":"<p>Er du p\u00e5 udkig efter stole, der passer til dit altanbord? Vil du gerne solbade i din have? Disse havestole fra SONGMICS vil komme dig til unds\u00e6tning! S\u00e6t dig p\u00e5 en af disse havestole, l\u00e6n dig tilbage og slap af i den friske luft. Den tilbagel\u00e6nede overflade af syntetisk fiberstof i h\u00f8j kvalitet er \u00e5ndbar [&hellip;]<\/p>\n","protected":false},"featured_media":0,"comment_status":"open","ping_status":"closed","template":"","meta":[],"product_brand":[],"product_cat":[31],"product_tag":[],"class_list":{"0":"post-20685","1":"product","2":"type-product","3":"status-publish","5":"product_cat-uncategorized-da","7":"first","8":"instock","9":"shipping-taxable","10":"product-type-simple"},"_links":{"self":[{"href":"https:\/\/nordicmart.andreevmaster.com\/da\/wp-json\/wp\/v2\/product\/20685","targetHints":{"allow":["GET"]}}],"collection":[{"href":"https:\/\/nordicmart.andreevmaster.com\/da\/wp-json\/wp\/v2\/product"}],"about":[{"href":"https:\/\/nordicmart.andreevmaster.com\/da\/wp-json\/wp\/v2\/types\/product"}],"replies":[{"embeddable":true,"href":"https:\/\/nordicmart.andreevmaster.com\/da\/wp-json\/wp\/v2\/comments?post=20685"}],"wp:attachment":[{"href":"https:\/\/nordicmart.andreevmaster.com\/da\/wp-json\/wp\/v2\/media?parent=20685"}],"wp:term":[{"taxonomy":"product_brand","embeddable":true,"href":"https:\/\/nordicmart.andreevmaster.com\/da\/wp-json\/wp\/v2\/product_brand?post=20685"},{"taxonomy":"product_cat","embeddable":true,"href":"https:\/\/nordicmart.andreevmaster.com\/da\/wp-json\/wp\/v2\/product_cat?post=20685"},{"taxonomy":"product_tag","embeddable":true,"href":"https:\/\/nordicmart.andreevmaster.com\/da\/wp-json\/wp\/v2\/product_tag?post=20685"}],"curies":[{"name":"wp","href":"https:\/\/api.w.org\/{rel}","templated":true}]}}