{"id":20664,"date":"2026-02-27T00:09:20","date_gmt":"2026-02-27T00:09:20","guid":{"rendered":"https:\/\/nordicmart.andreevmaster.com\/product\/kedelgrill-med-lag-og-termometer-2\/"},"modified":"2026-02-27T08:54:06","modified_gmt":"2026-02-27T08:54:06","slug":"kedelgrill-med-lag-og-termometer-2","status":"publish","type":"product","link":"https:\/\/nordicmart.andreevmaster.com\/da\/vare\/kedelgrill-med-lag-og-termometer-2\/","title":{"rendered":"Kedelgrill med l\u00e5g og termometer"},"content":{"rendered":"<p>Perfekt grill til familiefester og havefester Foldbar grillrist og askeopsamler for mere bekvemmelighed Grillristen kan foldes ind i siderne, s\u00e5 du nemt kan tilf\u00f8je kul uden at skulle fjerne risten. Der er en udtr\u00e6kkelig askeskuffe p\u00e5 selve grillbeholderen, som g\u00f8r det nemt at fjerne asken og reng\u00f8re grillen. Med l\u00e5g, termometer, opbevaringsstativ og opbevaringskurv Alt, hvad en perfekt grill har brug for! L\u00e5get g\u00f8r det muligt at f\u00e5 grillen hurtigt op i temperatur, og ventilationsskiven g\u00f8r det nemt at regulere temperaturen. Temperaturen kan afl\u00e6ses p\u00e5 det indbyggede termometer p\u00e5 l\u00e5get, som viser b\u00e5de Celsius og Fahrenheit. P\u00e5 f\u00f8dderne er der monteret en opbevaringsrist og en opbevaringskurv, som kan bruges til grillmad eller grillredskaber.Materialer af h\u00f8j kvalitet for mere grillgl\u00e6deMed en grillrist i galvaniseret st\u00e5l, et h\u00e5ndtag p\u00e5 l\u00e5get i varmebestandig nylon, emaljeret kulsk\u00e5l, l\u00e5g og emaljeret kulrist samt metalben har grillen fremragende materialer til at give dig langvarig grillgl\u00e6de.Produktdetaljer:- Materiale: emaljeret kulstofst\u00e5l af h\u00f8j kvalitet- M\u00e5l: 68 x 58 x 90 cm- Arbejdsh\u00f8jde: 70 cm- V\u00e6gt: 11 kg- Br\u00e6ndstofbeholderens kapacitet: 1 kg (Specifikationen henviser ikke til kulsk\u00e5lens volumen, men afspejler den m\u00e6ngde, der bedst bruges til kul.)Leveringsomfang:- 1 x grill- 1 x brugsanvisning (DE, EN, FR, IT, ES)<\/p>\n","protected":false},"excerpt":{"rendered":"<p>Perfekt grill til familiefester og havefester Foldbar grillrist og askeopsamler for mere bekvemmelighed Grillristen kan foldes ind i siderne, s\u00e5 du nemt kan tilf\u00f8je kul uden at skulle fjerne risten. Der er en udtr\u00e6kkelig askeskuffe p\u00e5 selve grillbeholderen, som g\u00f8r det nemt at fjerne asken og reng\u00f8re grillen. Med l\u00e5g, termometer, opbevaringsstativ og opbevaringskurv Alt, [&hellip;]<\/p>\n","protected":false},"featured_media":0,"comment_status":"open","ping_status":"closed","template":"","meta":[],"product_brand":[],"product_cat":[31],"product_tag":[],"class_list":{"0":"post-20664","1":"product","2":"type-product","3":"status-publish","5":"product_cat-uncategorized-da","7":"first","8":"instock","9":"shipping-taxable","10":"product-type-simple"},"_links":{"self":[{"href":"https:\/\/nordicmart.andreevmaster.com\/da\/wp-json\/wp\/v2\/product\/20664","targetHints":{"allow":["GET"]}}],"collection":[{"href":"https:\/\/nordicmart.andreevmaster.com\/da\/wp-json\/wp\/v2\/product"}],"about":[{"href":"https:\/\/nordicmart.andreevmaster.com\/da\/wp-json\/wp\/v2\/types\/product"}],"replies":[{"embeddable":true,"href":"https:\/\/nordicmart.andreevmaster.com\/da\/wp-json\/wp\/v2\/comments?post=20664"}],"wp:attachment":[{"href":"https:\/\/nordicmart.andreevmaster.com\/da\/wp-json\/wp\/v2\/media?parent=20664"}],"wp:term":[{"taxonomy":"product_brand","embeddable":true,"href":"https:\/\/nordicmart.andreevmaster.com\/da\/wp-json\/wp\/v2\/product_brand?post=20664"},{"taxonomy":"product_cat","embeddable":true,"href":"https:\/\/nordicmart.andreevmaster.com\/da\/wp-json\/wp\/v2\/product_cat?post=20664"},{"taxonomy":"product_tag","embeddable":true,"href":"https:\/\/nordicmart.andreevmaster.com\/da\/wp-json\/wp\/v2\/product_tag?post=20664"}],"curies":[{"name":"wp","href":"https:\/\/api.w.org\/{rel}","templated":true}]}}