{"id":20662,"date":"2026-02-27T00:09:20","date_gmt":"2026-02-27T00:09:20","guid":{"rendered":"https:\/\/nordicmart.andreevmaster.com\/product\/altanbeklaedning-2\/"},"modified":"2026-02-27T08:54:05","modified_gmt":"2026-02-27T08:54:05","slug":"altanbeklaedning-2","status":"publish","type":"product","link":"https:\/\/nordicmart.andreevmaster.com\/da\/vare\/altanbeklaedning-2\/","title":{"rendered":"Altanbekl\u00e6dning"},"content":{"rendered":"<p>For mere privatliv udend\u00f8rs : Denne privatlivssk\u00e6rm fra SONGMICS passer perfekt p\u00e5 din altan, terrasse, i din have eller omkring din swimmingpool. Sk\u00e6rmen beskytter dit privatliv 100 %, s\u00e5 du slipper for nysgerrige naboer.Produktdetaljer:Farve: R\u00f8ggr\u00e5Materiale: PVCSt\u00f8rrelse: 6 x 0,9 m (L x B)V\u00e6gt: 450 g\/\u33a1Leveringsomfang:1 x privatlivssk\u00e6rm1 x fastg\u00f8relsesreb 15 m<\/p>\n","protected":false},"excerpt":{"rendered":"<p>For mere privatliv udend\u00f8rs : Denne privatlivssk\u00e6rm fra SONGMICS passer perfekt p\u00e5 din altan, terrasse, i din have eller omkring din swimmingpool. Sk\u00e6rmen beskytter dit privatliv 100 %, s\u00e5 du slipper for nysgerrige naboer.Produktdetaljer:Farve: R\u00f8ggr\u00e5Materiale: PVCSt\u00f8rrelse: 6 x 0,9 m (L x B)V\u00e6gt: 450 g\/\u33a1Leveringsomfang:1 x privatlivssk\u00e6rm1 x fastg\u00f8relsesreb 15 m<\/p>\n","protected":false},"featured_media":0,"comment_status":"open","ping_status":"closed","template":"","meta":[],"product_brand":[],"product_cat":[31],"product_tag":[],"class_list":{"0":"post-20662","1":"product","2":"type-product","3":"status-publish","5":"product_cat-uncategorized-da","7":"first","8":"instock","9":"shipping-taxable","10":"purchasable","11":"product-type-simple"},"_links":{"self":[{"href":"https:\/\/nordicmart.andreevmaster.com\/da\/wp-json\/wp\/v2\/product\/20662","targetHints":{"allow":["GET"]}}],"collection":[{"href":"https:\/\/nordicmart.andreevmaster.com\/da\/wp-json\/wp\/v2\/product"}],"about":[{"href":"https:\/\/nordicmart.andreevmaster.com\/da\/wp-json\/wp\/v2\/types\/product"}],"replies":[{"embeddable":true,"href":"https:\/\/nordicmart.andreevmaster.com\/da\/wp-json\/wp\/v2\/comments?post=20662"}],"wp:attachment":[{"href":"https:\/\/nordicmart.andreevmaster.com\/da\/wp-json\/wp\/v2\/media?parent=20662"}],"wp:term":[{"taxonomy":"product_brand","embeddable":true,"href":"https:\/\/nordicmart.andreevmaster.com\/da\/wp-json\/wp\/v2\/product_brand?post=20662"},{"taxonomy":"product_cat","embeddable":true,"href":"https:\/\/nordicmart.andreevmaster.com\/da\/wp-json\/wp\/v2\/product_cat?post=20662"},{"taxonomy":"product_tag","embeddable":true,"href":"https:\/\/nordicmart.andreevmaster.com\/da\/wp-json\/wp\/v2\/product_tag?post=20662"}],"curies":[{"name":"wp","href":"https:\/\/api.w.org\/{rel}","templated":true}]}}