{"id":20656,"date":"2026-02-27T00:09:19","date_gmt":"2026-02-27T00:09:19","guid":{"rendered":"https:\/\/nordicmart.andreevmaster.com\/product\/privatlivspresenning-6-x-09-m-2\/"},"modified":"2026-02-27T08:54:05","modified_gmt":"2026-02-27T08:54:05","slug":"privatlivspresenning-6-x-09-m-2","status":"publish","type":"product","link":"https:\/\/nordicmart.andreevmaster.com\/da\/vare\/privatlivspresenning-6-x-09-m-2\/","title":{"rendered":"Privatlivspresenning 6 x 0,9 m"},"content":{"rendered":"<p>Ingen grund til at boreDenne 6 x 0,9 m store afsk\u00e6rmning er s\u00e6rligt velegnet til en altan i standardst\u00f8rrelse. Det smarte panel har mange \u00f8jer med 50 cm mellemrum i top og bund. De korte sider er hver udstyret med 3 \u00f8jer. N\u00e5r du monterer, skal du blot tr\u00e6kke det robuste PP-fastg\u00f8relsesreb (15 m), der er inkluderet i leveringsomfanget, gennem \u00f8jerne og forbinde det til din altan eller dit hegn. De medf\u00f8lgende kabelbindere giver ogs\u00e5 ekstra stabilitet. Montering uden boremaskine, s\u00e5 nemt er det! Robust materiale og forarbejdning af h\u00f8j kvalitet Fremstillet af 100 % HDPE-plast (180 g\/m\u00b2) er denne beskyttende presenning vandgennemtr\u00e6ngelig og holdbar. \u00d8jerne p\u00e5 siderne er ogs\u00e5 forst\u00e6rket med aluminium, hvilket ogs\u00e5 lover en lang levetid. S\u00f8mmene omkring \u00f8jerne er ogs\u00e5 ekstra tykke, hvilket giver dem et solidt greb.Produktdetaljer:Farve: BeigeMateriale: HDPE-plastSt\u00f8rrelse: 6 x 0,9 m (L x B)V\u00e6gt: 1,0 kgLeveringsomfang:1 x privatlivspresenning1 x fastg\u00f8relsesreb (15 m)1 x pose med kabelbindere<\/p>\n","protected":false},"excerpt":{"rendered":"<p>Ingen grund til at boreDenne 6 x 0,9 m store afsk\u00e6rmning er s\u00e6rligt velegnet til en altan i standardst\u00f8rrelse. Det smarte panel har mange \u00f8jer med 50 cm mellemrum i top og bund. De korte sider er hver udstyret med 3 \u00f8jer. N\u00e5r du monterer, skal du blot tr\u00e6kke det robuste PP-fastg\u00f8relsesreb (15 m), der [&hellip;]<\/p>\n","protected":false},"featured_media":0,"comment_status":"open","ping_status":"closed","template":"","meta":[],"product_brand":[],"product_cat":[31],"product_tag":[],"class_list":{"0":"post-20656","1":"product","2":"type-product","3":"status-publish","5":"product_cat-uncategorized-da","7":"first","8":"instock","9":"shipping-taxable","10":"product-type-simple"},"_links":{"self":[{"href":"https:\/\/nordicmart.andreevmaster.com\/da\/wp-json\/wp\/v2\/product\/20656","targetHints":{"allow":["GET"]}}],"collection":[{"href":"https:\/\/nordicmart.andreevmaster.com\/da\/wp-json\/wp\/v2\/product"}],"about":[{"href":"https:\/\/nordicmart.andreevmaster.com\/da\/wp-json\/wp\/v2\/types\/product"}],"replies":[{"embeddable":true,"href":"https:\/\/nordicmart.andreevmaster.com\/da\/wp-json\/wp\/v2\/comments?post=20656"}],"wp:attachment":[{"href":"https:\/\/nordicmart.andreevmaster.com\/da\/wp-json\/wp\/v2\/media?parent=20656"}],"wp:term":[{"taxonomy":"product_brand","embeddable":true,"href":"https:\/\/nordicmart.andreevmaster.com\/da\/wp-json\/wp\/v2\/product_brand?post=20656"},{"taxonomy":"product_cat","embeddable":true,"href":"https:\/\/nordicmart.andreevmaster.com\/da\/wp-json\/wp\/v2\/product_cat?post=20656"},{"taxonomy":"product_tag","embeddable":true,"href":"https:\/\/nordicmart.andreevmaster.com\/da\/wp-json\/wp\/v2\/product_tag?post=20656"}],"curies":[{"name":"wp","href":"https:\/\/api.w.org\/{rel}","templated":true}]}}