{"id":20648,"date":"2026-02-27T00:09:17","date_gmt":"2026-02-27T00:09:17","guid":{"rendered":"https:\/\/nordicmart.andreevmaster.com\/product\/fly-sengetoj-med-fyld-storrelse-l\/"},"modified":"2026-02-27T08:54:03","modified_gmt":"2026-02-27T08:54:03","slug":"fly-sengetoj-med-fyld-storrelse-l","status":"publish","type":"product","link":"https:\/\/nordicmart.andreevmaster.com\/da\/vare\/fly-sengetoj-med-fyld-storrelse-l\/","title":{"rendered":"Fly  senget\u00f8j med fyld st\u00f8rrelse L"},"content":{"rendered":"<p>Senget\u00f8jss\u00e6t best\u00e5ende af dyne og pude med fyld. Fremstillet af h\u00f8jkvalitets bomuld med **OEKO-TEX Standard 100**-certifikat. Senget\u00f8jets fyld er lavet af en elastisk og fluffy allergivenlig silikonefiber med avancerede varmeregulerende egenskaber, der giver h\u00f8j s\u00f8vnkomfort.  Senget\u00f8jet, inklusive fyldet, kan vaskes i maskine, hvilket g\u00f8r det til en god id\u00e9 for allergikere. Senget\u00f8jet er designet og fremstillet i Polen med opm\u00e6rksomhed p\u00e5 alle detaljer. Produktet er pakket i en gennemsigtig, biologisk nedbrydelig pose. En fremragende id\u00e9 til en babyfest, f\u00f8dselsdag eller en gave til en s\u00e6rlig lejlighed.   **Detaljer:** &#8211; dynebetr\u00e6k og pudebetr\u00e6k fremstillet af h\u00f8jkvalitets bomuld med ** OEKO-TEX-certifikat** &#8211; senget\u00f8j fyldt med certificeret allergivenlig silikonefiber &#8211; pude med fl\u00e6sekanter<br \/>\n &#8211; det trykte design falmer ikke, selv efter gentagen vask &#8211; passer perfekt til barnesenge i st\u00f8rrelsen 90&#215;200 og st\u00f8rre<br \/>\n Anbefales til b\u00f8rn fra 5 \u00e5r og opefter. Skal bruges under opsyn af for\u00e6ldre.<br \/>\n   **Materiale:** &#8211; 100 % bomuld med en tr\u00e5dv\u00e6gt p\u00e5 150 g\/m2 med **Oeko-TEX Standard 100-certifikat ** &#8211; allergivenlig silikonefiber med en tr\u00e5dv\u00e6gt p\u00e5 200 g\/m2<br \/>\n **M\u00e5l:** &#8211; pude: 40&#215;60 cm (+4 cm fl\u00e6se)<br \/>\n &#8211; dyne: 140&#215;200 cm (uden fl\u00e6se) **<br \/>\n **Vaskeanvisning:****<br \/>\n &#8211; maskinvask ved 40\u00b0<br \/>\n &#8211; strygning ved temperaturer p\u00e5 h\u00f8jst 110\u00b0<br \/>\n &#8211; m\u00e5 ikke bleges<br \/>\n &#8211; m\u00e5 ikke t\u00f8rretumbles<\/p>\n","protected":false},"excerpt":{"rendered":"<p>Senget\u00f8jss\u00e6t best\u00e5ende af dyne og pude med fyld. Fremstillet af h\u00f8jkvalitets bomuld med **OEKO-TEX Standard 100**-certifikat. Senget\u00f8jets fyld er lavet af en elastisk og fluffy allergivenlig silikonefiber med avancerede varmeregulerende egenskaber, der giver h\u00f8j s\u00f8vnkomfort. Senget\u00f8jet, inklusive fyldet, kan vaskes i maskine, hvilket g\u00f8r det til en god id\u00e9 for allergikere. Senget\u00f8jet er designet og [&hellip;]<\/p>\n","protected":false},"featured_media":0,"comment_status":"open","ping_status":"closed","template":"","meta":[],"product_brand":[],"product_cat":[31],"product_tag":[],"class_list":{"0":"post-20648","1":"product","2":"type-product","3":"status-publish","5":"product_cat-uncategorized-da","7":"first","8":"instock","9":"shipping-taxable","10":"purchasable","11":"product-type-simple"},"_links":{"self":[{"href":"https:\/\/nordicmart.andreevmaster.com\/da\/wp-json\/wp\/v2\/product\/20648","targetHints":{"allow":["GET"]}}],"collection":[{"href":"https:\/\/nordicmart.andreevmaster.com\/da\/wp-json\/wp\/v2\/product"}],"about":[{"href":"https:\/\/nordicmart.andreevmaster.com\/da\/wp-json\/wp\/v2\/types\/product"}],"replies":[{"embeddable":true,"href":"https:\/\/nordicmart.andreevmaster.com\/da\/wp-json\/wp\/v2\/comments?post=20648"}],"wp:attachment":[{"href":"https:\/\/nordicmart.andreevmaster.com\/da\/wp-json\/wp\/v2\/media?parent=20648"}],"wp:term":[{"taxonomy":"product_brand","embeddable":true,"href":"https:\/\/nordicmart.andreevmaster.com\/da\/wp-json\/wp\/v2\/product_brand?post=20648"},{"taxonomy":"product_cat","embeddable":true,"href":"https:\/\/nordicmart.andreevmaster.com\/da\/wp-json\/wp\/v2\/product_cat?post=20648"},{"taxonomy":"product_tag","embeddable":true,"href":"https:\/\/nordicmart.andreevmaster.com\/da\/wp-json\/wp\/v2\/product_tag?post=20648"}],"curies":[{"name":"wp","href":"https:\/\/api.w.org\/{rel}","templated":true}]}}