{"id":20640,"date":"2026-02-27T00:09:16","date_gmt":"2026-02-27T00:09:16","guid":{"rendered":"https:\/\/nordicmart.andreevmaster.com\/product\/bomuldsbornetaeppe-80x100-stalbla\/"},"modified":"2026-02-27T08:54:02","modified_gmt":"2026-02-27T08:54:02","slug":"bomuldsbornetaeppe-80x100-stalbla","status":"publish","type":"product","link":"https:\/\/nordicmart.andreevmaster.com\/da\/vare\/bomuldsbornetaeppe-80x100-stalbla\/","title":{"rendered":"Bomuldsb\u00f8rnet\u00e6ppe 80X100 St\u00e5lbl\u00e5"},"content":{"rendered":"<p>Et dobbeltsidet v\u00e6vet bomulds t\u00e6ppe fra FLY-kollektionen er et must i enhver babyudstyrssamling. Takket v\u00e6re det fine og lette stof er det perfekt til at pakke barnet ind i under en g\u00e5tur eller som erstatning for en dyne i vuggen.<br \/>\n T\u00e6ppet er fremstillet af bomuld af h\u00f8jeste kvalitet, som ikke str\u00e6kker sig eller deformeres, selv efter gentagen vask, og som ikke er tilb\u00f8jelig til at danne nopper.   F\u00e5s i to farvekombinationer: klassisk gr\u00e5 og himmelbl\u00e5 med delikate hvide detaljer. <\/p>\n<p> **Plejeinstruktioner:**<br \/>\n &#8211; maskinvask ved 40\u00b0 &#8211; strygning ved en temperatur p\u00e5 h\u00f8jst 110\u00b0<br \/>\n &#8211; m\u00e5 ikke bleges<br \/>\n &#8211; m\u00e5 ikke t\u00f8rretumbles ** ** **Materiale**: &#8211; 100 % bomuld med **Oeko-TEX Standard 100-certifikat ** ** ** **M\u00e5l:** 80&#215;100 cm<\/p>\n","protected":false},"excerpt":{"rendered":"<p>Et dobbeltsidet v\u00e6vet bomulds t\u00e6ppe fra FLY-kollektionen er et must i enhver babyudstyrssamling. Takket v\u00e6re det fine og lette stof er det perfekt til at pakke barnet ind i under en g\u00e5tur eller som erstatning for en dyne i vuggen. T\u00e6ppet er fremstillet af bomuld af h\u00f8jeste kvalitet, som ikke str\u00e6kker sig eller deformeres, selv [&hellip;]<\/p>\n","protected":false},"featured_media":0,"comment_status":"open","ping_status":"closed","template":"","meta":[],"product_brand":[],"product_cat":[31],"product_tag":[],"class_list":{"0":"post-20640","1":"product","2":"type-product","3":"status-publish","5":"product_cat-uncategorized-da","7":"first","8":"instock","9":"shipping-taxable","10":"purchasable","11":"product-type-simple"},"_links":{"self":[{"href":"https:\/\/nordicmart.andreevmaster.com\/da\/wp-json\/wp\/v2\/product\/20640","targetHints":{"allow":["GET"]}}],"collection":[{"href":"https:\/\/nordicmart.andreevmaster.com\/da\/wp-json\/wp\/v2\/product"}],"about":[{"href":"https:\/\/nordicmart.andreevmaster.com\/da\/wp-json\/wp\/v2\/types\/product"}],"replies":[{"embeddable":true,"href":"https:\/\/nordicmart.andreevmaster.com\/da\/wp-json\/wp\/v2\/comments?post=20640"}],"wp:attachment":[{"href":"https:\/\/nordicmart.andreevmaster.com\/da\/wp-json\/wp\/v2\/media?parent=20640"}],"wp:term":[{"taxonomy":"product_brand","embeddable":true,"href":"https:\/\/nordicmart.andreevmaster.com\/da\/wp-json\/wp\/v2\/product_brand?post=20640"},{"taxonomy":"product_cat","embeddable":true,"href":"https:\/\/nordicmart.andreevmaster.com\/da\/wp-json\/wp\/v2\/product_cat?post=20640"},{"taxonomy":"product_tag","embeddable":true,"href":"https:\/\/nordicmart.andreevmaster.com\/da\/wp-json\/wp\/v2\/product_tag?post=20640"}],"curies":[{"name":"wp","href":"https:\/\/api.w.org\/{rel}","templated":true}]}}