{"id":20638,"date":"2026-02-27T00:09:15","date_gmt":"2026-02-27T00:09:15","guid":{"rendered":"https:\/\/nordicmart.andreevmaster.com\/product\/flakes-bolster-2\/"},"modified":"2026-02-27T08:54:02","modified_gmt":"2026-02-27T08:54:02","slug":"flakes-bolster-2","status":"publish","type":"product","link":"https:\/\/nordicmart.andreevmaster.com\/da\/vare\/flakes-bolster-2\/","title":{"rendered":"Flakes bolster"},"content":{"rendered":"<p>Detaljer: <\/p>\n<p>&#8211; aftageligt betr\u00e6k <\/p>\n<p>&#8211; alternativ til en beskyttelse<br \/>\n &#8211; kan bruges, n\u00e5r du tr\u00e6ner og leger med barnet <\/p>\n<p>&#8211; flot dekoration til barnets seng <\/p>\n<p>&#8211; kan bruges til at st\u00f8tte barnet, n\u00e5r det spiser <\/p>\n<p>&#8211; st\u00f8tte til hoved eller ben <\/p>\n<p>Vaskeanvisning: &#8211; maskinvask ved 40 \u00b0C &#8211; strygning ved h\u00f8jst 110 \u00b0C &#8211; m\u00e5 ikke bleges &#8211; m\u00e5 ikke t\u00f8rretumbles  <\/p>\n<p>Materiale:- 100 % bomuld med en tr\u00e5dv\u00e6gt p\u00e5 150 g\/m2 med Oeko-TEX Standard 100 IW 00034-certifikat <\/p>\n<p>&#8211; allergivenlig silikonefiber med en tr\u00e5dv\u00e6gt p\u00e5 200 g\/m2 <\/p>\n<p> M\u00e5l: <\/p>\n<p>15&#215;70 cm<\/p>\n","protected":false},"excerpt":{"rendered":"<p>Detaljer: &#8211; aftageligt betr\u00e6k &#8211; alternativ til en beskyttelse &#8211; kan bruges, n\u00e5r du tr\u00e6ner og leger med barnet &#8211; flot dekoration til barnets seng &#8211; kan bruges til at st\u00f8tte barnet, n\u00e5r det spiser &#8211; st\u00f8tte til hoved eller ben Vaskeanvisning: &#8211; maskinvask ved 40 \u00b0C &#8211; strygning ved h\u00f8jst 110 \u00b0C &#8211; m\u00e5 [&hellip;]<\/p>\n","protected":false},"featured_media":0,"comment_status":"open","ping_status":"closed","template":"","meta":[],"product_brand":[],"product_cat":[31],"product_tag":[],"class_list":{"0":"post-20638","1":"product","2":"type-product","3":"status-publish","5":"product_cat-uncategorized-da","7":"first","8":"instock","9":"shipping-taxable","10":"purchasable","11":"product-type-simple"},"_links":{"self":[{"href":"https:\/\/nordicmart.andreevmaster.com\/da\/wp-json\/wp\/v2\/product\/20638","targetHints":{"allow":["GET"]}}],"collection":[{"href":"https:\/\/nordicmart.andreevmaster.com\/da\/wp-json\/wp\/v2\/product"}],"about":[{"href":"https:\/\/nordicmart.andreevmaster.com\/da\/wp-json\/wp\/v2\/types\/product"}],"replies":[{"embeddable":true,"href":"https:\/\/nordicmart.andreevmaster.com\/da\/wp-json\/wp\/v2\/comments?post=20638"}],"wp:attachment":[{"href":"https:\/\/nordicmart.andreevmaster.com\/da\/wp-json\/wp\/v2\/media?parent=20638"}],"wp:term":[{"taxonomy":"product_brand","embeddable":true,"href":"https:\/\/nordicmart.andreevmaster.com\/da\/wp-json\/wp\/v2\/product_brand?post=20638"},{"taxonomy":"product_cat","embeddable":true,"href":"https:\/\/nordicmart.andreevmaster.com\/da\/wp-json\/wp\/v2\/product_cat?post=20638"},{"taxonomy":"product_tag","embeddable":true,"href":"https:\/\/nordicmart.andreevmaster.com\/da\/wp-json\/wp\/v2\/product_tag?post=20638"}],"curies":[{"name":"wp","href":"https:\/\/api.w.org\/{rel}","templated":true}]}}