{"id":20635,"date":"2026-02-27T00:09:15","date_gmt":"2026-02-27T00:09:15","guid":{"rendered":"https:\/\/nordicmart.andreevmaster.com\/product\/flakes-lagenstorrelse-60x120\/"},"modified":"2026-02-27T08:54:02","modified_gmt":"2026-02-27T08:54:02","slug":"flakes-lagenstorrelse-60x120","status":"publish","type":"product","link":"https:\/\/nordicmart.andreevmaster.com\/da\/vare\/flakes-lagenstorrelse-60x120\/","title":{"rendered":"Flakes  lagenst\u00f8rrelse  60&#215;120"},"content":{"rendered":"<p>**Detaljer:** &#8211; sengelinned fremstillet af naturlig bomuld med **Oeko-TEX Standard 100 IW 00034**-certifikat &#8211; bl\u00f8dt og behageligt at r\u00f8re ved &#8211; afsluttet med en elastik, der forhindrer, at det glider p\u00e5 madrassen &#8211; perfekt til barneseng i st\u00f8rrelsen 60&#215;120<\/p>\n<p> **M\u00e5l:** S: 60&#215;120 cm, h\u00f8jde 13 cm<br \/>\n **<br \/>\n Materiale:** &#8211; 100 % bomuld med en tr\u00e5dv\u00e6gt p\u00e5 150 g\/m2 med **Oeko-TEX Standard 100-certifikat <\/p>\n<p> ** ** **Vaskeanvisning:**<br \/>\n &#8211; maskinvask ved 40\u00b0<br \/>\n &#8211; strygning ved temperaturer p\u00e5 h\u00f8jst 110\u00b0<br \/>\n &#8211; m\u00e5 ikke bleges<br \/>\n &#8211; m\u00e5 ikke t\u00f8rretumbles<\/p>\n","protected":false},"excerpt":{"rendered":"<p>**Detaljer:** &#8211; sengelinned fremstillet af naturlig bomuld med **Oeko-TEX Standard 100 IW 00034**-certifikat &#8211; bl\u00f8dt og behageligt at r\u00f8re ved &#8211; afsluttet med en elastik, der forhindrer, at det glider p\u00e5 madrassen &#8211; perfekt til barneseng i st\u00f8rrelsen 60&#215;120 **M\u00e5l:** S: 60&#215;120 cm, h\u00f8jde 13 cm ** Materiale:** &#8211; 100 % bomuld med en tr\u00e5dv\u00e6gt [&hellip;]<\/p>\n","protected":false},"featured_media":0,"comment_status":"open","ping_status":"closed","template":"","meta":[],"product_brand":[],"product_cat":[31],"product_tag":[],"class_list":{"0":"post-20635","1":"product","2":"type-product","3":"status-publish","5":"product_cat-uncategorized-da","7":"first","8":"instock","9":"shipping-taxable","10":"purchasable","11":"product-type-simple"},"_links":{"self":[{"href":"https:\/\/nordicmart.andreevmaster.com\/da\/wp-json\/wp\/v2\/product\/20635","targetHints":{"allow":["GET"]}}],"collection":[{"href":"https:\/\/nordicmart.andreevmaster.com\/da\/wp-json\/wp\/v2\/product"}],"about":[{"href":"https:\/\/nordicmart.andreevmaster.com\/da\/wp-json\/wp\/v2\/types\/product"}],"replies":[{"embeddable":true,"href":"https:\/\/nordicmart.andreevmaster.com\/da\/wp-json\/wp\/v2\/comments?post=20635"}],"wp:attachment":[{"href":"https:\/\/nordicmart.andreevmaster.com\/da\/wp-json\/wp\/v2\/media?parent=20635"}],"wp:term":[{"taxonomy":"product_brand","embeddable":true,"href":"https:\/\/nordicmart.andreevmaster.com\/da\/wp-json\/wp\/v2\/product_brand?post=20635"},{"taxonomy":"product_cat","embeddable":true,"href":"https:\/\/nordicmart.andreevmaster.com\/da\/wp-json\/wp\/v2\/product_cat?post=20635"},{"taxonomy":"product_tag","embeddable":true,"href":"https:\/\/nordicmart.andreevmaster.com\/da\/wp-json\/wp\/v2\/product_tag?post=20635"}],"curies":[{"name":"wp","href":"https:\/\/api.w.org\/{rel}","templated":true}]}}