{"id":20632,"date":"2026-02-27T00:09:14","date_gmt":"2026-02-27T00:09:14","guid":{"rendered":"https:\/\/nordicmart.andreevmaster.com\/product\/flakes-dekorativ-pude-stjerne\/"},"modified":"2026-02-27T08:54:01","modified_gmt":"2026-02-27T08:54:01","slug":"flakes-dekorativ-pude-stjerne","status":"publish","type":"product","link":"https:\/\/nordicmart.andreevmaster.com\/da\/vare\/flakes-dekorativ-pude-stjerne\/","title":{"rendered":"Flakes dekorativ  pude stjerne"},"content":{"rendered":"<p>**Detaljer:** &#8211; pudebetr\u00e6k fremstillet af naturlig bomuld med Oeko-TEX Standard 100**certifikat** &#8211; fyld af allergivenlige fibre &#8211; tilf\u00f8jer et dekorativt touch til ethvert b\u00f8rnev\u00e6relse<br \/>\n &#8211; ogs\u00e5 velegnet til stuen eller for\u00e6ldrenes sovev\u00e6relse   **Vaskeanvisning:** &#8211; maskinvask ved 40\u00b0 &#8211; strygning ved h\u00f8jst 110\u00b0<br \/>\n &#8211; m\u00e5 ikke bleges<br \/>\n &#8211; m\u00e5 ikke t\u00f8rretumbles   **Materiale:** &#8211; 100 % bomuld med en tr\u00e5dv\u00e6gt p\u00e5 150 g\/m2 med et **Oeko-TEX Standard 100 IW 00034**-certifikat &#8211; allergivenlige silikonefibre med en tr\u00e5dv\u00e6gt p\u00e5 200 g\/m2<br \/>\n **M\u00e5l:** \u00d8 50 cm<\/p>\n","protected":false},"excerpt":{"rendered":"<p>**Detaljer:** &#8211; pudebetr\u00e6k fremstillet af naturlig bomuld med Oeko-TEX Standard 100**certifikat** &#8211; fyld af allergivenlige fibre &#8211; tilf\u00f8jer et dekorativt touch til ethvert b\u00f8rnev\u00e6relse &#8211; ogs\u00e5 velegnet til stuen eller for\u00e6ldrenes sovev\u00e6relse **Vaskeanvisning:** &#8211; maskinvask ved 40\u00b0 &#8211; strygning ved h\u00f8jst 110\u00b0 &#8211; m\u00e5 ikke bleges &#8211; m\u00e5 ikke t\u00f8rretumbles **Materiale:** &#8211; 100 % bomuld [&hellip;]<\/p>\n","protected":false},"featured_media":0,"comment_status":"open","ping_status":"closed","template":"","meta":[],"product_brand":[],"product_cat":[31],"product_tag":[],"class_list":{"0":"post-20632","1":"product","2":"type-product","3":"status-publish","5":"product_cat-uncategorized-da","7":"first","8":"instock","9":"shipping-taxable","10":"purchasable","11":"product-type-simple"},"_links":{"self":[{"href":"https:\/\/nordicmart.andreevmaster.com\/da\/wp-json\/wp\/v2\/product\/20632","targetHints":{"allow":["GET"]}}],"collection":[{"href":"https:\/\/nordicmart.andreevmaster.com\/da\/wp-json\/wp\/v2\/product"}],"about":[{"href":"https:\/\/nordicmart.andreevmaster.com\/da\/wp-json\/wp\/v2\/types\/product"}],"replies":[{"embeddable":true,"href":"https:\/\/nordicmart.andreevmaster.com\/da\/wp-json\/wp\/v2\/comments?post=20632"}],"wp:attachment":[{"href":"https:\/\/nordicmart.andreevmaster.com\/da\/wp-json\/wp\/v2\/media?parent=20632"}],"wp:term":[{"taxonomy":"product_brand","embeddable":true,"href":"https:\/\/nordicmart.andreevmaster.com\/da\/wp-json\/wp\/v2\/product_brand?post=20632"},{"taxonomy":"product_cat","embeddable":true,"href":"https:\/\/nordicmart.andreevmaster.com\/da\/wp-json\/wp\/v2\/product_cat?post=20632"},{"taxonomy":"product_tag","embeddable":true,"href":"https:\/\/nordicmart.andreevmaster.com\/da\/wp-json\/wp\/v2\/product_tag?post=20632"}],"curies":[{"name":"wp","href":"https:\/\/api.w.org\/{rel}","templated":true}]}}