{"id":20629,"date":"2026-02-27T00:09:14","date_gmt":"2026-02-27T00:09:14","guid":{"rendered":"https:\/\/nordicmart.andreevmaster.com\/product\/feber-casual-4-i-1-vandbord-med-lag-sandkasse-skrivebord-og-picnicbord-med-tilbehor\/"},"modified":"2026-02-27T08:54:01","modified_gmt":"2026-02-27T08:54:01","slug":"feber-casual-4-i-1-vandbord-med-lag-sandkasse-skrivebord-og-picnicbord-med-tilbehor","status":"publish","type":"product","link":"https:\/\/nordicmart.andreevmaster.com\/da\/vare\/feber-casual-4-i-1-vandbord-med-lag-sandkasse-skrivebord-og-picnicbord-med-tilbehor\/","title":{"rendered":"FEBER CASUAL 4-i-1 vandbord med l\u00e5g, sandkasse, skrivebord og picnicbord med tilbeh\u00f8r"},"content":{"rendered":"<p>CASUAL vandbord med l\u00e5g, 4-i-1 sandkasse, skrivebord og picnicbord med tilbeh\u00f8r fra det kendte firma Feber er et uundv\u00e6rligt element p\u00e5 enhver legeplads, b\u00e5de hjemme og p\u00e5 offentlige steder. Bordet har to rum, der kan fyldes med sand eller vand. Derudover finder b\u00f8rnene en m\u00f8lle i midten af bordet, som g\u00f8r legen endnu mere attraktiv. Det hele er designet med de yngste b\u00f8rn i tankerne, s\u00e5 bordet har afrundede kanter. N\u00e5r l\u00e5get er p\u00e5, kan s\u00e6ttet bruges som tegnebord med fordybninger til f.eks. farvekridt. Feber sandkasser er lavet af materialer af h\u00f8j kvalitet med opm\u00e6rksomhed p\u00e5 de mindste detaljer. Plastikken er belagt med en UV-bel\u00e6gning for at bevare farvernes kvalitet i lang tid. Sandkasserne kan kombineres med andre legepladser eller havehuse for at skabe et unikt sted for b\u00f8rn at lege.<br \/>\nEgenskaber:<br \/>\n* &#8211; bordet har to rum, hvor der kan h\u00e6ldes sand eller vand i,<br \/>\n* &#8211; der er en m\u00f8lle i midten af bordet,<br \/>\n* &#8211; bordet har afrundede kanter,<br \/>\n* &#8211; plasten er belagt med en UV-bel\u00e6gning, som bevarer farvernes kvalitet i lang tid,* &#8211; takket v\u00e6re de tykkere ben er bordet meget stabilt,<br \/>\n* &#8211; s\u00e6ttet indeholder et overtr\u00e6k til at beskytte bordet og 5 tilbeh\u00f8rsdele,<br \/>\n* &#8211; s\u00e6ttet kan bruges som tegnebord,<br \/>\n* &#8211; produktet er ideelt som picnicbord til b\u00f8rn,<br \/>\n* &#8211; produktet er fremstillet af materialer af h\u00f8j kvalitet,<br \/>\n* &#8211; fremstillet med sans for detaljer.<\/p>\n","protected":false},"excerpt":{"rendered":"<p>CASUAL vandbord med l\u00e5g, 4-i-1 sandkasse, skrivebord og picnicbord med tilbeh\u00f8r fra det kendte firma Feber er et uundv\u00e6rligt element p\u00e5 enhver legeplads, b\u00e5de hjemme og p\u00e5 offentlige steder. Bordet har to rum, der kan fyldes med sand eller vand. Derudover finder b\u00f8rnene en m\u00f8lle i midten af bordet, som g\u00f8r legen endnu mere attraktiv. [&hellip;]<\/p>\n","protected":false},"featured_media":0,"comment_status":"open","ping_status":"closed","template":"","meta":[],"product_brand":[],"product_cat":[31],"product_tag":[],"class_list":{"0":"post-20629","1":"product","2":"type-product","3":"status-publish","5":"product_cat-uncategorized-da","7":"first","8":"instock","9":"shipping-taxable","10":"purchasable","11":"product-type-simple"},"_links":{"self":[{"href":"https:\/\/nordicmart.andreevmaster.com\/da\/wp-json\/wp\/v2\/product\/20629","targetHints":{"allow":["GET"]}}],"collection":[{"href":"https:\/\/nordicmart.andreevmaster.com\/da\/wp-json\/wp\/v2\/product"}],"about":[{"href":"https:\/\/nordicmart.andreevmaster.com\/da\/wp-json\/wp\/v2\/types\/product"}],"replies":[{"embeddable":true,"href":"https:\/\/nordicmart.andreevmaster.com\/da\/wp-json\/wp\/v2\/comments?post=20629"}],"wp:attachment":[{"href":"https:\/\/nordicmart.andreevmaster.com\/da\/wp-json\/wp\/v2\/media?parent=20629"}],"wp:term":[{"taxonomy":"product_brand","embeddable":true,"href":"https:\/\/nordicmart.andreevmaster.com\/da\/wp-json\/wp\/v2\/product_brand?post=20629"},{"taxonomy":"product_cat","embeddable":true,"href":"https:\/\/nordicmart.andreevmaster.com\/da\/wp-json\/wp\/v2\/product_cat?post=20629"},{"taxonomy":"product_tag","embeddable":true,"href":"https:\/\/nordicmart.andreevmaster.com\/da\/wp-json\/wp\/v2\/product_tag?post=20629"}],"curies":[{"name":"wp","href":"https:\/\/api.w.org\/{rel}","templated":true}]}}