{"id":20628,"date":"2026-02-27T00:09:14","date_gmt":"2026-02-27T00:09:14","guid":{"rendered":"https:\/\/nordicmart.andreevmaster.com\/product\/feber-bluey-bornehavehus-brevkasse\/"},"modified":"2026-02-27T08:54:01","modified_gmt":"2026-02-27T08:54:01","slug":"feber-bluey-bornehavehus-brevkasse","status":"publish","type":"product","link":"https:\/\/nordicmart.andreevmaster.com\/da\/vare\/feber-bluey-bornehavehus-brevkasse\/","title":{"rendered":"FEBER BLUEY B\u00f8rnehavehus Brevkasse"},"content":{"rendered":"<p>Velkommen til en verden af kreativ leg med Bluey House havehus! Dette charmerende legehus fra FEBER, inspireret af den popul\u00e6re tegneserie Bluey, transporterer dit barn ind i en verden med deres yndlingsfigurer. Legehuset har en indgangsd\u00f8r med en \u00e5bning, der kan bruges som brevkasse, hvilket giver legen et realistisk pr\u00e6g. Huset er lavet af UV-resistent plast i h\u00f8j kvalitet, er let at samle og garanterer sikkerhed under brug. Det er ikke bare et leget\u00f8j, det er et sted, hvor b\u00f8rn kan skabe deres egne historier og udspille deres yndlingsscener fra tegnefilmen. Gl\u00e6de og smil p\u00e5 dit barns ansigt er garanteret!<\/p>\n<p>Funktioner:<\/p>\n<p>* &#8211; Indgangsd\u00f8r med en \u00e5bning, der fungerer som en brevkasse<br \/>\n* &#8211; Fremstillet af UV-resistent plast af h\u00f8j kvalitet<br \/>\n* &#8211; Nem samling, s\u00e5 det hurtigt er klar til leg<br \/>\n* &#8211; Stabil konstruktion, der sikrer sikkerhed under brug<br \/>\n* &#8211; Licensprodukt inspireret af tegnefilmen Bluey, hvilket g\u00f8r legehuset attraktivt for unge fans af serien<\/p>\n<p>Leget\u00f8jet udvikler:<\/p>\n<p>* &#8211; Kreativitet og fantasi<br \/>\n* &#8211; Sociale f\u00e6rdigheder og interaktivitet gennem gruppespil<br \/>\n* &#8211; Motoriske f\u00e6rdigheder gennem forskellige former for fysisk aktivitet, der kan udf\u00f8res i legehuset<\/p>\n","protected":false},"excerpt":{"rendered":"<p>Velkommen til en verden af kreativ leg med Bluey House havehus! Dette charmerende legehus fra FEBER, inspireret af den popul\u00e6re tegneserie Bluey, transporterer dit barn ind i en verden med deres yndlingsfigurer. Legehuset har en indgangsd\u00f8r med en \u00e5bning, der kan bruges som brevkasse, hvilket giver legen et realistisk pr\u00e6g. Huset er lavet af UV-resistent [&hellip;]<\/p>\n","protected":false},"featured_media":0,"comment_status":"open","ping_status":"closed","template":"","meta":[],"product_brand":[],"product_cat":[31],"product_tag":[],"class_list":{"0":"post-20628","1":"product","2":"type-product","3":"status-publish","5":"product_cat-uncategorized-da","7":"first","8":"instock","9":"shipping-taxable","10":"purchasable","11":"product-type-simple"},"_links":{"self":[{"href":"https:\/\/nordicmart.andreevmaster.com\/da\/wp-json\/wp\/v2\/product\/20628","targetHints":{"allow":["GET"]}}],"collection":[{"href":"https:\/\/nordicmart.andreevmaster.com\/da\/wp-json\/wp\/v2\/product"}],"about":[{"href":"https:\/\/nordicmart.andreevmaster.com\/da\/wp-json\/wp\/v2\/types\/product"}],"replies":[{"embeddable":true,"href":"https:\/\/nordicmart.andreevmaster.com\/da\/wp-json\/wp\/v2\/comments?post=20628"}],"wp:attachment":[{"href":"https:\/\/nordicmart.andreevmaster.com\/da\/wp-json\/wp\/v2\/media?parent=20628"}],"wp:term":[{"taxonomy":"product_brand","embeddable":true,"href":"https:\/\/nordicmart.andreevmaster.com\/da\/wp-json\/wp\/v2\/product_brand?post=20628"},{"taxonomy":"product_cat","embeddable":true,"href":"https:\/\/nordicmart.andreevmaster.com\/da\/wp-json\/wp\/v2\/product_cat?post=20628"},{"taxonomy":"product_tag","embeddable":true,"href":"https:\/\/nordicmart.andreevmaster.com\/da\/wp-json\/wp\/v2\/product_tag?post=20628"}],"curies":[{"name":"wp","href":"https:\/\/api.w.org\/{rel}","templated":true}]}}