{"id":20627,"date":"2026-02-27T00:09:13","date_gmt":"2026-02-27T00:09:13","guid":{"rendered":"https:\/\/nordicmart.andreevmaster.com\/product\/feber-6v-batteridrevet-quadcykel-racy-bluey\/"},"modified":"2026-02-27T08:54:00","modified_gmt":"2026-02-27T08:54:00","slug":"feber-6v-batteridrevet-quadcykel-racy-bluey","status":"publish","type":"product","link":"https:\/\/nordicmart.andreevmaster.com\/da\/vare\/feber-6v-batteridrevet-quadcykel-racy-bluey\/","title":{"rendered":"FEBER 6V batteridrevet quadcykel Racy BLUEY"},"content":{"rendered":"<p>Velkommen til Blueys eventyrlige verden med FEBER BLUEY QUAD! Denne bl\u00e5 batteridrevne quadcykel er en rigtig godbid for sm\u00e5 opdagelsesrejsende. Den er fremstillet i overensstemmelse med de nyeste teknologier og de h\u00f8jeste sikkerhedsstandarder og sikrer enest\u00e5ende stabilitet og sikkerhed under k\u00f8rsel. Gash\u00e5ndtaget og bremsen i \u00e9t pedals\u00e6t g\u00f8r den nem at betjene, og quadcyklen er ideel til b\u00f8rn fra 18 m\u00e5neder og opefter. Den kan bruges b\u00e5de indend\u00f8rs og udend\u00f8rs. <\/p>\n<p>Funktioner:<\/p>\n<p>* &#8211; Til b\u00f8rn fra 18 m\u00e5neder og opefter.* &#8211; Bl\u00e5 batteridrevet quadcykel med licens fra Bluey.<br \/>\n* &#8211; Leveres med oplader.<br \/>\n* &#8211; Gas og bremse i \u00e9n pedal.<br \/>\n* &#8211; Hastighed op til 2 km\/t.<br \/>\n* &#8211; Fremstillet af vejr- og UV-bestandig plast<br \/>\n* &#8211; Maksimal belastning: 20 kg<\/p>\n","protected":false},"excerpt":{"rendered":"<p>Velkommen til Blueys eventyrlige verden med FEBER BLUEY QUAD! Denne bl\u00e5 batteridrevne quadcykel er en rigtig godbid for sm\u00e5 opdagelsesrejsende. Den er fremstillet i overensstemmelse med de nyeste teknologier og de h\u00f8jeste sikkerhedsstandarder og sikrer enest\u00e5ende stabilitet og sikkerhed under k\u00f8rsel. Gash\u00e5ndtaget og bremsen i \u00e9t pedals\u00e6t g\u00f8r den nem at betjene, og quadcyklen er [&hellip;]<\/p>\n","protected":false},"featured_media":0,"comment_status":"open","ping_status":"closed","template":"","meta":[],"product_brand":[],"product_cat":[31],"product_tag":[],"class_list":{"0":"post-20627","1":"product","2":"type-product","3":"status-publish","5":"product_cat-uncategorized-da","7":"first","8":"instock","9":"shipping-taxable","10":"purchasable","11":"product-type-simple"},"_links":{"self":[{"href":"https:\/\/nordicmart.andreevmaster.com\/da\/wp-json\/wp\/v2\/product\/20627","targetHints":{"allow":["GET"]}}],"collection":[{"href":"https:\/\/nordicmart.andreevmaster.com\/da\/wp-json\/wp\/v2\/product"}],"about":[{"href":"https:\/\/nordicmart.andreevmaster.com\/da\/wp-json\/wp\/v2\/types\/product"}],"replies":[{"embeddable":true,"href":"https:\/\/nordicmart.andreevmaster.com\/da\/wp-json\/wp\/v2\/comments?post=20627"}],"wp:attachment":[{"href":"https:\/\/nordicmart.andreevmaster.com\/da\/wp-json\/wp\/v2\/media?parent=20627"}],"wp:term":[{"taxonomy":"product_brand","embeddable":true,"href":"https:\/\/nordicmart.andreevmaster.com\/da\/wp-json\/wp\/v2\/product_brand?post=20627"},{"taxonomy":"product_cat","embeddable":true,"href":"https:\/\/nordicmart.andreevmaster.com\/da\/wp-json\/wp\/v2\/product_cat?post=20627"},{"taxonomy":"product_tag","embeddable":true,"href":"https:\/\/nordicmart.andreevmaster.com\/da\/wp-json\/wp\/v2\/product_tag?post=20627"}],"curies":[{"name":"wp","href":"https:\/\/api.w.org\/{rel}","templated":true}]}}