{"id":20626,"date":"2026-02-27T00:09:13","date_gmt":"2026-02-27T00:09:13","guid":{"rendered":"https:\/\/nordicmart.andreevmaster.com\/product\/feber-stor-casual-have-rutsjebane-vandrutsjebane-190-cm\/"},"modified":"2026-02-27T08:54:00","modified_gmt":"2026-02-27T08:54:00","slug":"feber-stor-casual-have-rutsjebane-vandrutsjebane-190-cm","status":"publish","type":"product","link":"https:\/\/nordicmart.andreevmaster.com\/da\/vare\/feber-stor-casual-have-rutsjebane-vandrutsjebane-190-cm\/","title":{"rendered":"FEBER Stor casual have-rutsjebane Vandrutsjebane 190 cm"},"content":{"rendered":"<p>Casual rutsjebane fra det spanske m\u00e6rke Feber til b\u00f8rn fra 3 \u00e5r. Den 190 cm lange rutsjebane og den komfortable stige med h\u00e5ndtag, som b\u00f8rnene kan klatre op ad, sikrer sikkerheden. Tilslut en haveslange til rutsjebanen, og du har den perfekte vandlegeplads til varme dage. Produktet er lavet af holdbart og modstandsdygtigt plast, der er belagt med en ANTI-UV-bel\u00e6gning, der beskytter mod falmning.<br \/>\nEgenskaber:<br \/>\n* &#8211; Rutsjebanen er udstyret med en 190 cm lang rutsjebane,<br \/>\n* &#8211; Der kan tilsluttes en haveslange til rutsjebanen,<br \/>\n* &#8211; Den har h\u00f8je sidev\u00e6gge og afrundede kanter for behagelig og sikker leg.<br \/>\n* &#8211; Den har ogs\u00e5 moderne formede trin, indbyggede h\u00e5ndtag, en specielt formet rygl\u00e6n og en bred, stabil base.* &#8211; Plastikken er d\u00e6kket med en UV-bel\u00e6gning, der bevarer farvernes kvalitet i lang tid,<br \/>\n* &#8211; Maksimal belastning op til 30 kg.<\/p>\n","protected":false},"excerpt":{"rendered":"<p>Casual rutsjebane fra det spanske m\u00e6rke Feber til b\u00f8rn fra 3 \u00e5r. Den 190 cm lange rutsjebane og den komfortable stige med h\u00e5ndtag, som b\u00f8rnene kan klatre op ad, sikrer sikkerheden. Tilslut en haveslange til rutsjebanen, og du har den perfekte vandlegeplads til varme dage. Produktet er lavet af holdbart og modstandsdygtigt plast, der er [&hellip;]<\/p>\n","protected":false},"featured_media":0,"comment_status":"open","ping_status":"closed","template":"","meta":[],"product_brand":[],"product_cat":[31],"product_tag":[],"class_list":{"0":"post-20626","1":"product","2":"type-product","3":"status-publish","5":"product_cat-uncategorized-da","7":"first","8":"instock","9":"shipping-taxable","10":"purchasable","11":"product-type-simple"},"_links":{"self":[{"href":"https:\/\/nordicmart.andreevmaster.com\/da\/wp-json\/wp\/v2\/product\/20626","targetHints":{"allow":["GET"]}}],"collection":[{"href":"https:\/\/nordicmart.andreevmaster.com\/da\/wp-json\/wp\/v2\/product"}],"about":[{"href":"https:\/\/nordicmart.andreevmaster.com\/da\/wp-json\/wp\/v2\/types\/product"}],"replies":[{"embeddable":true,"href":"https:\/\/nordicmart.andreevmaster.com\/da\/wp-json\/wp\/v2\/comments?post=20626"}],"wp:attachment":[{"href":"https:\/\/nordicmart.andreevmaster.com\/da\/wp-json\/wp\/v2\/media?parent=20626"}],"wp:term":[{"taxonomy":"product_brand","embeddable":true,"href":"https:\/\/nordicmart.andreevmaster.com\/da\/wp-json\/wp\/v2\/product_brand?post=20626"},{"taxonomy":"product_cat","embeddable":true,"href":"https:\/\/nordicmart.andreevmaster.com\/da\/wp-json\/wp\/v2\/product_cat?post=20626"},{"taxonomy":"product_tag","embeddable":true,"href":"https:\/\/nordicmart.andreevmaster.com\/da\/wp-json\/wp\/v2\/product_tag?post=20626"}],"curies":[{"name":"wp","href":"https:\/\/api.w.org\/{rel}","templated":true}]}}