{"id":20625,"date":"2026-02-27T00:09:13","date_gmt":"2026-02-27T00:09:13","guid":{"rendered":"https:\/\/nordicmart.andreevmaster.com\/product\/feber-vandhave-rutsjebane-152-cm\/"},"modified":"2026-02-27T08:54:00","modified_gmt":"2026-02-27T08:54:00","slug":"feber-vandhave-rutsjebane-152-cm","status":"publish","type":"product","link":"https:\/\/nordicmart.andreevmaster.com\/da\/vare\/feber-vandhave-rutsjebane-152-cm\/","title":{"rendered":"FEBER Vandhave-rutsjebane 152 cm"},"content":{"rendered":"<p>FEBER FARVERIG RUTSJEBANE 152 CM MED VANDRUTSJEBANE er en integreret del af enhver legeplads, b\u00e5de hjemme og p\u00e5 offentlige steder. Feber-rutsjebaner er fremstillet af materialer af h\u00f8j kvalitet med opm\u00e6rksomhed p\u00e5 de mindste detaljer. Rutsjebanerne kan kombineres med andre legepladser eller havehuse for at skabe et unikt sted for b\u00f8rn at lege.<\/p>\n<p>Egenskaber:<\/p>\n<p>* &#8211; Rutsjebanen er udstyret med en 152 cm lang rutsjebane,<br \/>\n* &#8211; Mulighed for at tilslutte en haveslange til rutsjebanen,<br \/>\n* &#8211; Den har h\u00f8je sidev\u00e6gge og afrundede kanter for behagelig og sikker leg.* &#8211; Indbyggede h\u00e5ndtag,<br \/>\n* &#8211; Den har skridsikre trin,<br \/>\n* &#8211; Specielt formet rygl\u00e6n,<br \/>\n* &#8211; Stabil bred base,<br \/>\n* &#8211; Plastikken er belagt med UV-beskyttelse for at bevare farvekvaliteten i lang tid.<\/p>\n","protected":false},"excerpt":{"rendered":"<p>FEBER FARVERIG RUTSJEBANE 152 CM MED VANDRUTSJEBANE er en integreret del af enhver legeplads, b\u00e5de hjemme og p\u00e5 offentlige steder. Feber-rutsjebaner er fremstillet af materialer af h\u00f8j kvalitet med opm\u00e6rksomhed p\u00e5 de mindste detaljer. Rutsjebanerne kan kombineres med andre legepladser eller havehuse for at skabe et unikt sted for b\u00f8rn at lege. Egenskaber: * &#8211; [&hellip;]<\/p>\n","protected":false},"featured_media":0,"comment_status":"open","ping_status":"closed","template":"","meta":[],"product_brand":[],"product_cat":[31],"product_tag":[],"class_list":{"0":"post-20625","1":"product","2":"type-product","3":"status-publish","5":"product_cat-uncategorized-da","7":"first","8":"instock","9":"shipping-taxable","10":"purchasable","11":"product-type-simple"},"_links":{"self":[{"href":"https:\/\/nordicmart.andreevmaster.com\/da\/wp-json\/wp\/v2\/product\/20625","targetHints":{"allow":["GET"]}}],"collection":[{"href":"https:\/\/nordicmart.andreevmaster.com\/da\/wp-json\/wp\/v2\/product"}],"about":[{"href":"https:\/\/nordicmart.andreevmaster.com\/da\/wp-json\/wp\/v2\/types\/product"}],"replies":[{"embeddable":true,"href":"https:\/\/nordicmart.andreevmaster.com\/da\/wp-json\/wp\/v2\/comments?post=20625"}],"wp:attachment":[{"href":"https:\/\/nordicmart.andreevmaster.com\/da\/wp-json\/wp\/v2\/media?parent=20625"}],"wp:term":[{"taxonomy":"product_brand","embeddable":true,"href":"https:\/\/nordicmart.andreevmaster.com\/da\/wp-json\/wp\/v2\/product_brand?post=20625"},{"taxonomy":"product_cat","embeddable":true,"href":"https:\/\/nordicmart.andreevmaster.com\/da\/wp-json\/wp\/v2\/product_cat?post=20625"},{"taxonomy":"product_tag","embeddable":true,"href":"https:\/\/nordicmart.andreevmaster.com\/da\/wp-json\/wp\/v2\/product_tag?post=20625"}],"curies":[{"name":"wp","href":"https:\/\/api.w.org\/{rel}","templated":true}]}}