{"id":20624,"date":"2026-02-27T00:09:13","date_gmt":"2026-02-27T00:09:13","guid":{"rendered":"https:\/\/nordicmart.andreevmaster.com\/product\/feber-recycle-eco-garden-house-waste-sorting-green-energy-2\/"},"modified":"2026-02-27T08:54:00","modified_gmt":"2026-02-27T08:54:00","slug":"feber-recycle-eco-garden-house-waste-sorting-green-energy-2","status":"publish","type":"product","link":"https:\/\/nordicmart.andreevmaster.com\/da\/vare\/feber-recycle-eco-garden-house-waste-sorting-green-energy-2\/","title":{"rendered":"FEBER Recycle Eco Garden House Waste Sorting Green Energy"},"content":{"rendered":"<p>FEBER Recycle ECO legehus er fremstillet af 90 % milj\u00f8venlig genanvendt plast. Vinder af ToyAward 2024 p\u00e5 den st\u00f8rste leget\u00f8jsmesse i N\u00fcrnberg for sin omfattende milj\u00f8undervisning. Det er et perfekt fremstillet legehus, der tilbyder alle de aktiviteter, de sm\u00e5 har brug for for at v\u00e6kke deres nysgerrighed om naturen. Et fantastisk sted og en fantastisk m\u00e5de for b\u00f8rn at l\u00e6re om affaldssortering, genanvendelse, milj\u00f8venlig havearbejde og gr\u00f8n energiproduktion takket v\u00e6re en vindm\u00f8lle og solceller p\u00e5 taget. S\u00e6ttet indeholder 2 genbrugsbeholdere (gul og bl\u00e5), en lille have (i krukker) og redskaber. Det er en fantastisk udend\u00f8rsaktivitet for b\u00f8rn. De kan lege med at plante fr\u00f8 og se planterne vokse. Der medf\u00f8lger ogs\u00e5 en fuglefoderbr\u00e6t. Og regnvand er perfekt til at vande planter eller blomster. Vindm\u00f8llen og det imiterede solcellepanel giver fantastiske muligheder for at l\u00e6re om b\u00e6redygtig energi! Holdbart, let at samle og udstyret med et Anti-UV-system, der forhindrer farvetab og \u00f8ger plastens holdbarhed.<\/p>\n<p>Funktioner:<\/p>\n<p>* &#8211; Legehus til b\u00f8rn fra 2 \u00e5r<br \/>\n* &#8211; Vinder af ToyAward 2024 p\u00e5 den st\u00f8rste leget\u00f8jsmesse i N\u00fcrnberg<br \/>\n* &#8211; Fremstillet af 90 % milj\u00f8venlig genanvendt plast<br \/>\n* &#8211; L\u00e6rer b\u00f8rn at passe p\u00e5 milj\u00f8et gennem aktiviteter som affaldssortering og milj\u00f8venlig planteavl<br \/>\n* &#8211; Let at samle<br \/>\n* &#8211; Udstyret med en anti-UV-bel\u00e6gning<\/p>\n<p>Huset indeholder:<\/p>\n<p>* &#8211; Genbrugsbeholdere (gul og bl\u00e5)<br \/>\n* &#8211; Havev\u00e6rkt\u00f8j<br \/>\n* &#8211; Vindm\u00f8lle<br \/>\n* &#8211; Solceller p\u00e5 taget<br \/>\n* &#8211; Fuglehus og fuglefoderhus<\/p>\n","protected":false},"excerpt":{"rendered":"<p>FEBER Recycle ECO legehus er fremstillet af 90 % milj\u00f8venlig genanvendt plast. Vinder af ToyAward 2024 p\u00e5 den st\u00f8rste leget\u00f8jsmesse i N\u00fcrnberg for sin omfattende milj\u00f8undervisning. Det er et perfekt fremstillet legehus, der tilbyder alle de aktiviteter, de sm\u00e5 har brug for for at v\u00e6kke deres nysgerrighed om naturen. Et fantastisk sted og en fantastisk [&hellip;]<\/p>\n","protected":false},"featured_media":0,"comment_status":"open","ping_status":"closed","template":"","meta":[],"product_brand":[],"product_cat":[31],"product_tag":[],"class_list":{"0":"post-20624","1":"product","2":"type-product","3":"status-publish","5":"product_cat-uncategorized-da","7":"first","8":"instock","9":"shipping-taxable","10":"purchasable","11":"product-type-simple"},"_links":{"self":[{"href":"https:\/\/nordicmart.andreevmaster.com\/da\/wp-json\/wp\/v2\/product\/20624","targetHints":{"allow":["GET"]}}],"collection":[{"href":"https:\/\/nordicmart.andreevmaster.com\/da\/wp-json\/wp\/v2\/product"}],"about":[{"href":"https:\/\/nordicmart.andreevmaster.com\/da\/wp-json\/wp\/v2\/types\/product"}],"replies":[{"embeddable":true,"href":"https:\/\/nordicmart.andreevmaster.com\/da\/wp-json\/wp\/v2\/comments?post=20624"}],"wp:attachment":[{"href":"https:\/\/nordicmart.andreevmaster.com\/da\/wp-json\/wp\/v2\/media?parent=20624"}],"wp:term":[{"taxonomy":"product_brand","embeddable":true,"href":"https:\/\/nordicmart.andreevmaster.com\/da\/wp-json\/wp\/v2\/product_brand?post=20624"},{"taxonomy":"product_cat","embeddable":true,"href":"https:\/\/nordicmart.andreevmaster.com\/da\/wp-json\/wp\/v2\/product_cat?post=20624"},{"taxonomy":"product_tag","embeddable":true,"href":"https:\/\/nordicmart.andreevmaster.com\/da\/wp-json\/wp\/v2\/product_tag?post=20624"}],"curies":[{"name":"wp","href":"https:\/\/api.w.org\/{rel}","templated":true}]}}