{"id":20623,"date":"2026-02-27T00:09:13","date_gmt":"2026-02-27T00:09:13","guid":{"rendered":"https:\/\/nordicmart.andreevmaster.com\/product\/feber-stort-afslappet-havehus-med-udtraekkelig-baenk-log-cabin\/"},"modified":"2026-02-27T08:54:00","modified_gmt":"2026-02-27T08:54:00","slug":"feber-stort-afslappet-havehus-med-udtraekkelig-baenk-log-cabin","status":"publish","type":"product","link":"https:\/\/nordicmart.andreevmaster.com\/da\/vare\/feber-stort-afslappet-havehus-med-udtraekkelig-baenk-log-cabin\/","title":{"rendered":"FEBER Stort afslappet havehus med udtr\u00e6kkelig b\u00e6nk Log Cabin"},"content":{"rendered":"<p>Casual Cottage fra Feber er en innovativ bjerghytte, der ikke bare er en almindelig hytte, men en invitation til en verden af fantasi og opdagelse. B\u00f8rnene kan fordybe sig i charmen ved en tr\u00e6hytte, der er udstyret med et udtr\u00e6kkeligt bord med b\u00e6nke, som hurtigt og nemt kan s\u00e6ttes op inde i eller uden for hytten. Denne hytte udvikler vores b\u00f8rns kreativitet og fantasi. Den er sikker og giver b\u00f8rnene mulighed for at skabe deres egen verden, hvor de kan lege i timevis ved at spille forskellige roller. Casual Cottage er kendetegnet ved pastelfarver, der formidler spontanitet, fleksibilitet og afslapning. Hytten er fremstillet i Spanien og garanterer enest\u00e5ende kvalitet og vejrbestandighed. Den er ogs\u00e5 nem at samle, s\u00e5 legen kan begynde uden problemer.<br \/>\nEgenskaber:<br \/>\n* Til b\u00f8rn fra 2 \u00e5r og opefter<br \/>\n* Flytbart bord med to stole, der er nemt at flytte inden for eller uden for hytten.<br \/>\n* \u00c5ben d\u00f8r med vindue.<br \/>\n* Vinduer med skodder, der kan \u00e5bnes.<br \/>\n* Legehuset har en UV-beskyttende bel\u00e6gning.<br \/>\n* Elektrisk d\u00f8rklokke.<br \/>\n* Produktv\u00e6gt med emballage: 54 kg<\/p>\n","protected":false},"excerpt":{"rendered":"<p>Casual Cottage fra Feber er en innovativ bjerghytte, der ikke bare er en almindelig hytte, men en invitation til en verden af fantasi og opdagelse. B\u00f8rnene kan fordybe sig i charmen ved en tr\u00e6hytte, der er udstyret med et udtr\u00e6kkeligt bord med b\u00e6nke, som hurtigt og nemt kan s\u00e6ttes op inde i eller uden for [&hellip;]<\/p>\n","protected":false},"featured_media":0,"comment_status":"open","ping_status":"closed","template":"","meta":[],"product_brand":[],"product_cat":[31],"product_tag":[],"class_list":{"0":"post-20623","1":"product","2":"type-product","3":"status-publish","5":"product_cat-uncategorized-da","7":"first","8":"instock","9":"shipping-taxable","10":"purchasable","11":"product-type-simple"},"_links":{"self":[{"href":"https:\/\/nordicmart.andreevmaster.com\/da\/wp-json\/wp\/v2\/product\/20623","targetHints":{"allow":["GET"]}}],"collection":[{"href":"https:\/\/nordicmart.andreevmaster.com\/da\/wp-json\/wp\/v2\/product"}],"about":[{"href":"https:\/\/nordicmart.andreevmaster.com\/da\/wp-json\/wp\/v2\/types\/product"}],"replies":[{"embeddable":true,"href":"https:\/\/nordicmart.andreevmaster.com\/da\/wp-json\/wp\/v2\/comments?post=20623"}],"wp:attachment":[{"href":"https:\/\/nordicmart.andreevmaster.com\/da\/wp-json\/wp\/v2\/media?parent=20623"}],"wp:term":[{"taxonomy":"product_brand","embeddable":true,"href":"https:\/\/nordicmart.andreevmaster.com\/da\/wp-json\/wp\/v2\/product_brand?post=20623"},{"taxonomy":"product_cat","embeddable":true,"href":"https:\/\/nordicmart.andreevmaster.com\/da\/wp-json\/wp\/v2\/product_cat?post=20623"},{"taxonomy":"product_tag","embeddable":true,"href":"https:\/\/nordicmart.andreevmaster.com\/da\/wp-json\/wp\/v2\/product_tag?post=20623"}],"curies":[{"name":"wp","href":"https:\/\/api.w.org\/{rel}","templated":true}]}}