{"id":20622,"date":"2026-02-27T00:09:12","date_gmt":"2026-02-27T00:09:12","guid":{"rendered":"https:\/\/nordicmart.andreevmaster.com\/product\/feber-casual-multifunktionelt-6-i-1-aktivitetshus-med-medfolgende-spil\/"},"modified":"2026-02-27T08:54:00","modified_gmt":"2026-02-27T08:54:00","slug":"feber-casual-multifunktionelt-6-i-1-aktivitetshus-med-medfolgende-spil","status":"publish","type":"product","link":"https:\/\/nordicmart.andreevmaster.com\/da\/vare\/feber-casual-multifunktionelt-6-i-1-aktivitetshus-med-medfolgende-spil\/","title":{"rendered":"FEBER Casual multifunktionelt 6-i-1 aktivitetshus med medf\u00f8lgende spil"},"content":{"rendered":"<p>6-i-1 aktivitetshuset fra Casual-serien er en version af FEBER aktivitetshuset i d\u00e6mpede farver. Det er et multifunktionelt legehus, der indeholder 6 forskellige spil, der giver dit barn timevis af sjov og underholdning. Dette produkt er beregnet til b\u00f8rn over 3 \u00e5r. Det er udstyret med et UV-beskyttelsessystem, takket v\u00e6re hvilket farven ikke falmer, trods de afd\u00e6mpede farver. FEH23000-huset er lavet af solidt materiale af h\u00f8j kvalitet og er let at samle og skille ad. Efter legetiden kan det foldes sammen for nem opbevaring.<\/p>\n<p>Funktioner:<\/p>\n<p>* &#8211; Designet til b\u00f8rn over 3 \u00e5r<br \/>\n* &#8211; S\u00e6ttet indeholder spil: basketball, fodbold, velcro-boldm\u00e5l, ketcherspil<br \/>\n* &#8211; Udstyret med et UV-beskyttelsessystem, der forhindrer farvefading p\u00e5 trods af de afd\u00e6mpede farver<br \/>\n* &#8211; Fremstillet af solidt materiale af h\u00f8j kvalitet<br \/>\n* &#8211; Let at samle og skille ad<br \/>\n* &#8211; Kan foldes sammen for nem opbevaring<\/p>\n<p>S\u00e6ttet indeholder:<\/p>\n<p>* &#8211; Legehus<br \/>\n* &#8211; Spil: basketball, fodbold, ketcherspil, bowling<br \/>\n* &#8211; Velcro-boldm\u00e5l<\/p>\n<p>Leget\u00f8j:<\/p>\n<p>* &#8211; Udvikler b\u00f8rns kreativitet og fantasi<br \/>\n* &#8211; L\u00e6rer b\u00f8rnene om teamwork og at dele<br \/>\n* &#8211; Tilskynder b\u00f8rnene til at v\u00e6re fysisk aktive<\/p>\n","protected":false},"excerpt":{"rendered":"<p>6-i-1 aktivitetshuset fra Casual-serien er en version af FEBER aktivitetshuset i d\u00e6mpede farver. Det er et multifunktionelt legehus, der indeholder 6 forskellige spil, der giver dit barn timevis af sjov og underholdning. Dette produkt er beregnet til b\u00f8rn over 3 \u00e5r. Det er udstyret med et UV-beskyttelsessystem, takket v\u00e6re hvilket farven ikke falmer, trods de [&hellip;]<\/p>\n","protected":false},"featured_media":0,"comment_status":"open","ping_status":"closed","template":"","meta":[],"product_brand":[],"product_cat":[31],"product_tag":[],"class_list":{"0":"post-20622","1":"product","2":"type-product","3":"status-publish","5":"product_cat-uncategorized-da","7":"first","8":"instock","9":"shipping-taxable","10":"purchasable","11":"product-type-simple"},"_links":{"self":[{"href":"https:\/\/nordicmart.andreevmaster.com\/da\/wp-json\/wp\/v2\/product\/20622","targetHints":{"allow":["GET"]}}],"collection":[{"href":"https:\/\/nordicmart.andreevmaster.com\/da\/wp-json\/wp\/v2\/product"}],"about":[{"href":"https:\/\/nordicmart.andreevmaster.com\/da\/wp-json\/wp\/v2\/types\/product"}],"replies":[{"embeddable":true,"href":"https:\/\/nordicmart.andreevmaster.com\/da\/wp-json\/wp\/v2\/comments?post=20622"}],"wp:attachment":[{"href":"https:\/\/nordicmart.andreevmaster.com\/da\/wp-json\/wp\/v2\/media?parent=20622"}],"wp:term":[{"taxonomy":"product_brand","embeddable":true,"href":"https:\/\/nordicmart.andreevmaster.com\/da\/wp-json\/wp\/v2\/product_brand?post=20622"},{"taxonomy":"product_cat","embeddable":true,"href":"https:\/\/nordicmart.andreevmaster.com\/da\/wp-json\/wp\/v2\/product_cat?post=20622"},{"taxonomy":"product_tag","embeddable":true,"href":"https:\/\/nordicmart.andreevmaster.com\/da\/wp-json\/wp\/v2\/product_tag?post=20622"}],"curies":[{"name":"wp","href":"https:\/\/api.w.org\/{rel}","templated":true}]}}