{"id":20621,"date":"2026-02-27T00:09:12","date_gmt":"2026-02-27T00:09:12","guid":{"rendered":"https:\/\/nordicmart.andreevmaster.com\/product\/feber-casual-bornehavehus-med-brevkasse\/"},"modified":"2026-02-27T08:54:00","modified_gmt":"2026-02-27T08:54:00","slug":"feber-casual-bornehavehus-med-brevkasse","status":"publish","type":"product","link":"https:\/\/nordicmart.andreevmaster.com\/da\/vare\/feber-casual-bornehavehus-med-brevkasse\/","title":{"rendered":"FEBER Casual b\u00f8rnehavehus med brevkasse"},"content":{"rendered":"<p>Casual havehuset fra FEBER skiller sig ud med sine afd\u00e6mpede farver, der tiltr\u00e6kker opm\u00e6rksomhed og samtidig passer harmonisk ind i haven. Pastelnuancer af bl\u00e5, gr\u00f8n og gul skaber en behagelig palet, der fremmer afslapning og kreativ leg. Husets afd\u00e6mpede farver er modstandsdygtige over for falmning takket v\u00e6re brugen af en ANTI-UV-bel\u00e6gning, der sikrer, at huset vil se \u00e6stetisk tiltalende ud i lang tid, uanset vejrforholdene. <\/p>\n<p>Egenskaber:<\/p>\n<p>* &#8211; \u00c5bningsd\u00f8r med brevspalte for ekstra realisme.* &#8211; Nem og hurtig samling takket v\u00e6re det gennemt\u00e6nkte design. * &#8211; Holdbart, stabilt og modstandsdygtigt over for sollys og temperatur. * &#8211; Fremstillet udelukkende af holdbart og stabilt plast med en ANTI-UV-bel\u00e6gning. * &#8211; FEBER-leget\u00f8j er sikkert og opfylder de h\u00f8jeste sikkerhedsstandarder.<\/p>\n<p>Leget\u00f8jet udvikler:<\/p>\n<p>* &#8211; Vores b\u00f8rns kreativitet og fantasi<br \/>\n* &#8211; Giver b\u00f8rnene mulighed for at skabe deres egen verden, hvor de kan lege i timevis ved at spille forskellige roller<\/p>\n","protected":false},"excerpt":{"rendered":"<p>Casual havehuset fra FEBER skiller sig ud med sine afd\u00e6mpede farver, der tiltr\u00e6kker opm\u00e6rksomhed og samtidig passer harmonisk ind i haven. Pastelnuancer af bl\u00e5, gr\u00f8n og gul skaber en behagelig palet, der fremmer afslapning og kreativ leg. Husets afd\u00e6mpede farver er modstandsdygtige over for falmning takket v\u00e6re brugen af en ANTI-UV-bel\u00e6gning, der sikrer, at huset [&hellip;]<\/p>\n","protected":false},"featured_media":0,"comment_status":"open","ping_status":"closed","template":"","meta":[],"product_brand":[],"product_cat":[31],"product_tag":[],"class_list":{"0":"post-20621","1":"product","2":"type-product","3":"status-publish","5":"product_cat-uncategorized-da","7":"first","8":"instock","9":"shipping-taxable","10":"purchasable","11":"product-type-simple"},"_links":{"self":[{"href":"https:\/\/nordicmart.andreevmaster.com\/da\/wp-json\/wp\/v2\/product\/20621","targetHints":{"allow":["GET"]}}],"collection":[{"href":"https:\/\/nordicmart.andreevmaster.com\/da\/wp-json\/wp\/v2\/product"}],"about":[{"href":"https:\/\/nordicmart.andreevmaster.com\/da\/wp-json\/wp\/v2\/types\/product"}],"replies":[{"embeddable":true,"href":"https:\/\/nordicmart.andreevmaster.com\/da\/wp-json\/wp\/v2\/comments?post=20621"}],"wp:attachment":[{"href":"https:\/\/nordicmart.andreevmaster.com\/da\/wp-json\/wp\/v2\/media?parent=20621"}],"wp:term":[{"taxonomy":"product_brand","embeddable":true,"href":"https:\/\/nordicmart.andreevmaster.com\/da\/wp-json\/wp\/v2\/product_brand?post=20621"},{"taxonomy":"product_cat","embeddable":true,"href":"https:\/\/nordicmart.andreevmaster.com\/da\/wp-json\/wp\/v2\/product_cat?post=20621"},{"taxonomy":"product_tag","embeddable":true,"href":"https:\/\/nordicmart.andreevmaster.com\/da\/wp-json\/wp\/v2\/product_tag?post=20621"}],"curies":[{"name":"wp","href":"https:\/\/api.w.org\/{rel}","templated":true}]}}