{"id":20620,"date":"2026-02-27T00:09:12","date_gmt":"2026-02-27T00:09:12","guid":{"rendered":"https:\/\/nordicmart.andreevmaster.com\/product\/feber-interaktiv-gyngehest-2-i-1-ride-on-legetoj\/"},"modified":"2026-02-27T08:53:59","modified_gmt":"2026-02-27T08:53:59","slug":"feber-interaktiv-gyngehest-2-i-1-ride-on-legetoj","status":"publish","type":"product","link":"https:\/\/nordicmart.andreevmaster.com\/da\/vare\/feber-interaktiv-gyngehest-2-i-1-ride-on-legetoj\/","title":{"rendered":"FEBER Interaktiv gyngehest 2-i-1 \u2013 Ride-on leget\u00f8j"},"content":{"rendered":"<p>Oplev 2-i-1-leget\u00f8jet fra FEBER \u2013 en s\u00f8d gyngehest, der vokser med dit barn! Det er en gyngehest og et leget\u00f8j, man kan ride p\u00e5, i \u00e9t, og det giver timevis af sjov. Den stabile konstruktion og lydeffekterne g\u00f8r hvert \u00f8jeblik af legen fuld af gl\u00e6de. Takket v\u00e6re dette leget\u00f8j udvikler dit barn sine psykomotoriske f\u00e6rdigheder, mens det har det sjovt.<\/p>\n<p>Egenskaber:<\/p>\n<p>* &#8211; Til b\u00f8rn fra 12 m\u00e5neder<br \/>\n* &#8211; 2 i 1 \u2013 kan nemt omdannes fra en gyngehest til et ride-on leget\u00f8j<br \/>\n* &#8211; Sikker og stabil konstruktion \u2013 bred base og store hjul<br \/>\n* &#8211; Lydeffekter<br \/>\n* &#8211; Forbedrer motorisk koordination og auditive f\u00e6rdigheder<\/p>\n","protected":false},"excerpt":{"rendered":"<p>Oplev 2-i-1-leget\u00f8jet fra FEBER \u2013 en s\u00f8d gyngehest, der vokser med dit barn! Det er en gyngehest og et leget\u00f8j, man kan ride p\u00e5, i \u00e9t, og det giver timevis af sjov. Den stabile konstruktion og lydeffekterne g\u00f8r hvert \u00f8jeblik af legen fuld af gl\u00e6de. Takket v\u00e6re dette leget\u00f8j udvikler dit barn sine psykomotoriske f\u00e6rdigheder, [&hellip;]<\/p>\n","protected":false},"featured_media":0,"comment_status":"open","ping_status":"closed","template":"","meta":[],"product_brand":[],"product_cat":[31],"product_tag":[],"class_list":{"0":"post-20620","1":"product","2":"type-product","3":"status-publish","5":"product_cat-uncategorized-da","7":"first","8":"instock","9":"shipping-taxable","10":"purchasable","11":"product-type-simple"},"_links":{"self":[{"href":"https:\/\/nordicmart.andreevmaster.com\/da\/wp-json\/wp\/v2\/product\/20620","targetHints":{"allow":["GET"]}}],"collection":[{"href":"https:\/\/nordicmart.andreevmaster.com\/da\/wp-json\/wp\/v2\/product"}],"about":[{"href":"https:\/\/nordicmart.andreevmaster.com\/da\/wp-json\/wp\/v2\/types\/product"}],"replies":[{"embeddable":true,"href":"https:\/\/nordicmart.andreevmaster.com\/da\/wp-json\/wp\/v2\/comments?post=20620"}],"wp:attachment":[{"href":"https:\/\/nordicmart.andreevmaster.com\/da\/wp-json\/wp\/v2\/media?parent=20620"}],"wp:term":[{"taxonomy":"product_brand","embeddable":true,"href":"https:\/\/nordicmart.andreevmaster.com\/da\/wp-json\/wp\/v2\/product_brand?post=20620"},{"taxonomy":"product_cat","embeddable":true,"href":"https:\/\/nordicmart.andreevmaster.com\/da\/wp-json\/wp\/v2\/product_cat?post=20620"},{"taxonomy":"product_tag","embeddable":true,"href":"https:\/\/nordicmart.andreevmaster.com\/da\/wp-json\/wp\/v2\/product_tag?post=20620"}],"curies":[{"name":"wp","href":"https:\/\/api.w.org\/{rel}","templated":true}]}}