{"id":20619,"date":"2026-02-27T00:09:12","date_gmt":"2026-02-27T00:09:12","guid":{"rendered":"https:\/\/nordicmart.andreevmaster.com\/product\/feber-casual-push-ngo-push-toy-rocker-multifunktionel-5-i-1\/"},"modified":"2026-02-27T08:53:59","modified_gmt":"2026-02-27T08:53:59","slug":"feber-casual-push-ngo-push-toy-rocker-multifunktionel-5-i-1","status":"publish","type":"product","link":"https:\/\/nordicmart.andreevmaster.com\/da\/vare\/feber-casual-push-ngo-push-toy-rocker-multifunktionel-5-i-1\/","title":{"rendered":"FEBER CASUAL PUSH N\u2019GO Push Toy Rocker Multifunktionel 5-i-1"},"content":{"rendered":"<p>Oplev en verden fuld af eventyr med FEBER CASUAL PUSH N\u2019GO 5-i-1 \u2013 et leget\u00f8j, som dit barn kan k\u00f8re p\u00e5, og som tager det med p\u00e5 en sp\u00e6ndende rejse fuld af viden og underholdning! Med sine skubbe- og gyngefunktioner giver dette leget\u00f8j en r\u00e6kke oplevelser, der er skr\u00e6ddersyet til forskellige stadier af dit barns udvikling. Det er udstyret med en sikkerhedsstang, fodst\u00f8tter og et h\u00e5ndtag til for\u00e6ldrene, s\u00e5 det er sikkert at lege med. Drejelige hjul under fodst\u00f8tterne \u00f8ger realismen og interaktiviteten i legen. Lad dit barn opdage verden med FEBER CASUAL PUSH N&#8217;GO 5-i-1 \u2013 et leget\u00f8j, der stimulerer nysgerrigheden og tilskynder til aktivitet!<\/p>\n<p>Funktioner:<\/p>\n<p>* &#8211; Designet til b\u00f8rn i forskellige udviklingsstadier.<br \/>\n* &#8211; 5-i-1: leget\u00f8j, klapvogn til for\u00e6ldre, gynge, skubbeleget\u00f8j og opbevaringsplads til leget\u00f8j<br \/>\n* &#8211; Intuitivt at bruge, nem at omdanne.<br \/>\n* &#8211; Sikkerhedsstang, fodst\u00f8tter og h\u00e5ndtag giver st\u00f8tte til for\u00e6ldrene.<br \/>\n* &#8211; Drejelige hjul under fodst\u00f8tterne giver 360 graders rotation.* &#8211; Opbevaringsrum under s\u00e6det til dit barns yndlingsleget\u00f8j. * &#8211; V\u00e6gt: 5 kg; underst\u00f8tter udviklingen af motorisk koordination og rumlig orientering.<\/p>\n","protected":false},"excerpt":{"rendered":"<p>Oplev en verden fuld af eventyr med FEBER CASUAL PUSH N\u2019GO 5-i-1 \u2013 et leget\u00f8j, som dit barn kan k\u00f8re p\u00e5, og som tager det med p\u00e5 en sp\u00e6ndende rejse fuld af viden og underholdning! Med sine skubbe- og gyngefunktioner giver dette leget\u00f8j en r\u00e6kke oplevelser, der er skr\u00e6ddersyet til forskellige stadier af dit barns [&hellip;]<\/p>\n","protected":false},"featured_media":0,"comment_status":"open","ping_status":"closed","template":"","meta":[],"product_brand":[],"product_cat":[31],"product_tag":[],"class_list":{"0":"post-20619","1":"product","2":"type-product","3":"status-publish","5":"product_cat-uncategorized-da","7":"first","8":"instock","9":"shipping-taxable","10":"purchasable","11":"product-type-simple"},"_links":{"self":[{"href":"https:\/\/nordicmart.andreevmaster.com\/da\/wp-json\/wp\/v2\/product\/20619","targetHints":{"allow":["GET"]}}],"collection":[{"href":"https:\/\/nordicmart.andreevmaster.com\/da\/wp-json\/wp\/v2\/product"}],"about":[{"href":"https:\/\/nordicmart.andreevmaster.com\/da\/wp-json\/wp\/v2\/types\/product"}],"replies":[{"embeddable":true,"href":"https:\/\/nordicmart.andreevmaster.com\/da\/wp-json\/wp\/v2\/comments?post=20619"}],"wp:attachment":[{"href":"https:\/\/nordicmart.andreevmaster.com\/da\/wp-json\/wp\/v2\/media?parent=20619"}],"wp:term":[{"taxonomy":"product_brand","embeddable":true,"href":"https:\/\/nordicmart.andreevmaster.com\/da\/wp-json\/wp\/v2\/product_brand?post=20619"},{"taxonomy":"product_cat","embeddable":true,"href":"https:\/\/nordicmart.andreevmaster.com\/da\/wp-json\/wp\/v2\/product_cat?post=20619"},{"taxonomy":"product_tag","embeddable":true,"href":"https:\/\/nordicmart.andreevmaster.com\/da\/wp-json\/wp\/v2\/product_tag?post=20619"}],"curies":[{"name":"wp","href":"https:\/\/api.w.org\/{rel}","templated":true}]}}