{"id":20618,"date":"2026-02-27T00:09:12","date_gmt":"2026-02-27T00:09:12","guid":{"rendered":"https:\/\/nordicmart.andreevmaster.com\/product\/feber-stort-sommerhus-til-born\/"},"modified":"2026-02-27T08:53:59","modified_gmt":"2026-02-27T08:53:59","slug":"feber-stort-sommerhus-til-born","status":"publish","type":"product","link":"https:\/\/nordicmart.andreevmaster.com\/da\/vare\/feber-stort-sommerhus-til-born\/","title":{"rendered":"FEBER Stort sommerhus til b\u00f8rn"},"content":{"rendered":"<p>Sommerhuset fra FEBER er et smukt hus, der ligner en rigtig tr\u00e6hytte. Sommerhuset har en d\u00f8r og to vinduer, der kan \u00e5bnes. Huset ser robust ud, er solidt konstrueret og vil holde i mange \u00e5r. Huset passer perfekt ind i enhver have.<\/p>\n<p>Egenskaber:<\/p>\n<p>* &#8211; leget\u00f8j til b\u00f8rn fra 3 \u00e5r,<br \/>\n* &#8211; ligner \u00e6gte tr\u00e6hytter,<br \/>\n* &#8211; har en d\u00f8r og to vinduer, der kan \u00e5bnes,<br \/>\n* &#8211; solid konstruktion.<\/p>\n","protected":false},"excerpt":{"rendered":"<p>Sommerhuset fra FEBER er et smukt hus, der ligner en rigtig tr\u00e6hytte. Sommerhuset har en d\u00f8r og to vinduer, der kan \u00e5bnes. Huset ser robust ud, er solidt konstrueret og vil holde i mange \u00e5r. Huset passer perfekt ind i enhver have. Egenskaber: * &#8211; leget\u00f8j til b\u00f8rn fra 3 \u00e5r, * &#8211; ligner \u00e6gte [&hellip;]<\/p>\n","protected":false},"featured_media":0,"comment_status":"open","ping_status":"closed","template":"","meta":[],"product_brand":[],"product_cat":[31],"product_tag":[],"class_list":{"0":"post-20618","1":"product","2":"type-product","3":"status-publish","5":"product_cat-uncategorized-da","7":"first","8":"instock","9":"shipping-taxable","10":"purchasable","11":"product-type-simple"},"_links":{"self":[{"href":"https:\/\/nordicmart.andreevmaster.com\/da\/wp-json\/wp\/v2\/product\/20618","targetHints":{"allow":["GET"]}}],"collection":[{"href":"https:\/\/nordicmart.andreevmaster.com\/da\/wp-json\/wp\/v2\/product"}],"about":[{"href":"https:\/\/nordicmart.andreevmaster.com\/da\/wp-json\/wp\/v2\/types\/product"}],"replies":[{"embeddable":true,"href":"https:\/\/nordicmart.andreevmaster.com\/da\/wp-json\/wp\/v2\/comments?post=20618"}],"wp:attachment":[{"href":"https:\/\/nordicmart.andreevmaster.com\/da\/wp-json\/wp\/v2\/media?parent=20618"}],"wp:term":[{"taxonomy":"product_brand","embeddable":true,"href":"https:\/\/nordicmart.andreevmaster.com\/da\/wp-json\/wp\/v2\/product_brand?post=20618"},{"taxonomy":"product_cat","embeddable":true,"href":"https:\/\/nordicmart.andreevmaster.com\/da\/wp-json\/wp\/v2\/product_cat?post=20618"},{"taxonomy":"product_tag","embeddable":true,"href":"https:\/\/nordicmart.andreevmaster.com\/da\/wp-json\/wp\/v2\/product_tag?post=20618"}],"curies":[{"name":"wp","href":"https:\/\/api.w.org\/{rel}","templated":true}]}}