{"id":20617,"date":"2026-02-27T00:09:11","date_gmt":"2026-02-27T00:09:11","guid":{"rendered":"https:\/\/nordicmart.andreevmaster.com\/product\/feber-first-slide-vandrutsjebane-til-born\/"},"modified":"2026-02-27T08:53:59","modified_gmt":"2026-02-27T08:53:59","slug":"feber-first-slide-vandrutsjebane-til-born","status":"publish","type":"product","link":"https:\/\/nordicmart.andreevmaster.com\/da\/vare\/feber-first-slide-vandrutsjebane-til-born\/","title":{"rendered":"FEBER First Slide vandrutsjebane til b\u00f8rn"},"content":{"rendered":"<p>First Slide rutsjebanen fra det spanske m\u00e6rke FEBER er til b\u00f8rn fra 1 \u00e5r og opefter. Den er ideel som barnets f\u00f8rste rutsjebane. Den har en 2-i-1-funktion \u2013 du kan tilslutte en haveslange til rutsjebanen for at skabe en vandlegeplads, der er perfekt til varme dage. Den kan nemt foldes sammen og opbevares i garagen. Produktet er lavet af holdbart og modstandsdygtigt plast d\u00e6kket med en ANTI-UV-bel\u00e6gning, der beskytter mod falmning. <\/p>\n<p>Funktioner: <\/p>\n<p>* &#8211; leget\u00f8j til b\u00f8rn fra 12 m\u00e5neder og opefter,<br \/>\n* &#8211; 2-i-1 &#8211; Kan tilsluttes en haveslange,<br \/>\n* &#8211; kan foldes sammen, opbevares nemt og foldes hurtigt ud,<br \/>\n* &#8211; har h\u00f8je sidev\u00e6gge og afrundede kanter for behagelig og sikker leg,<br \/>\n* &#8211; har ogs\u00e5 moderne formede trin, indbyggede h\u00e5ndtag og en bred, stabil base,<br \/>\n* &#8211; plasten er d\u00e6kket med en UV-bel\u00e6gning for at bevare farvernes kvalitet i lang tid.<\/p>\n","protected":false},"excerpt":{"rendered":"<p>First Slide rutsjebanen fra det spanske m\u00e6rke FEBER er til b\u00f8rn fra 1 \u00e5r og opefter. Den er ideel som barnets f\u00f8rste rutsjebane. Den har en 2-i-1-funktion \u2013 du kan tilslutte en haveslange til rutsjebanen for at skabe en vandlegeplads, der er perfekt til varme dage. Den kan nemt foldes sammen og opbevares i garagen. [&hellip;]<\/p>\n","protected":false},"featured_media":0,"comment_status":"open","ping_status":"closed","template":"","meta":[],"product_brand":[],"product_cat":[31],"product_tag":[],"class_list":{"0":"post-20617","1":"product","2":"type-product","3":"status-publish","5":"product_cat-uncategorized-da","7":"first","8":"instock","9":"shipping-taxable","10":"purchasable","11":"product-type-simple"},"_links":{"self":[{"href":"https:\/\/nordicmart.andreevmaster.com\/da\/wp-json\/wp\/v2\/product\/20617","targetHints":{"allow":["GET"]}}],"collection":[{"href":"https:\/\/nordicmart.andreevmaster.com\/da\/wp-json\/wp\/v2\/product"}],"about":[{"href":"https:\/\/nordicmart.andreevmaster.com\/da\/wp-json\/wp\/v2\/types\/product"}],"replies":[{"embeddable":true,"href":"https:\/\/nordicmart.andreevmaster.com\/da\/wp-json\/wp\/v2\/comments?post=20617"}],"wp:attachment":[{"href":"https:\/\/nordicmart.andreevmaster.com\/da\/wp-json\/wp\/v2\/media?parent=20617"}],"wp:term":[{"taxonomy":"product_brand","embeddable":true,"href":"https:\/\/nordicmart.andreevmaster.com\/da\/wp-json\/wp\/v2\/product_brand?post=20617"},{"taxonomy":"product_cat","embeddable":true,"href":"https:\/\/nordicmart.andreevmaster.com\/da\/wp-json\/wp\/v2\/product_cat?post=20617"},{"taxonomy":"product_tag","embeddable":true,"href":"https:\/\/nordicmart.andreevmaster.com\/da\/wp-json\/wp\/v2\/product_tag?post=20617"}],"curies":[{"name":"wp","href":"https:\/\/api.w.org\/{rel}","templated":true}]}}