{"id":20616,"date":"2026-02-27T00:09:11","date_gmt":"2026-02-27T00:09:11","guid":{"rendered":"https:\/\/nordicmart.andreevmaster.com\/product\/feber-2-i-1-vandrutsjebane-hello-kitty-slide-slide-107-cm\/"},"modified":"2026-02-27T08:53:59","modified_gmt":"2026-02-27T08:53:59","slug":"feber-2-i-1-vandrutsjebane-hello-kitty-slide-slide-107-cm","status":"publish","type":"product","link":"https:\/\/nordicmart.andreevmaster.com\/da\/vare\/feber-2-i-1-vandrutsjebane-hello-kitty-slide-slide-107-cm\/","title":{"rendered":"FEBER 2-i-1 vandrutsjebane Hello Kitty Slide Slide 107 cm"},"content":{"rendered":"<p>#### Hello Kitty Feber-rutsjebane \u2013 den f\u00f8rste rutsjebane med mulighed for vandleg<\/p>\n<p>Hello Kitty-rutsjebane fra det spanske m\u00e6rke FEBER til b\u00f8rn fra 12 m\u00e5neder og opefter. Perfekt som f\u00f8rste rutsjebane \u2013 det charmerende Hello Kitty-design tilskynder til daglig udend\u00f8rs aktivitet. 2-i-1-funktion \u2013 kan tilsluttes en haveslange til vandleg, perfekt til varme dage. Det lette og sammenklappelige design g\u00f8r det nemt at samle og opbevare. Fremstillet af holdbart UV-resistent plast \u2013 farverne forbliver klare i lang tid.<\/p>\n<p>#### Produktfunktioner:<\/p>\n<p>* &#8211; Til b\u00f8rn fra 12 m\u00e5neder<br \/>\n* &#8211; Rutsjebane l\u00e6ngde: 107 cm \u2013 perfekt til de f\u00f8rste ture<br \/>\n* &#8211; 2-i-1-funktion \u2013 kan tilsluttes en haveslange<br \/>\n* &#8211; Sammenklappeligt design \u2013 nem opbevaring og hurtig samling<br \/>\n* &#8211; Afrundede kanter og h\u00f8je sidev\u00e6gge for st\u00f8rre sikkerhed<br \/>\n* &#8211; Moderne trin og h\u00e5ndtag \u2013 nemt at klatre op<br \/>\n* &#8211; Bred base for stabilitet<br \/>\n* &#8211; UV-resistent materiale \u2013 holdbare, levende farver<br \/>\n* &#8211; Maksimal belastning: 30 kg<\/p>\n","protected":false},"excerpt":{"rendered":"<p>#### Hello Kitty Feber-rutsjebane \u2013 den f\u00f8rste rutsjebane med mulighed for vandleg Hello Kitty-rutsjebane fra det spanske m\u00e6rke FEBER til b\u00f8rn fra 12 m\u00e5neder og opefter. Perfekt som f\u00f8rste rutsjebane \u2013 det charmerende Hello Kitty-design tilskynder til daglig udend\u00f8rs aktivitet. 2-i-1-funktion \u2013 kan tilsluttes en haveslange til vandleg, perfekt til varme dage. Det lette og [&hellip;]<\/p>\n","protected":false},"featured_media":0,"comment_status":"open","ping_status":"closed","template":"","meta":[],"product_brand":[],"product_cat":[31],"product_tag":[],"class_list":{"0":"post-20616","1":"product","2":"type-product","3":"status-publish","5":"product_cat-uncategorized-da","7":"first","8":"instock","9":"shipping-taxable","10":"purchasable","11":"product-type-simple"},"_links":{"self":[{"href":"https:\/\/nordicmart.andreevmaster.com\/da\/wp-json\/wp\/v2\/product\/20616","targetHints":{"allow":["GET"]}}],"collection":[{"href":"https:\/\/nordicmart.andreevmaster.com\/da\/wp-json\/wp\/v2\/product"}],"about":[{"href":"https:\/\/nordicmart.andreevmaster.com\/da\/wp-json\/wp\/v2\/types\/product"}],"replies":[{"embeddable":true,"href":"https:\/\/nordicmart.andreevmaster.com\/da\/wp-json\/wp\/v2\/comments?post=20616"}],"wp:attachment":[{"href":"https:\/\/nordicmart.andreevmaster.com\/da\/wp-json\/wp\/v2\/media?parent=20616"}],"wp:term":[{"taxonomy":"product_brand","embeddable":true,"href":"https:\/\/nordicmart.andreevmaster.com\/da\/wp-json\/wp\/v2\/product_brand?post=20616"},{"taxonomy":"product_cat","embeddable":true,"href":"https:\/\/nordicmart.andreevmaster.com\/da\/wp-json\/wp\/v2\/product_cat?post=20616"},{"taxonomy":"product_tag","embeddable":true,"href":"https:\/\/nordicmart.andreevmaster.com\/da\/wp-json\/wp\/v2\/product_tag?post=20616"}],"curies":[{"name":"wp","href":"https:\/\/api.w.org\/{rel}","templated":true}]}}